{"id":4167,"date":"2022-06-21T09:16:50","date_gmt":"2022-06-21T13:16:50","guid":{"rendered":"https:\/\/ks-team.online\/acerca-del-equipo-de-sesiones-de-conocimiento\/"},"modified":"2024-06-04T19:30:44","modified_gmt":"2024-06-04T23:30:44","slug":"acerca-del-equipo-de-sesiones-de-conocimiento","status":"publish","type":"page","link":"https:\/\/ks-team.online\/es\/acerca-del-equipo-de-sesiones-de-conocimiento\/","title":{"rendered":"ACERCA DEL EQUIPO DE SESIONES DE CONOCIMIENTO"},"content":{"rendered":"<p>[et_pb_section fb_built=\u00bb1&#8243; fullwidth=\u00bbon\u00bb _builder_version=\u00bb4.17.4&#8243; _module_preset=\u00bbdefault\u00bb global_colors_info=\u00bb{}\u00bb][et_pb_fullwidth_slider _builder_version=\u00bb4.17.4&#8243; _module_preset=\u00bbdefault\u00bb animation_style=\u00bbfade\u00bb auto=\u00bbon\u00bb global_colors_info=\u00bb{}\u00bb][et_pb_slide _builder_version=\u00bb4.17.4&#8243; _module_preset=\u00bbdefault\u00bb background_image=\u00bbhttps:\/\/ks-team.online\/wp-content\/uploads\/2023\/01\/Indonesia-Team-Inner-Page-Header-6.jpg\u00bb background_enable_image=\u00bbon\u00bb global_colors_info=\u00bb{}\u00bb sticky_transition=\u00bbon\u00bb][\/et_pb_slide][et_pb_slide _builder_version=\u00bb4.17.4&#8243; _module_preset=\u00bbdefault\u00bb background_image=\u00bbhttps:\/\/ks-team.online\/wp-content\/uploads\/2023\/01\/Miami-Team-Inner-Page-Header-1.jpg\u00bb background_enable_image=\u00bbon\u00bb global_colors_info=\u00bb{}\u00bb sticky_transition=\u00bbon\u00bb][\/et_pb_slide][et_pb_slide _builder_version=\u00bb4.17.4&#8243; _module_preset=\u00bbdefault\u00bb background_image=\u00bbhttps:\/\/ks-team.online\/wp-content\/uploads\/2023\/01\/Indo-Early-Inner-Page-Header.jpg\u00bb background_enable_image=\u00bbon\u00bb global_colors_info=\u00bb{}\u00bb sticky_transition=\u00bbon\u00bb][\/et_pb_slide][\/et_pb_fullwidth_slider][\/et_pb_section][et_pb_section fb_built=\u00bb1&#8243; _builder_version=\u00bb4.17.4&#8243; _module_preset=\u00bbdefault\u00bb custom_padding=\u00bb34px|||||\u00bb global_colors_info=\u00bb{}\u00bb][et_pb_row _builder_version=\u00bb4.17.4&#8243; _module_preset=\u00bbdefault\u00bb custom_padding=\u00bb18px|||||\u00bb global_colors_info=\u00bb{}\u00bb][et_pb_column type=\u00bb4_4&#8243; _builder_version=\u00bb4.17.4&#8243; _module_preset=\u00bbdefault\u00bb global_colors_info=\u00bb{}\u00bb][et_pb_text _builder_version=\u00bb4.17.4&#8243; _module_preset=\u00bbdefault\u00bb text_font=\u00bb||||||||\u00bb text_font_size=\u00bb20px\u00bb text_line_height=\u00bb1.75em\u00bb header_font=\u00bbLato|700||on|||||\u00bb header_2_font=\u00bbLato|700|||||||\u00bb header_2_line_height=\u00bb1.8em\u00bb header_3_font=\u00bbLato|700|||||||\u00bb header_3_line_height=\u00bb1.6em\u00bb custom_padding=\u00bb||18px|||\u00bb inline_fonts=\u00bbLato\u00bb global_colors_info=\u00bb{}\u00bb]<\/p>\n<h2>ACERCA DEL EQUIPO DE SESIONES DE CONOCIMIENTO<\/h2>\n<p style=\"font-weight: 400;\">El equipo de Sesiones de Conocimiento, es un equipo global, que proporciona apoyo a las personas interesadas en aprender, o revisar, las t\u00e9cnicas del Conocimiento de Prem Rawat.<\/p>\n<p style=\"font-weight: 400;\">Los miembros del equipo, que actualmente se encuentran distribuidos por 45 pa\u00edses alrededor del mundo, trabajan juntos con un solo prop\u00f3sito y con est\u00e1ndares y metas comunes.<span>  <\/span>Los equipos de coordinaci\u00f3n en las diferentes zonas, organizan eventos locales, en los cuales se pueden aprender las t\u00e9cnicas del Conocimiento o participar en una Revisi\u00f3n de Conocimiento. Un Facilitador local de Sesiones de Conocimiento, asegura que la presentaci\u00f3n del programa audiovisual desarrollado por Prem Rawat sea fluida y ocurra en un entorno que facilite el aprendizaje y la pr\u00e1ctica de las t\u00e9cnicas del Conocimiento.<\/p>\n<p style=\"font-weight: 400;\">Motivado por una visi\u00f3n de excelencia, el equipo promueve el respeto, la dignidad y un compromiso con esta funci\u00f3n especial. Cada facilitador de Sesiones de Conocimiento, ha sido entrenado y autorizado para atender a los asistentes, tanto en las Sesiones como en las Revisiones de Conocimiento, y participa en entrenamientos de revalidaci\u00f3n que tienen lugar cada seis meses. El entrenamiento de trabajo en equipo mejora la capacidad del mismo para colaborar, comunicarse y encontrar las mejores estrategias.<\/p>\n<p style=\"font-weight: 400;\"><span>Cada miembro del equipo ofrece voluntariamente su tiempo para ayudar a las personas que desean aprender y practicar el Conocimiento, lo hace en agradecimiento por haber recibido el regalo del Conocimiento.<\/span><\/p>\n<p>[\/et_pb_text][\/et_pb_column][\/et_pb_row][\/et_pb_section][et_pb_section fb_built=\u00bb1&#8243; _builder_version=\u00bb4.25.1&#8243; _module_preset=\u00bbdefault\u00bb background_color=\u00bb#444444&#8243; custom_margin=\u00bb||||false|false\u00bb custom_padding=\u00bb5px||5px||false|false\u00bb global_colors_info=\u00bb{}\u00bb theme_builder_area=\u00bbpost_content\u00bb][et_pb_row _builder_version=\u00bb4.25.1&#8243; _module_preset=\u00bbdefault\u00bb custom_padding=\u00bb||4px||false|false\u00bb global_colors_info=\u00bb{}\u00bb theme_builder_area=\u00bbpost_content\u00bb][et_pb_column type=\u00bb4_4&#8243; _builder_version=\u00bb4.25.1&#8243; _module_preset=\u00bbdefault\u00bb global_colors_info=\u00bb{}\u00bb theme_builder_area=\u00bbpost_content\u00bb][et_pb_text _builder_version=\u00bb4.25.1&#8243; _module_preset=\u00bbdefault\u00bb text_text_color=\u00bb#cccccc\u00bb text_orientation=\u00bbcenter\u00bb global_colors_info=\u00bb{}\u00bb theme_builder_area=\u00bbpost_content\u00bb]\u00a92024 Prem Rawat. Todos los derechos reservados.<br \/>Al utilizar este sitio web aceptas los cookies y la recopilaci\u00f3n de ciertos datos.<br \/>Por favor, revisa nuestra <a href=\"https:\/\/ks-team.online\/es\/politica-de-privacidad\/\">Pol\u00edtica de privacidad<\/a>.[\/et_pb_text][\/et_pb_column][\/et_pb_row][\/et_pb_section]<\/p>\n","protected":false},"excerpt":{"rendered":"<p>ACERCA DEL EQUIPO DE SESIONES DE CONOCIMIENTO El equipo de Sesiones de Conocimiento, es un equipo global, que proporciona apoyo a las personas interesadas en aprender, o revisar, las t\u00e9cnicas del Conocimiento de Prem Rawat. Los miembros del equipo, que actualmente se encuentran distribuidos por 45 pa\u00edses alrededor del mundo, trabajan juntos con un solo [&hellip;]<\/p>\n","protected":false},"author":3,"featured_media":0,"parent":0,"menu_order":0,"comment_status":"closed","ping_status":"closed","template":"","meta":{"_et_pb_use_builder":"on","_et_pb_old_content":"","_et_gb_content_width":"","footnotes":""},"class_list":["post-4167","page","type-page","status-publish","hentry"],"_links":{"self":[{"href":"https:\/\/ks-team.online\/es\/wp-json\/wp\/v2\/pages\/4167","targetHints":{"allow":["GET"]}}],"collection":[{"href":"https:\/\/ks-team.online\/es\/wp-json\/wp\/v2\/pages"}],"about":[{"href":"https:\/\/ks-team.online\/es\/wp-json\/wp\/v2\/types\/page"}],"author":[{"embeddable":true,"href":"https:\/\/ks-team.online\/es\/wp-json\/wp\/v2\/users\/3"}],"replies":[{"embeddable":true,"href":"https:\/\/ks-team.online\/es\/wp-json\/wp\/v2\/comments?post=4167"}],"version-history":[{"count":3,"href":"https:\/\/ks-team.online\/es\/wp-json\/wp\/v2\/pages\/4167\/revisions"}],"predecessor-version":[{"id":6263,"href":"https:\/\/ks-team.online\/es\/wp-json\/wp\/v2\/pages\/4167\/revisions\/6263"}],"wp:attachment":[{"href":"https:\/\/ks-team.online\/es\/wp-json\/wp\/v2\/media?parent=4167"}],"curies":[{"name":"wp","href":"https:\/\/api.w.org\/{rel}","templated":true}]}}