{"id":4170,"date":"2022-06-21T19:15:32","date_gmt":"2022-06-21T23:15:32","guid":{"rendered":"https:\/\/ks-team.online\/la-sesion-de-conocimiento\/"},"modified":"2025-04-11T17:28:27","modified_gmt":"2025-04-11T21:28:27","slug":"la-sesion-de-conocimiento","status":"publish","type":"page","link":"https:\/\/ks-team.online\/es\/la-sesion-de-conocimiento\/","title":{"rendered":"LA SESI\u00d3N DE CONOCIMIENTO"},"content":{"rendered":"<p>[et_pb_section fb_built=\u00bb1&#8243; fullwidth=\u00bbon\u00bb _builder_version=\u00bb4.17.4&#8243; _module_preset=\u00bbdefault\u00bb global_colors_info=\u00bb{}\u00bb][et_pb_fullwidth_image src=\u00bbhttps:\/\/ks-team.online\/wp-content\/uploads\/2023\/01\/Milan-Inner-Header.jpg\u00bb title_text=\u00bbMilan\u00bb _builder_version=\u00bb4.17.4&#8243; _module_preset=\u00bbdefault\u00bb global_colors_info=\u00bb{}\u00bb][\/et_pb_fullwidth_image][\/et_pb_section][et_pb_section fb_built=\u00bb1&#8243; _builder_version=\u00bb4.17.4&#8243; _module_preset=\u00bbdefault\u00bb global_colors_info=\u00bb{}\u00bb][et_pb_row _builder_version=\u00bb4.17.4&#8243; _module_preset=\u00bbdefault\u00bb custom_padding=\u00bb18px|||||\u00bb global_colors_info=\u00bb{}\u00bb][et_pb_column type=\u00bb4_4&#8243; _builder_version=\u00bb4.17.4&#8243; _module_preset=\u00bbdefault\u00bb global_colors_info=\u00bb{}\u00bb][et_pb_text _builder_version=\u00bb4.17.4&#8243; _module_preset=\u00bbdefault\u00bb text_font=\u00bb||||||||\u00bb text_font_size=\u00bb20px\u00bb text_line_height=\u00bb1.75em\u00bb header_font=\u00bbLato|700||on|||||\u00bb header_2_font=\u00bbLato|700|||||||\u00bb header_2_line_height=\u00bb1.8em\u00bb header_3_font=\u00bbLato|700|||||||\u00bb header_3_line_height=\u00bb1.6em\u00bb custom_margin=\u00bb||12px|||\u00bb custom_padding=\u00bb||0px|||\u00bb inline_fonts=\u00bbLato\u00bb global_colors_info=\u00bb{}\u00bb]<\/p>\n<h2>LA SESI\u00d3N DE CONOCIMIENTO<\/h2>\n<p>[\/et_pb_text][et_pb_testimonial _builder_version=\u00bb4.17.4&#8243; _module_preset=\u00bbdefault\u00bb body_font_size=\u00bb20px\u00bb body_line_height=\u00bb1.75em\u00bb author_font=\u00bb|600|||||||\u00bb author_text_align=\u00bbleft\u00bb author_line_height=\u00bb1em\u00bb custom_margin=\u00bb||||false|false\u00bb global_colors_info=\u00bb{}\u00bb]<\/p>\n<p><span>\u201cLo que ofrezco son m\u00e1s que palabras. Ofrezco una manera de acceder a la experiencia de paz y plenitud. Lo llamo Conocimiento.\u201d<br \/><em>-Prem Rawat<\/em><\/span><span><\/span><\/p>\n<p>[\/et_pb_testimonial][et_pb_text _builder_version=\u00bb4.17.4&#8243; _module_preset=\u00bbdefault\u00bb text_font_size=\u00bb18px\u00bb text_line_height=\u00bb1.8em\u00bb custom_margin=\u00bb||24px||false|false\u00bb custom_padding=\u00bb||||false|false\u00bb global_colors_info=\u00bb{}\u00bb]<\/p>\n<p><span>Prem Rawat ofrece una una forma de descubrir la paz interior a la que llama Conocimiento.<\/span><\/p>\n<p><span>Cuatro t\u00e9cnicas pr\u00e1cticas que permiten a una persona centrar su atenci\u00f3n en su interior para experimentar la paz que reside ah\u00ed. Estas t\u00e9cnicas se llaman Conocimiento. Estas t\u00e9cnicas se llaman Conocimiento.<\/span><\/p>\n<p>Si has visto todos los videos requeridos del PEAK, puedes solicitar una Sesi\u00f3n de Conocimiento. Si quieres aprender m\u00e1s sobre el PEAK, haga click abajo.<\/p>\n<p>[\/et_pb_text][et_pb_toggle title=\u00bbSaber m\u00e1s sobre el PEAK.\u00bb _builder_version=\u00bb4.17.4&#8243; _module_preset=\u00bbdefault\u00bb title_font=\u00bb|600|||||||\u00bb body_font_size=\u00bb16px\u00bb custom_margin=\u00bb||||false|false\u00bb custom_padding=\u00bb||||false|false\u00bb global_colors_info=\u00bb{}\u00bb disabled_on=\u00bbon|on|on\u00bb disabled=\u00bbon\u00bb]<span>El PEAK es un programa de educaci\u00f3n para ayudarte a explorar tu propio potencial, descubrirte a ti mismo, descubrir tus propios recursos y hallar la paz que se encuentra en tu coraz\u00f3n.<\/span><\/p>\n<p><span>El PEAK consiste en nueve cap\u00edtulos que cubren temas desde un nuevo \u00e1ngulo para reflexionar, reconsiderar y redescubrir lo que siempre has sabido. La felicidad, la esperanza y la paz siempre est\u00e1n al alcance de cualquier ser humano. Est\u00e1n dentro de nosotros dondequiera que vayamos. Hagamos lo que hagamos, las llevamos con nosotros.<\/span><\/p>\n<p><span>Una vez que hayas completado las nueve series, hay un cap\u00edtulo adicional, la Sesi\u00f3n de Conocimiento, en la cual puedes aprender unas t\u00e9cnicas pr\u00e1cticas para empezar a conectarte con la paz que reside en tu coraz\u00f3n. Las t\u00e9cnicas del Conocimiento te permiten llevar tu concentraci\u00f3n desde el exterior a tu interior, donde, en tu coraz\u00f3n, puedes sentir y comprender quien eres realmente.<\/span><\/p>\n<p><span><i>Disponible en Ingl\u00e9s, Espa\u00f1ol, Franc\u00e9s e Italiano.<\/i><\/span><\/p>\n<p><span>Consigue el PEAK a trav\u00e9s de la app de TimelessToday como apoyo en tu viaje hacia el conocimiento de uno mismo.<\/span><\/p>\n<p><span><a href=\"https:\/\/play.google.com\/store\/apps\/details?id=com.app.timelesstoday\" target=\"blank\" rel=\"noopener\">For Android<\/a><\/span><\/p>\n<p><span><a href=\"https:\/\/itunes.apple.com\/us\/app\/timelesstoday\/id1296216379?mt=8\" target=\"blank\" rel=\"noopener\">For iPhone &amp; iPad<\/a><\/span>[\/et_pb_toggle][et_pb_button button_url=\u00bbhttps:\/\/www.intelligentexistence.com\/peak-spanish\/\u00bb button_text=\u00bbSaber m\u00e1s sobre el PEAK.\u00bb button_alignment=\u00bbcenter\u00bb disabled_on=\u00bboff|off|off\u00bb _builder_version=\u00bb4.27.4&#8243; _module_preset=\u00bbdefault\u00bb custom_button=\u00bbon\u00bb button_text_size=\u00bb13px\u00bb button_text_color=\u00bb#FFFFFF\u00bb button_bg_color=\u00bbrgba(64,92,115,0.92)\u00bb button_border_width=\u00bb0px\u00bb button_border_radius=\u00bb6px\u00bb button_letter_spacing=\u00bb1px\u00bb button_font=\u00bbLato|700||on|||||\u00bb button_use_icon=\u00bboff\u00bb custom_margin=\u00bb32px||||false|false\u00bb custom_padding=\u00bb10px|30px|10px|30px\u00bb hover_enabled=\u00bb0&#8243; button_letter_spacing_hover=\u00bb1px\u00bb button_bg_color_hover=\u00bbrgba(60,57,230,0.2)\u00bb locked=\u00bboff\u00bb global_colors_info=\u00bb{}\u00bb button_text_size__hover_enabled=\u00bboff\u00bb button_one_text_size__hover_enabled=\u00bboff\u00bb button_two_text_size__hover_enabled=\u00bboff\u00bb button_text_color__hover_enabled=\u00bboff\u00bb button_one_text_color__hover_enabled=\u00bboff\u00bb button_two_text_color__hover_enabled=\u00bboff\u00bb button_border_width__hover_enabled=\u00bboff\u00bb button_one_border_width__hover_enabled=\u00bboff\u00bb button_two_border_width__hover_enabled=\u00bboff\u00bb button_border_color__hover_enabled=\u00bboff\u00bb button_one_border_color__hover_enabled=\u00bboff\u00bb button_two_border_color__hover_enabled=\u00bboff\u00bb button_border_radius__hover_enabled=\u00bboff\u00bb button_one_border_radius__hover_enabled=\u00bboff\u00bb button_two_border_radius__hover_enabled=\u00bboff\u00bb button_letter_spacing__hover_enabled=\u00bbon\u00bb button_letter_spacing__hover=\u00bb1px\u00bb button_one_letter_spacing__hover_enabled=\u00bboff\u00bb button_two_letter_spacing__hover_enabled=\u00bboff\u00bb button_bg_color__hover_enabled=\u00bbon|hover\u00bb button_bg_color__hover=\u00bbrgba(44,99,165,0.92)\u00bb button_one_bg_color__hover_enabled=\u00bboff\u00bb button_two_bg_color__hover_enabled=\u00bboff\u00bb button_bg_enable_color__hover=\u00bbon\u00bb url_new_window=\u00bbon\u00bb sticky_enabled=\u00bb0&#8243;][\/et_pb_button][et_pb_button button_url=\u00bb@ET-DC@eyJkeW5hbWljIjp0cnVlLCJjb250ZW50IjoicG9zdF9saW5rX3VybF9wYWdlIiwic2V0dGluZ3MiOnsicG9zdF9pZCI6IjExMTUifX0=@\u00bb button_text=\u00bbSolicitar un Sesi\u00f3n de Conocimiento\u00bb button_alignment=\u00bbleft\u00bb disabled_on=\u00bbon|on|on\u00bb _builder_version=\u00bb4.17.4&#8243; _dynamic_attributes=\u00bbbutton_url\u00bb _module_preset=\u00bbdefault\u00bb custom_button=\u00bbon\u00bb button_text_size=\u00bb13px\u00bb button_text_color=\u00bb#FFFFFF\u00bb button_bg_color=\u00bbrgba(64,92,115,0.92)\u00bb button_border_width=\u00bb0px\u00bb button_border_radius=\u00bb6px\u00bb button_letter_spacing=\u00bb1px\u00bb button_font=\u00bbLato|700||on|||||\u00bb button_use_icon=\u00bboff\u00bb custom_margin=\u00bb32px||||false|false\u00bb custom_padding=\u00bb10px|30px|10px|30px\u00bb button_letter_spacing_hover=\u00bb1px\u00bb button_bg_color_hover=\u00bbrgba(60,57,230,0.2)\u00bb disabled=\u00bbon\u00bb locked=\u00bboff\u00bb global_colors_info=\u00bb{}\u00bb button_text_size__hover_enabled=\u00bboff\u00bb button_one_text_size__hover_enabled=\u00bboff\u00bb button_two_text_size__hover_enabled=\u00bboff\u00bb button_text_color__hover_enabled=\u00bboff\u00bb button_one_text_color__hover_enabled=\u00bboff\u00bb button_two_text_color__hover_enabled=\u00bboff\u00bb button_border_width__hover_enabled=\u00bboff\u00bb button_one_border_width__hover_enabled=\u00bboff\u00bb button_two_border_width__hover_enabled=\u00bboff\u00bb button_border_color__hover_enabled=\u00bboff\u00bb button_one_border_color__hover_enabled=\u00bboff\u00bb button_two_border_color__hover_enabled=\u00bboff\u00bb button_border_radius__hover_enabled=\u00bboff\u00bb button_one_border_radius__hover_enabled=\u00bboff\u00bb button_two_border_radius__hover_enabled=\u00bboff\u00bb button_letter_spacing__hover_enabled=\u00bbon\u00bb button_letter_spacing__hover=\u00bb1px\u00bb button_one_letter_spacing__hover_enabled=\u00bboff\u00bb button_two_letter_spacing__hover_enabled=\u00bboff\u00bb button_bg_color__hover_enabled=\u00bbon|hover\u00bb button_bg_color__hover=\u00bbrgba(44,99,165,0.92)\u00bb button_one_bg_color__hover_enabled=\u00bboff\u00bb button_two_bg_color__hover_enabled=\u00bboff\u00bb button_bg_enable_color__hover=\u00bbon\u00bb][\/et_pb_button][\/et_pb_column][\/et_pb_row][\/et_pb_section][et_pb_section fb_built=\u00bb1&#8243; _builder_version=\u00bb4.25.1&#8243; _module_preset=\u00bbdefault\u00bb background_color=\u00bb#444444&#8243; custom_margin=\u00bb||||false|false\u00bb custom_padding=\u00bb5px||5px||false|false\u00bb global_colors_info=\u00bb{}\u00bb][et_pb_row _builder_version=\u00bb4.25.1&#8243; _module_preset=\u00bbdefault\u00bb custom_padding=\u00bb||4px||false|false\u00bb global_colors_info=\u00bb{}\u00bb][et_pb_column type=\u00bb4_4&#8243; _builder_version=\u00bb4.25.1&#8243; _module_preset=\u00bbdefault\u00bb global_colors_info=\u00bb{}\u00bb][et_pb_text _builder_version=\u00bb4.25.1&#8243; _module_preset=\u00bbdefault\u00bb text_text_color=\u00bb#cccccc\u00bb text_orientation=\u00bbcenter\u00bb global_colors_info=\u00bb{}\u00bb]\u00a92024 Prem Rawat. Todos los derechos reservados.<br \/>Al utilizar este sitio web aceptas los cookies y la recopilaci\u00f3n de ciertos datos.<br \/>Por favor, revisa nuestra <a href=\"https:\/\/ks-team.online\/es\/politica-de-privacidad\/\">Pol\u00edtica de privacidad<\/a>.[\/et_pb_text][\/et_pb_column][\/et_pb_row][\/et_pb_section]<\/p>\n","protected":false},"excerpt":{"rendered":"<p>LA SESI\u00d3N DE CONOCIMIENTO\u201cLo que ofrezco son m\u00e1s que palabras. Ofrezco una manera de acceder a la experiencia de paz y plenitud. Lo llamo Conocimiento.\u201d-Prem RawatPrem Rawat ofrece una una forma de descubrir la paz interior a la que llama Conocimiento. Cuatro t\u00e9cnicas pr\u00e1cticas que permiten a una persona centrar su atenci\u00f3n en su interior [&hellip;]<\/p>\n","protected":false},"author":3,"featured_media":0,"parent":0,"menu_order":0,"comment_status":"closed","ping_status":"closed","template":"","meta":{"_et_pb_use_builder":"on","_et_pb_old_content":"","_et_gb_content_width":"","footnotes":""},"class_list":["post-4170","page","type-page","status-publish","hentry"],"_links":{"self":[{"href":"https:\/\/ks-team.online\/es\/wp-json\/wp\/v2\/pages\/4170","targetHints":{"allow":["GET"]}}],"collection":[{"href":"https:\/\/ks-team.online\/es\/wp-json\/wp\/v2\/pages"}],"about":[{"href":"https:\/\/ks-team.online\/es\/wp-json\/wp\/v2\/types\/page"}],"author":[{"embeddable":true,"href":"https:\/\/ks-team.online\/es\/wp-json\/wp\/v2\/users\/3"}],"replies":[{"embeddable":true,"href":"https:\/\/ks-team.online\/es\/wp-json\/wp\/v2\/comments?post=4170"}],"version-history":[{"count":10,"href":"https:\/\/ks-team.online\/es\/wp-json\/wp\/v2\/pages\/4170\/revisions"}],"predecessor-version":[{"id":6341,"href":"https:\/\/ks-team.online\/es\/wp-json\/wp\/v2\/pages\/4170\/revisions\/6341"}],"wp:attachment":[{"href":"https:\/\/ks-team.online\/es\/wp-json\/wp\/v2\/media?parent=4170"}],"curies":[{"name":"wp","href":"https:\/\/api.w.org\/{rel}","templated":true}]}}