{"id":4179,"date":"2022-06-05T17:50:02","date_gmt":"2022-06-05T21:50:02","guid":{"rendered":"https:\/\/ks-team.online\/revision-de-conocimiento\/"},"modified":"2024-06-04T19:32:17","modified_gmt":"2024-06-04T23:32:17","slug":"revision-de-conocimiento","status":"publish","type":"page","link":"https:\/\/ks-team.online\/es\/revision-de-conocimiento\/","title":{"rendered":"REVISION DE CONOCIMIENTO"},"content":{"rendered":"<p>[et_pb_section fb_built=\u00bb1&#8243; fullwidth=\u00bbon\u00bb _builder_version=\u00bb4.17.4&#8243; _module_preset=\u00bbdefault\u00bb global_colors_info=\u00bb{}\u00bb][et_pb_fullwidth_image src=\u00bbhttps:\/\/ks-team.online\/wp-content\/uploads\/2023\/01\/KL-Inner-Header.jpg\u00bb title_text=\u00bbRevision de Conocimiento\u00bb _builder_version=\u00bb4.17.4&#8243; _module_preset=\u00bbdefault\u00bb global_colors_info=\u00bb{}\u00bb][\/et_pb_fullwidth_image][\/et_pb_section][et_pb_section fb_built=\u00bb1&#8243; _builder_version=\u00bb4.17.4&#8243; _module_preset=\u00bbdefault\u00bb global_colors_info=\u00bb{}\u00bb][et_pb_row _builder_version=\u00bb4.17.4&#8243; _module_preset=\u00bbdefault\u00bb custom_padding=\u00bb18px|||||\u00bb global_colors_info=\u00bb{}\u00bb][et_pb_column type=\u00bb4_4&#8243; _builder_version=\u00bb4.17.4&#8243; _module_preset=\u00bbdefault\u00bb global_colors_info=\u00bb{}\u00bb][et_pb_text _builder_version=\u00bb4.17.4&#8243; _module_preset=\u00bbdefault\u00bb text_font=\u00bb||||||||\u00bb text_font_size=\u00bb20px\u00bb text_line_height=\u00bb1.75em\u00bb header_font=\u00bbLato|700||on|||||\u00bb header_2_font=\u00bbLato|700|||||||\u00bb header_2_line_height=\u00bb1.8em\u00bb header_3_font=\u00bbLato|700|||||||\u00bb header_3_line_height=\u00bb1.6em\u00bb custom_padding=\u00bb||18px|||\u00bb inline_fonts=\u00bbLato\u00bb global_colors_info=\u00bb{}\u00bb]<\/p>\n<h2>REVISION DE CONOCIMIENTO<\/h2>\n<p>Las Revisiones de Conocimiento est\u00e1n disponibles para aquellos que han aprendido las t\u00e9cnicas del Conocimiento que ense\u00f1a Prem Rawat. Las Revisiones de Conocimiento est\u00e1n disponibles de forma continua y se programan seg\u00fan la disponibilidad de los equipos de Sesiones de Conocimiento y de la planificaci\u00f3n de Sesiones de Conocimiento en las diferentes zonas. En una Revisi\u00f3n de Conocimiento tendr\u00e1s la oportunidad de revisar y practicar las t\u00e9cnicas mostradas por Prem a trav\u00e9s de un formato audiovisual creado para este prop\u00f3sito.<\/p>\n<p>Estar\u00e1 presente un facilitador autorizado para proporcionar asistencia si es necesario.<\/p>\n<h3><strong><span style=\"font-family: Lato;\">Smart Cards<\/span><\/strong><\/h3>\n<p>Para asistir a Revisiones de Conocimiento es necesario inscribirse con una tarjeta \u201cSmart Card.\u201d La \u00fanica limitaci\u00f3n de asistencia es s\u00f3lo la disponibilidad de espacio. Cualquier persona con una tarjeta Smart Card v\u00e1lida puede asistir.<\/p>\n<p>Si quieres asistir a una Revisi\u00f3n de Conocimiento y no tienes una tarjeta Smart Card, solic\u00edtala por favor, con antelaci\u00f3n a la Revisi\u00f3n de Conocimiento. El equipo de Smart Card te ayudar\u00e1 a acelerar tu solicitud. <a href=\"http:\/\/apply.smartcardadmin.org\">http:\/\/apply.smartcardadmin.org<\/a><\/p>\n<p>&nbsp;<\/p>\n<h3>Solicitar una Revisi\u00f3n de Conocimiento<\/h3>\n<div class=\"forminator-ui forminator-custom-form forminator-custom-form-4428 forminator-design--material  forminator_ajax\" data-forminator-render=\"0\" data-form=\"forminator-module-4428\" data-uid=\"69e23e4d5dae2\"><br\/><\/div><form\n\t\t\t\tid=\"forminator-module-4428\"\n\t\t\t\tclass=\"forminator-ui forminator-custom-form forminator-custom-form-4428 forminator-design--material  forminator_ajax\"\n\t\t\t\tmethod=\"post\"\n\t\t\t\tdata-forminator-render=\"0\"\n\t\t\t\tdata-form-id=\"4428\"\n\t\t\t\t\n\t\t\t\tdata-design=\"material\"\n\t\t\t\t\n\t\t\t\t\n\t\t\t\t\n\t\t\t\tdata-grid=\"open\"\n\t\t\t\t\n\t\t\t\t\n\t\t\t\tstyle=\"display: none;\"\n\t\t\t\t\n\t\t\t\tdata-uid=\"69e23e4d5dae2\"\n\t\t\t><div role=\"alert\" aria-live=\"polite\" class=\"forminator-response-message forminator-error\" aria-hidden=\"true\"><\/div><div class=\"forminator-row\"><div id=\"name-1\" class=\"forminator-field-name forminator-col forminator-col-12 \"><div class=\"forminator-row forminator-no-margin\" data-multiple=\"true\"><div class=\"forminator-col forminator-col-md-6\"><div class=\"forminator-field\"><label for=\"forminator-field-first-name-1_69e23e4d5dae2\" id=\"forminator-field-first-name-1_69e23e4d5dae2-label\" class=\"forminator-label\">Nombre <span class=\"forminator-required\">*<\/span><\/label><input type=\"text\" name=\"name-1-first-name\" placeholder=\"E.g. John\" id=\"forminator-field-first-name-1_69e23e4d5dae2\" class=\"forminator-input\" aria-required=\"true\" data-multi=\"1\" value=\"\" \/><\/div><\/div><div class=\"forminator-col forminator-col-md-6\"><div class=\"forminator-field\"><label for=\"forminator-field-last-name-1_69e23e4d5dae2\" id=\"forminator-field-last-name-1_69e23e4d5dae2-label\" class=\"forminator-label\">Apellido <span class=\"forminator-required\">*<\/span><\/label><input type=\"text\" name=\"name-1-last-name\" placeholder=\"E.g. Doe\" id=\"forminator-field-last-name-1_69e23e4d5dae2\" class=\"forminator-input\" aria-required=\"true\" data-multi=\"1\" value=\"\" \/><\/div><\/div><\/div><\/div><\/div><div class=\"forminator-row\"><div id=\"email-1\" class=\"forminator-field-email forminator-col forminator-col-12 \"><div class=\"forminator-field\"><label for=\"forminator-field-email-1_69e23e4d5dae2\" id=\"forminator-field-email-1_69e23e4d5dae2-label\" class=\"forminator-label\">Direccion de email <span class=\"forminator-required\">*<\/span><\/label><input type=\"email\" name=\"email-1\" value=\"\" placeholder=\"E.g. john@doe.com\" id=\"forminator-field-email-1_69e23e4d5dae2\" class=\"forminator-input forminator-email--field\" data-required=\"1\" aria-required=\"true\" \/><\/div><\/div><\/div><div class=\"forminator-row\"><div id=\"address-1\" class=\"forminator-field-address forminator-col forminator-col-12 \"><div class=\"forminator-row\" data-multiple=\"true\"><div id=\"address-1-city\" class=\"forminator-col forminator-col-6\"><div class=\"forminator-field\"><label for=\"forminator-field-address-1-city_69e23e4d5dae2\" id=\"forminator-field-address-1-city_69e23e4d5dae2-label\" class=\"forminator-label\">Ciudad <span class=\"forminator-required\">*<\/span><\/label><input type=\"text\" name=\"address-1-city\" placeholder=\"E.g. Sydney\" id=\"forminator-field-address-1-city_69e23e4d5dae2\" class=\"forminator-input\" data-required=\"1\" aria-required=\"true\" value=\"\" \/><\/div><\/div><div id=\"address-1-state\" class=\"forminator-col forminator-col-6\"><div class=\"forminator-field\"><label for=\"forminator-field-address-1-state_69e23e4d5dae2\" id=\"forminator-field-address-1-state_69e23e4d5dae2-label\" class=\"forminator-label\">Provincia <span class=\"forminator-required\">*<\/span><\/label><input type=\"text\" name=\"address-1-state\" placeholder=\"E.g. New South Wales\" id=\"forminator-field-address-1-state_69e23e4d5dae2\" class=\"forminator-input\" data-required=\"1\" aria-required=\"true\" value=\"\" \/><\/div><\/div><\/div><\/div><\/div><div class=\"forminator-row\"><div id=\"text-5\" class=\"forminator-field-text forminator-col forminator-col-12 \"><div class=\"forminator-field\"><label for=\"forminator-field-text-5_69e23e4d5dae2\" id=\"forminator-field-text-5_69e23e4d5dae2-label\" class=\"forminator-label\">Pais <span class=\"forminator-required\">*<\/span><\/label><input type=\"text\" name=\"text-5\" value=\"\" placeholder=\"E.g. Country\" id=\"forminator-field-text-5_69e23e4d5dae2\" class=\"forminator-input forminator-name--field\" data-required=\"1\" \/><\/div><\/div><\/div><div class=\"forminator-row\"><div id=\"text-4\" class=\"forminator-field-text forminator-col forminator-col-12 \"><div class=\"forminator-field\"><label for=\"forminator-field-text-4_69e23e4d5dae2\" id=\"forminator-field-text-4_69e23e4d5dae2-label\" class=\"forminator-label\">N\u00famero de Smart Card <span class=\"forminator-required\">*<\/span><\/label><input type=\"text\" name=\"text-4\" value=\"\" placeholder=\"E.g. text placeholder\" id=\"forminator-field-text-4_69e23e4d5dae2\" class=\"forminator-input forminator-name--field\" data-required=\"1\" \/><\/div><\/div><\/div><div class=\"forminator-row\"><div id=\"phone-1\" class=\"forminator-field-phone forminator-col forminator-col-12 \"><div class=\"forminator-field\"><label for=\"forminator-field-phone-1_69e23e4d5dae2\" id=\"forminator-field-phone-1_69e23e4d5dae2-label\" class=\"forminator-label\">Tel\u00e9fono <span class=\"forminator-required\">*<\/span><\/label><input type=\"text\" name=\"phone-1\" value=\"\" placeholder=\"E.g. +1 3004005000\" id=\"forminator-field-phone-1_69e23e4d5dae2\" class=\"forminator-input forminator-field--phone\" data-required=\"1\" aria-required=\"true\" autocomplete=\"off\" data-national_mode=\"disabled\" data-country=\"US\" data-validation=\"international\" \/><\/div><\/div><\/div><div class=\"forminator-row\"><div id=\"textarea-1\" class=\"forminator-field-textarea forminator-col forminator-col-12 \"><div class=\"forminator-field\"><label for=\"forminator-field-textarea-1_69e23e4d5dae2\" id=\"forminator-field-textarea-1_69e23e4d5dae2-label\" class=\"forminator-label\">Mensaje:<\/label><textarea name=\"textarea-1\" placeholder=\"Enter your message...\" id=\"forminator-field-textarea-1_69e23e4d5dae2\" class=\"forminator-textarea\" rows=\"6\" style=\"min-height:140px;\" maxlength=\"300\" ><\/textarea><span id=\"forminator-field-textarea-1_69e23e4d5dae2-description\" class=\"forminator-description\"><span data-limit=\"300\" data-type=\"characters\" data-editor=\"\">0 \/ 300<\/span><\/span><\/div><\/div><\/div><div class=\"forminator-row\"><div id=\"consent-1\" class=\"forminator-field-consent forminator-col forminator-col-12 \"><div class=\"forminator-field\"><label for=\"forminator-field-consent-1_69e23e4d5dae2\" id=\"forminator-field-consent-1_69e23e4d5dae2-label\" class=\"forminator-label\">Consentimiento <span class=\"forminator-required\">*<\/span><\/label><div class=\"forminator-checkbox__wrapper\"><label for=\"forminator-field-consent-1_69e23e4d5dae2\" id=\"forminator-field-consent-1_69e23e4d5dae2__label\" class=\"forminator-checkbox forminator-consent\"><input type=\"checkbox\" name=\"consent-1\" id=\"forminator-field-consent-1_69e23e4d5dae2\" value=\"checked\" aria-labelledby=\"forminator-field-consent-1_69e23e4d5dae2-label\" aria-describedby=\"forminator-field-consent-1_69e23e4d5dae2__description\" data-required=\"true\" aria-required=\"true\" \/><span class=\"forminator-checkbox-box\" aria-hidden=\"true\"><\/span><\/label><div id=\"forminator-field-consent-1_69e23e4d5dae2__description\" class=\"forminator-checkbox__label forminator-consent__label\"><p style=\"font-weight: 400\">S\u00ed, estoy de acuerdo con la <a href=\"https:\/\/ks-team.online\/es\/politica-de-privacidad\/\">pol\u00edtica de privacidad<\/a>.<\/p><\/div><\/div><\/div><\/div><\/div><div class=\"forminator-row\"><div id=\"captcha-1\" class=\"forminator-field-captcha forminator-col forminator-col-12 \"><div class=\"forminator-captcha-left forminator-g-recaptcha recaptcha-invisible\" data-theme=\"light\" data-badge=\"bottomright\" data-sitekey=\"6Ld5fbMgAAAAADSAZaJX1zfHY0M1kZ-QxPHvMWri\" data-size=\"invisible\"><\/div> <\/div><\/div><input type=\"hidden\" name=\"referer_url\" value=\"\" \/><div class=\"forminator-row forminator-row-last\"><div class=\"forminator-col\"><div class=\"forminator-field\"><button class=\"forminator-button forminator-button-submit\"><span>Enviar mensaje<\/span><span aria-hidden=\"true\"><\/span><\/button><\/div><\/div><\/div><input type=\"hidden\" id=\"forminator_nonce\" name=\"forminator_nonce\" value=\"8a63459137\" \/><input type=\"hidden\" name=\"_wp_http_referer\" value=\"\/es\/wp-json\/wp\/v2\/pages\/4179\" \/><input type=\"hidden\" name=\"form_id\" value=\"4428\"><input type=\"hidden\" name=\"page_id\" value=\"4179\"><input type=\"hidden\" name=\"form_type\" value=\"default\"><input type=\"hidden\" name=\"current_url\" value=\"https:\/\/ks-team.online\/es\/revision-de-conocimiento\/\"><input type=\"hidden\" name=\"render_id\" value=\"0\"><input type=\"hidden\" name=\"action\" value=\"forminator_submit_form_custom-forms\"><\/form>\n<p>&nbsp;<\/p>\n<p>[\/et_pb_text][\/et_pb_column][\/et_pb_row][\/et_pb_section][et_pb_section fb_built=\u00bb1&#8243; _builder_version=\u00bb4.25.1&#8243; _module_preset=\u00bbdefault\u00bb background_color=\u00bb#444444&#8243; custom_margin=\u00bb||||false|false\u00bb custom_padding=\u00bb5px||5px||false|false\u00bb global_colors_info=\u00bb{}\u00bb theme_builder_area=\u00bbpost_content\u00bb][et_pb_row _builder_version=\u00bb4.25.1&#8243; _module_preset=\u00bbdefault\u00bb custom_padding=\u00bb||4px||false|false\u00bb global_colors_info=\u00bb{}\u00bb theme_builder_area=\u00bbpost_content\u00bb][et_pb_column type=\u00bb4_4&#8243; _builder_version=\u00bb4.25.1&#8243; _module_preset=\u00bbdefault\u00bb global_colors_info=\u00bb{}\u00bb theme_builder_area=\u00bbpost_content\u00bb][et_pb_text _builder_version=\u00bb4.25.1&#8243; _module_preset=\u00bbdefault\u00bb text_text_color=\u00bb#cccccc\u00bb text_orientation=\u00bbcenter\u00bb hover_enabled=\u00bb0&#8243; global_colors_info=\u00bb{}\u00bb theme_builder_area=\u00bbpost_content\u00bb sticky_enabled=\u00bb0&#8243;]\u00a92024 Prem Rawat. Todos los derechos reservados.<br \/>\nAl utilizar este sitio web aceptas los cookies y la recopilaci\u00f3n de ciertos datos.<br \/>\nPor favor, revisa nuestra <a href=\"https:\/\/ks-team.online\/es\/politica-de-privacidad\/\">Pol\u00edtica de privacidad<\/a>.[\/et_pb_text][\/et_pb_column][\/et_pb_row][\/et_pb_section]<\/p>\n","protected":false},"excerpt":{"rendered":"<p>REVISION DE CONOCIMIENTO Las Revisiones de Conocimiento est\u00e1n disponibles para aquellos que han aprendido las t\u00e9cnicas del Conocimiento que ense\u00f1a Prem Rawat. Las Revisiones de Conocimiento est\u00e1n disponibles de forma continua y se programan seg\u00fan la disponibilidad de los equipos de Sesiones de Conocimiento y de la planificaci\u00f3n de Sesiones de Conocimiento en las diferentes [&hellip;]<\/p>\n","protected":false},"author":3,"featured_media":0,"parent":0,"menu_order":0,"comment_status":"closed","ping_status":"closed","template":"","meta":{"_et_pb_use_builder":"on","_et_pb_old_content":"","_et_gb_content_width":"","footnotes":""},"class_list":["post-4179","page","type-page","status-publish","hentry"],"_links":{"self":[{"href":"https:\/\/ks-team.online\/es\/wp-json\/wp\/v2\/pages\/4179","targetHints":{"allow":["GET"]}}],"collection":[{"href":"https:\/\/ks-team.online\/es\/wp-json\/wp\/v2\/pages"}],"about":[{"href":"https:\/\/ks-team.online\/es\/wp-json\/wp\/v2\/types\/page"}],"author":[{"embeddable":true,"href":"https:\/\/ks-team.online\/es\/wp-json\/wp\/v2\/users\/3"}],"replies":[{"embeddable":true,"href":"https:\/\/ks-team.online\/es\/wp-json\/wp\/v2\/comments?post=4179"}],"version-history":[{"count":10,"href":"https:\/\/ks-team.online\/es\/wp-json\/wp\/v2\/pages\/4179\/revisions"}],"predecessor-version":[{"id":6265,"href":"https:\/\/ks-team.online\/es\/wp-json\/wp\/v2\/pages\/4179\/revisions\/6265"}],"wp:attachment":[{"href":"https:\/\/ks-team.online\/es\/wp-json\/wp\/v2\/media?parent=4179"}],"curies":[{"name":"wp","href":"https:\/\/api.w.org\/{rel}","templated":true}]}}