{"id":4185,"date":"2022-06-21T09:14:54","date_gmt":"2022-06-21T13:14:54","guid":{"rendered":"https:\/\/ks-team.online\/acerca-de-prem-rawat\/"},"modified":"2024-06-04T19:30:05","modified_gmt":"2024-06-04T23:30:05","slug":"acerca-de-prem-rawat","status":"publish","type":"page","link":"https:\/\/ks-team.online\/es\/acerca-de-prem-rawat\/","title":{"rendered":"ACERCA DE PREM RAWAT"},"content":{"rendered":"<p>[et_pb_section fb_built=\u00bb1&#8243; fullwidth=\u00bbon\u00bb _builder_version=\u00bb4.17.4&#8243; _module_preset=\u00bbdefault\u00bb global_colors_info=\u00bb{}\u00bb][et_pb_fullwidth_image src=\u00bbhttps:\/\/ks-team.online\/wp-content\/uploads\/2023\/01\/Auditorium-Inner-Header.jpg\u00bb title_text=\u00bbPrem Rawat\u00bb _builder_version=\u00bb4.17.4&#8243; _module_preset=\u00bbdefault\u00bb global_colors_info=\u00bb{}\u00bb][\/et_pb_fullwidth_image][\/et_pb_section][et_pb_section fb_built=\u00bb1&#8243; _builder_version=\u00bb4.17.4&#8243; _module_preset=\u00bbdefault\u00bb global_colors_info=\u00bb{}\u00bb][et_pb_row _builder_version=\u00bb4.17.4&#8243; _module_preset=\u00bbdefault\u00bb custom_padding=\u00bb18px|||||\u00bb global_colors_info=\u00bb{}\u00bb][et_pb_column type=\u00bb4_4&#8243; _builder_version=\u00bb4.17.4&#8243; _module_preset=\u00bbdefault\u00bb global_colors_info=\u00bb{}\u00bb][et_pb_text _builder_version=\u00bb4.17.4&#8243; _module_preset=\u00bbdefault\u00bb text_font=\u00bb||||||||\u00bb text_font_size=\u00bb20px\u00bb text_line_height=\u00bb1.75em\u00bb header_font=\u00bbLato|700||on|||||\u00bb header_2_font=\u00bbLato|700|||||||\u00bb header_2_line_height=\u00bb1.8em\u00bb header_3_font=\u00bbLato|700|||||||\u00bb header_3_line_height=\u00bb1.6em\u00bb custom_padding=\u00bb||3px|||\u00bb inline_fonts=\u00bbLato\u00bb global_colors_info=\u00bb{}\u00bb]<\/p>\n<h2>ACERCA DE PREM RAWAT<\/h2>\n<p><span>Durante m\u00e1s de cincuenta y cinco a\u00f1os, Prem Rawat ha compartido su mensaje imperecedero de paz con personas de todo el mundo &#8212; independientemente de su nacionalidad, religi\u00f3n, o estilo de vida \u2013 el mensaje de que la paz interior, no s\u00f3lo es posible, sino que es un derecho de nacimiento. Con gran determinaci\u00f3n, sabidur\u00eda y humor, Prem ha llegado a cientos de millones de personas en m\u00e1s de cien paises. <\/span><\/p>\n<p>[\/et_pb_text][et_pb_button button_url=\u00bbhttps:\/\/www.premrawat.com\/es\/explora\/acerca-de-prem-rawat\u00bb url_new_window=\u00bbon\u00bb button_text=\u00bbSaber M\u00e1s\u00bb button_alignment=\u00bbleft\u00bb _builder_version=\u00bb4.19.4&#8243; _module_preset=\u00bbdefault\u00bb custom_button=\u00bbon\u00bb button_text_size=\u00bb13px\u00bb button_text_color=\u00bb#FFFFFF\u00bb button_bg_color=\u00bbrgba(64,92,115,0.92)\u00bb button_border_width=\u00bb0px\u00bb button_border_radius=\u00bb6px\u00bb button_letter_spacing=\u00bb1px\u00bb button_font=\u00bbLato|700||on|||||\u00bb button_use_icon=\u00bboff\u00bb custom_margin=\u00bb18px||||false|false\u00bb custom_padding=\u00bb10px|30px|10px|30px\u00bb button_letter_spacing_hover=\u00bb1px\u00bb button_bg_color_hover=\u00bbrgba(60,57,230,0.2)\u00bb locked=\u00bboff\u00bb global_colors_info=\u00bb{}\u00bb button_text_size__hover_enabled=\u00bboff\u00bb button_one_text_size__hover_enabled=\u00bboff\u00bb button_two_text_size__hover_enabled=\u00bboff\u00bb button_text_color__hover_enabled=\u00bboff\u00bb button_one_text_color__hover_enabled=\u00bboff\u00bb button_two_text_color__hover_enabled=\u00bboff\u00bb button_border_width__hover_enabled=\u00bboff\u00bb button_one_border_width__hover_enabled=\u00bboff\u00bb button_two_border_width__hover_enabled=\u00bboff\u00bb button_border_color__hover_enabled=\u00bboff\u00bb button_one_border_color__hover_enabled=\u00bboff\u00bb button_two_border_color__hover_enabled=\u00bboff\u00bb button_border_radius__hover_enabled=\u00bboff\u00bb button_one_border_radius__hover_enabled=\u00bboff\u00bb button_two_border_radius__hover_enabled=\u00bboff\u00bb button_letter_spacing__hover_enabled=\u00bbon\u00bb button_letter_spacing__hover=\u00bb1px\u00bb button_one_letter_spacing__hover_enabled=\u00bboff\u00bb button_two_letter_spacing__hover_enabled=\u00bboff\u00bb button_bg_color__hover_enabled=\u00bbon|hover\u00bb button_bg_color__hover=\u00bbrgba(44,99,165,0.92)\u00bb button_one_bg_color__hover_enabled=\u00bboff\u00bb button_two_bg_color__hover_enabled=\u00bboff\u00bb button_bg_enable_color__hover=\u00bbon\u00bb][\/et_pb_button][\/et_pb_column][\/et_pb_row][\/et_pb_section][et_pb_section fb_built=\u00bb1&#8243; _builder_version=\u00bb4.25.1&#8243; _module_preset=\u00bbdefault\u00bb background_color=\u00bb#444444&#8243; custom_margin=\u00bb||||false|false\u00bb custom_padding=\u00bb5px||5px||false|false\u00bb global_colors_info=\u00bb{}\u00bb theme_builder_area=\u00bbpost_content\u00bb][et_pb_row _builder_version=\u00bb4.25.1&#8243; _module_preset=\u00bbdefault\u00bb custom_padding=\u00bb||4px||false|false\u00bb global_colors_info=\u00bb{}\u00bb theme_builder_area=\u00bbpost_content\u00bb][et_pb_column type=\u00bb4_4&#8243; _builder_version=\u00bb4.25.1&#8243; _module_preset=\u00bbdefault\u00bb global_colors_info=\u00bb{}\u00bb theme_builder_area=\u00bbpost_content\u00bb][et_pb_text _builder_version=\u00bb4.25.1&#8243; _module_preset=\u00bbdefault\u00bb text_text_color=\u00bb#cccccc\u00bb text_orientation=\u00bbcenter\u00bb global_colors_info=\u00bb{}\u00bb theme_builder_area=\u00bbpost_content\u00bb]\u00a92024 Prem Rawat. Todos los derechos reservados.<br \/>Al utilizar este sitio web aceptas los cookies y la recopilaci\u00f3n de ciertos datos.<br \/>Por favor, revisa nuestra <a href=\"https:\/\/ks-team.online\/es\/politica-de-privacidad\/\">Pol\u00edtica de privacidad<\/a>.[\/et_pb_text][\/et_pb_column][\/et_pb_row][\/et_pb_section]<\/p>\n","protected":false},"excerpt":{"rendered":"<p>ACERCA DE PREM RAWAT Durante m\u00e1s de cincuenta y cinco a\u00f1os, Prem Rawat ha compartido su mensaje imperecedero de paz con personas de todo el mundo &#8212; independientemente de su nacionalidad, religi\u00f3n, o estilo de vida \u2013 el mensaje de que la paz interior, no s\u00f3lo es posible, sino que es un derecho de nacimiento. [&hellip;]<\/p>\n","protected":false},"author":3,"featured_media":0,"parent":0,"menu_order":0,"comment_status":"closed","ping_status":"closed","template":"","meta":{"_et_pb_use_builder":"on","_et_pb_old_content":"","_et_gb_content_width":"","footnotes":""},"class_list":["post-4185","page","type-page","status-publish","hentry"],"_links":{"self":[{"href":"https:\/\/ks-team.online\/es\/wp-json\/wp\/v2\/pages\/4185","targetHints":{"allow":["GET"]}}],"collection":[{"href":"https:\/\/ks-team.online\/es\/wp-json\/wp\/v2\/pages"}],"about":[{"href":"https:\/\/ks-team.online\/es\/wp-json\/wp\/v2\/types\/page"}],"author":[{"embeddable":true,"href":"https:\/\/ks-team.online\/es\/wp-json\/wp\/v2\/users\/3"}],"replies":[{"embeddable":true,"href":"https:\/\/ks-team.online\/es\/wp-json\/wp\/v2\/comments?post=4185"}],"version-history":[{"count":7,"href":"https:\/\/ks-team.online\/es\/wp-json\/wp\/v2\/pages\/4185\/revisions"}],"predecessor-version":[{"id":6262,"href":"https:\/\/ks-team.online\/es\/wp-json\/wp\/v2\/pages\/4185\/revisions\/6262"}],"wp:attachment":[{"href":"https:\/\/ks-team.online\/es\/wp-json\/wp\/v2\/media?parent=4185"}],"curies":[{"name":"wp","href":"https:\/\/api.w.org\/{rel}","templated":true}]}}