{"id":4475,"date":"2022-05-20T18:19:53","date_gmt":"2022-05-20T22:19:53","guid":{"rendered":"https:\/\/ks-team.online\/politica-de-privacidad\/"},"modified":"2024-06-04T19:39:04","modified_gmt":"2024-06-04T23:39:04","slug":"politica-de-privacidad","status":"publish","type":"page","link":"https:\/\/ks-team.online\/es\/politica-de-privacidad\/","title":{"rendered":"Pol\u00edtica de Privacidad"},"content":{"rendered":"<p>[et_pb_section fb_built=\u00bb1&#8243; _builder_version=\u00bb4.16&#8243; global_colors_info=\u00bb{}\u00bb][et_pb_row _builder_version=\u00bb4.16&#8243; background_size=\u00bbinitial\u00bb background_position=\u00bbtop_left\u00bb background_repeat=\u00bbrepeat\u00bb global_colors_info=\u00bb{}\u00bb][et_pb_column type=\u00bb4_4&#8243; _builder_version=\u00bb4.16&#8243; custom_padding=\u00bb|||\u00bb global_colors_info=\u00bb{}\u00bb custom_padding__hover=\u00bb|||\u00bb][et_pb_text _builder_version=\u00bb4.17.4&#8243; background_size=\u00bbinitial\u00bb background_position=\u00bbtop_left\u00bb background_repeat=\u00bbrepeat\u00bb global_colors_info=\u00bb{}\u00bb]<\/p>\n<h2 style=\"font-weight: 400;\"><strong>Pol\u00edtica de Privacidad<\/strong><\/h2>\n<p style=\"font-weight: 400;\">Fecha: 23 de Mayo de 2022<\/p>\n<p style=\"font-weight: 400;\">El equipo de Sesiones de Conocimiento, KS Team (en adelante, \u00abnos\u00bb, \u00abnosotros\u00bb, o \u00abnuestro\u00bb) al amparo de Words of Peace Global (\u201cWOPG\u201d) opera la p\u00e1gina <a href=\"https:\/\/www.ks-team.online\/\">www.ks-team.online<\/a> (\u00abEl Servicio\u00bb). Estamos firmemente comprometidos a proteger tu privacidad online y hemos tomado las medidas necesarias para proteger la informaci\u00f3n que compartes con nosotros. Recopilamos cierta informaci\u00f3n personal para proporcionarte servicios y contenido personalizados.<\/p>\n<p style=\"font-weight: 400;\">Esta p\u00e1gina te informa sobre nuestras pol\u00edticas relativas a recopilaci\u00f3n, uso y divulgaci\u00f3n de datos personales cuando usas nuestro Servicio y a las elecciones que has asociado con esos datos.<\/p>\n<p style=\"font-weight: 400;\">Usamos tus datos para proporcionar y mejorar el servicio. Al usar el Servicio, aceptas la recopilaci\u00f3n y uso de la informaci\u00f3n de acuerdo con esta pol\u00edtica. <\/p>\n<p style=\"font-weight: 400;\">\n<h4 style=\"font-weight: 400;\"><span style=\"text-decoration: underline;\"><strong>Definiciones<\/strong><\/span><\/h4>\n<p style=\"font-weight: 400;\"><strong>Datos personales<\/strong><br \/>Datos personales se refiere a la informaci\u00f3n de un individuo vivo que puede ser identificado con esos datos (o de esa y otra informaci\u00f3n, ambas en nuestra posesi\u00f3n o que puedan llegar a nuestra posesi\u00f3n).<\/p>\n<p style=\"font-weight: 400;\"><strong>Datos de uso<\/strong><br \/>Los Datos de uso son aquellos recopilados autom\u00e1ticamente o generados por el uso del Servicio o por la infraestructura del Servicio en s\u00ed misma (por ejemplo la duraci\u00f3n de una visita a la p\u00e1gina).<\/p>\n<p style=\"font-weight: 400;\"><strong>Cookies<\/strong><br \/>Las cookies son una peque\u00f1a cantidad de informaci\u00f3n almacenada en el dispositivo del usuario.<\/p>\n<p style=\"font-weight: 400;\"><strong>Controlador de datos<\/strong><br \/>Controlador de datos se refiere a una persona que, sola o en conjunto con otras personas, determina los prop\u00f3sitos y la manera en que cualquier dato personal es o ser\u00e1 procesado.<\/p>\n<p style=\"font-weight: 400;\">Para el prop\u00f3sito de esta Pol\u00edtica de privacidad, nosotros somos el Controlador de datos de tu informaci\u00f3n.<\/p>\n<p style=\"font-weight: 400;\"><strong>Procesador de datos (o proveedor de servicio de terceros)<\/strong><br \/>Procesador de datos (proveedor de servicio de terceros) se refiere a cualquier persona (que no sea empleada del Controlador de datos) que procesa los datos en nombre del Controlador de datos.<\/p>\n<p style=\"font-weight: 400;\">Podemos utilizar los servicios de varios proveedores de servicios de terceros para procesar tus datos de manera m\u00e1s efectiva. Estos servicios se describen con m\u00e1s detalle a continuaci\u00f3n.<\/p>\n<p style=\"font-weight: 400;\"><strong>Sujeto de datos<\/strong><br \/>El sujeto de datos es cualquier individuo vivo que sea sujeto de datos personales.<\/p>\n<p style=\"font-weight: 400;\"><strong>Usuario<\/strong><br \/>El Usuario es el individuo que usa nuestro Servicio. El usuario corresponde al sujeto de datos, que es el sujeto de los datos personales.<\/p>\n<p style=\"font-weight: 400;\"><strong>Recolecci\u00f3n y uso de informaci\u00f3n<br \/><\/strong> Recopilamos diversos tipos de informaci\u00f3n con el prop\u00f3sito de proporcionar y mejorar el Servicio que te brindamos.<\/p>\n<p style=\"font-weight: 400;\">\n<h4 style=\"font-weight: 400;\"><strong><br \/><span style=\"text-decoration: underline;\">Tipos de datos recolectados<\/span><\/strong><\/h4>\n<p style=\"font-weight: 400;\"><strong>Datos personales<\/strong><br \/>Al utilizar nuestro Servicio, podemos solicitarte que nos proporciones cierta informaci\u00f3n de identificaci\u00f3n personal que pueda usarse para contactarte o identificarte (\u00abDatos personales\u00bb). La informaci\u00f3n de identificaci\u00f3n personal puede incluir, pero no est\u00e1 limitada a:<\/p>\n<ul>\n<li style=\"font-weight: 400;\">\u2022 Correo electr\u00f3nico<\/li>\n<li style=\"font-weight: 400;\">\u2022 Nombre y apellido<\/li>\n<li style=\"font-weight: 400;\">\u2022 Cookies y datos de uso<\/li>\n<\/ul>\n<p style=\"font-weight: 400;\">Podemos utilizar tus datos personales para enviarte boletines informativos, materiales promocionales, de marketing u otra informaci\u00f3n que pueda ser de tu inter\u00e9s. Puedes optar por no recibir ninguna o todas nuestras comunicaciones siguiendo el enlace de cancelaci\u00f3n de suscripci\u00f3n o las instrucciones proporcionadas en cualquier correo electr\u00f3nico que te enviemos o poni\u00e9ndose en contacto con nosotros en <u>privacy@ks-team.online<\/u><\/p>\n<p style=\"font-weight: 400;\"><strong>Datos de uso<\/strong><br \/>Tambi\u00e9n podemos recopilar informaci\u00f3n sobre c\u00f3mo se accede y utiliza el Servicio (\u00abDatos de uso\u00bb). Estos datos de uso pueden incluir informaci\u00f3n tal como la direcci\u00f3n del Protocolo de Internet de tu computadora (ejemplo, direcci\u00f3n IP), tipo de navegador, versi\u00f3n del navegador, p\u00e1ginas de nuestro Servicio visitadas, hora y fecha de tu visita, tiempo dedicado a esas p\u00e1ginas, identificadores de dispositivo y otros datos de diagn\u00f3stico. <\/p>\n<p style=\"font-weight: 400;\"><strong>Seguimiento de datos de cookies<\/strong><br \/>Las cookies son archivos con poca cantidad de datos que pueden incluir un identificador \u00fanico an\u00f3nimo. Las cookies se env\u00edan a tu navegador desde un sitio web y se almacenan en tu dispositivo. <\/p>\n<p style=\"font-weight: 400;\">En nuestros correos electr\u00f3nicos usamos web beacons, que son gifs de un solo p\u00edxel. Cuando enviamos correos electr\u00f3nicos a los suscriptores podemos rastrear su comportamiento, por ejemplo si fue abierto el correo y qui\u00e9n hizo clic en los enlaces. Esto nos permite medir el rendimiento de nuestras campa\u00f1as de correo electr\u00f3nico y mejorar nuestras funciones para segmentos espec\u00edficos de usuarios.  <\/p>\n<p style=\"font-weight: 400;\"><strong>Uso de datos<br \/><\/strong> El equipo de Sesiones de Conocimiento utiliza la informaci\u00f3n para varios prop\u00f3sitos:<br \/>\u2022 Proveer y mantener nuestro servicio<br \/>\u2022 Notificarte sobre cambios en nuestro Servicio<br \/>\u2022 Permitirte participar en funciones interactivas de nuestro Servicio cuando eliges hacerlo<br \/>\u2022 Proporcionar asistencia al cliente<br \/>\u2022 Recopilar an\u00e1lisis o informaci\u00f3n valiosa para que podamos mejorar nuestro Servicio<br \/>\u2022 Monitorear el uso de nuestro Servicio<br \/>\u2022 Detectar, prevenir y abordar problemas t\u00e9cnicos<br \/>\u2022 Proporcionarte noticias, ofertas especiales e informaci\u00f3n general acerca de otros bienes, servicios y eventos que ofrecemos similares a aquellos que ya has comprado o sobre los que has preguntado, a menos que hayas optado por no recibir tal informaci\u00f3n<\/p>\n<p style=\"font-weight: 400;\"><strong>Retenci\u00f3n de datos<br \/><\/strong> El equipo de Sesiones de Conocimiento retendr\u00e1 tus Datos personales solo durante el tiempo que sea necesario para los fines establecidos en esta Pol\u00edtica de privacidad. Retendremos y usaremos tus Datos personales en la medida necesaria para cumplir con nuestras obligaciones legales (por ejemplo, si estamos obligados a conservar tus datos para cumplir con las leyes aplicables), resolver disputas y hacer cumplir nuestros acuerdos y pol\u00edticas legales. <\/p>\n<p style=\"font-weight: 400;\">Tambi\u00e9n retendremos los Datos de uso con fines de an\u00e1lisis interno. Los Datos de uso generalmente se conservan durante un per\u00edodo de tiempo m\u00e1s corto, excepto cuando estos datos se utilizan para reforzar la seguridad o mejorar la funcionalidad de nuestro Servicio, o cuando estamos legalmente obligados a retener estos datos por per\u00edodos de tiempo m\u00e1s largos. <\/p>\n<p style=\"font-weight: 400;\"><strong><span style=\"text-decoration: underline;\">Transferencia de datos<\/span><br \/><\/strong> Tu informaci\u00f3n, incluidos los Datos personales, puede transferirse a computadoras ubicadas fuera de tu estado, provincia, pa\u00eds u otra jurisdicci\u00f3n gubernamental donde las leyes de protecci\u00f3n de datos pueden diferir de las de tu jurisdicci\u00f3n.<\/p>\n<p style=\"font-weight: 400;\">Si te encuentras fuera de los Estados Unidos y eliges proporcionarnos informaci\u00f3n, ten en cuenta que transferimos los datos, incluidos los Datos personales, a los Estados Unidos y all\u00ed los procesamos.<\/p>\n<p style=\"font-weight: 400;\">Tu consentimiento a esta Pol\u00edtica de Privacidad, seguida del env\u00edo de dicha informaci\u00f3n implica tu autorizaci\u00f3n para la transferencia.<\/p>\n<p style=\"font-weight: 400;\">El equipo de Sesiones de Conocimiento tomar\u00e1 todas las medidas razonablemente necesarias para garantizar que tus datos sean tratados de forma segura y en conformidad con esta Pol\u00edtica de Privacidad. No se transferir\u00e1 tu informaci\u00f3n personal a una organizaci\u00f3n o pa\u00eds a menos que existan controles adecuados, incluida la seguridad de su datos y otra informaci\u00f3n personal.<\/p>\n<p style=\"font-weight: 400;\">\n<h4 style=\"font-weight: 400;\"><span style=\"text-decoration: underline;\"><strong>Divulgaci\u00f3n de datos<\/strong><\/span><\/h4>\n<p style=\"font-weight: 400;\"><strong>Divulgaci\u00f3n para el cumplimiento de la ley<\/strong><br \/>En determinadas circunstancias, es posible que se exija al KS Team que divulgue tus Datos personales si as\u00ed lo exige la ley o en respuesta a solicitudes v\u00e1lidas de autoridades p\u00fablicas (por ejemplo, un tribunal o un ente gubernamental).<\/p>\n<p style=\"font-weight: 400;\"><strong>Requerimientos legales<\/strong><br \/>El KS Team puede divulgar tus datos personales con la creencia de buena fe de que dicha acci\u00f3n es necesaria para:<br \/>\u2022 Cumplir con una obligaci\u00f3n legal<br \/>\u2022 Proteger y defender los derechos de propiedad de WOPG<br \/>\u2022 Prevenir o investigar posibles errores en relaci\u00f3n con el Servicio<br \/>\u2022 Proteger la seguridad personal de los usuarios del Servicio o del p\u00fablico<br \/>\u2022 Proteger contra la responsabilidad legal<\/p>\n<p style=\"font-weight: 400;\"><strong>Seguridad de datos<\/strong><br \/>La seguridad de tus datos es importante para nosotros, pero recuerda que ning\u00fan m\u00e9todo de transmisi\u00f3n a trav\u00e9s de Internet o m\u00e9todo de almacenamiento electr\u00f3nico es 100% seguro. Si bien nos esforzamos por utilizar medios comercialmente aceptables para proteger tus Datos personales, no podemos garantizar su seguridad absoluta. <\/p>\n<p style=\"font-weight: 400;\"><strong>Se\u00f1ales de \u201cno rastrear\u201d<\/strong><br \/>No admitimos \u201c No rastrear\u201d, Do note Track (\u201cDNT\u201d). No rastrear es una preferencia que puedes establecer en tu navegador web para informar a los sitios web que no deseas que se haga un seguimiento. <\/p>\n<p style=\"font-weight: 400;\">Puedes habilitar o deshabilitar \u201cNo rastrear\u201d visitando la p\u00e1gina Preferencias o Configuraci\u00f3n de tu navegador web.<\/p>\n<p style=\"font-weight: 400;\"><strong>Tus derechos<\/strong><br \/>El equipo de Sesiones de Conocimiento tiene como objetivo tomar medidas razonables para permitirte corregir, modificar, eliminar o limitar el uso de tus Datos personales.<\/p>\n<p style=\"font-weight: 400;\">Si deseas que se te informe qu\u00e9 datos personales tenemos sobre ti y deseas que se eliminen de nuestros sistemas o se modifiquen, cont\u00e1ctanos en <a href=\"mailto:privacy@ks-team.online\">privacy@ks-team.online<\/a><\/p>\n<p style=\"font-weight: 400;\">En ciertas circunstancias, tienes el derecho de:<br \/>\u2022 Acceder y recibir una copia de los Datos personales que tenemos de ti.<br \/>\u2022 Rectificar cualquier Dato Personal retenido que no sea correcto.<br \/>\u2022 Solicitar que se eliminen tus Datos personales guardados.<br \/>\u2022 Limitar el uso de tus Datos personales.<\/p>\n<p style=\"font-weight: 400;\">Tienes derecho a la portabilidad de datos para la informaci\u00f3n que proporcionas a esta p\u00e1gina web. Puedes solicitar una copia de tus Datos personales en un formato electr\u00f3nico de uso com\u00fan para que puedas administrarlo y moverlo. Por favor ten en cuenta que se te puede solicitar la verificaci\u00f3n de tu identidad antes de responder a tu solicitud.  <\/p>\n<p style=\"font-weight: 400;\"><strong><span style=\"text-decoration: underline;\">Proveedores de servicios<\/span><br \/><\/strong> de terceros Empleamos ciertas compa\u00f1\u00edas e individuos externos para facilitar nuestro Servicio (Proveedores de servicios de terceros) para proporcionar el Servicio en nuestro nombre, para realizar servicios relacionados con el Servicio o para ayudarnos a analizar c\u00f3mo se utiliza nuestro Servicio.<\/p>\n<p style=\"font-weight: 400;\">Estos terceros tienen acceso a sus Datos personales solo para realizar esas tareas en nuestro nombre y no pueden divulgarlos ni usarlos con ning\u00fan otro prop\u00f3sito. Puedes eliminar cualquiera de tus datos personales de estos proveedores de servicios externos enviando un correo electr\u00f3nico a <a href=\"mailto:privacy@ks-team.online\">privacy@ks-team.online<\/a> <\/p>\n<p style=\"font-weight: 400;\">Utilizamos los siguientes Proveedores de Servicios para monitorear y analizar el uso de nuestro Servicio.<\/p>\n<p style=\"font-weight: 400;\"><strong>GOOGLE ANALYTICS<br \/><\/strong> Usamos Google Analytics para estad\u00edsticas de sitios web mediante el uso de cookies con el llamado anonimato de IP. GA puede brindarnos informaci\u00f3n tal como el comportamiento del usuario en el sitio, si un usuario es nuevo o recurrente, su ubicaci\u00f3n, idioma, dispositivo, sistema operativo y proveedor de servicios. <\/p>\n<p style=\"font-weight: 400;\"><strong>MAILCHIMP<\/strong><br \/>MailChimp es una plataforma de automatizaci\u00f3n de marketing que nos ayuda a compartir campa\u00f1as publicitarias y de correo electr\u00f3nico con las partes interesadas. MailChimp utiliza web beacons, que son gifs de un solo p\u00edxel, en nuestros correos electr\u00f3nicos. Cuando enviamos correos electr\u00f3nicos a los suscriptores podemos rastrear su comportamiento, como si el correo fue abierto y qui\u00e9n hizo clic en los enlaces. Esto nos permite medir el rendimiento de nuestras campa\u00f1as de correo electr\u00f3nico y mejorar nuestras funciones para segmentos espec\u00edficos de usuarios.   <\/p>\n<p style=\"font-weight: 400;\"><strong>SUPPORTBEE<\/strong><br \/>SupportBee es un paquete de software utilizado por el equipo de Sesiones de Conocimiento para crear una funcionalidad de servicio al cliente (funciones de \u00abMesa de ayuda\u00bb) y puede recopilar tu direcci\u00f3n IP, direcci\u00f3n de correo electr\u00f3nico y cualquier otra informaci\u00f3n que proporciones voluntariamente para ayudarte con problemas t\u00e9cnicos y de otro tipo. SupportBee tambi\u00e9n archiva los mensajes que solicitan ayuda y las respuestas a los mismos. <\/p>\n<p style=\"font-weight: 400;\"><strong>Nuestro Servicio<br \/><\/strong> puede contener enlaces a otros sitios no operados por nosotros. Al hacer clic en el enlace de un tercero, ser\u00e1s dirigido al sitio de ese tercero. Te recomendamos encarecidamente que revises la Pol\u00edtica de privacidad de cada sitio que visites.  <\/p>\n<p style=\"font-weight: 400;\">No tenemos control ni asumimos ninguna responsabilidad por el contenido, pol\u00edticas de privacidad o pr\u00e1cticas y servicios de ning\u00fan sitio de terceros.<\/p>\n<p style=\"font-weight: 400;\"><span style=\"text-decoration: underline;\"><strong>Privacidad para ni\u00f1os<\/strong><\/span><br \/>Nuestro Servicio no est\u00e1 dirigido a ninguna persona menor de 13 a\u00f1os (\u201cni\u00f1os\u00bb).<\/p>\n<p style=\"font-weight: 400;\">No recopilamos a sabiendas informaci\u00f3n de identificaci\u00f3n personal de ninguna persona menor de 13 a\u00f1os. Si eres padre o tutor y sabes que tu hijo nos ha proporcionado Datos personales, cont\u00e1ctanos. Si tomamos conocimiento de que hemos recopilado Datos personales de ni\u00f1os sin verificaci\u00f3n del consentimiento de sus padres, tomaremos medidas para eliminar esta informaci\u00f3n de nuestros servidores.  <\/p>\n<p style=\"font-weight: 400;\"><strong>Cambios a esta Pol\u00edtica de Privacidad<br \/><\/strong> Es posible que actualicemos nuestra Pol\u00edtica de privacidad cada tanto. Te notificaremos de cualquier cambio publicando la nueva Pol\u00edtica de Privacidad en esta p\u00e1gina. <\/p>\n<p style=\"font-weight: 400;\">Te informaremos por correo electr\u00f3nico y \/ o un aviso destacado en nuestro Servicio, antes de que el cambio entre en vigencia y actualizaremos la \u00abfecha de entrada en vigencia\u00bb en la parte superior de esta Pol\u00edtica de privacidad.<\/p>\n<p style=\"font-weight: 400;\">Te recomendamos revisar esta Pol\u00edtica de privacidad peri\u00f3dicamente por cualquier cambio. Los cambios a esta Pol\u00edtica de privacidad se hacen efectivos al publicarse en esta p\u00e1gina. <\/p>\n<p style=\"font-weight: 400;\"><span style=\"text-decoration: underline;\"><strong>Cont\u00e1ctanos<\/strong><\/span><br \/>Si tienes alguna pregunta acerca de esta Pol\u00edtica de Privacidad, por favor cont\u00e1ctanos:<br \/>\u2022 Por correo electr\u00f3nico: <a href=\"privacy@ks-team.online\">privacy@ks-team.online<\/a><\/p>\n<p style=\"font-weight: 400;\">\n<p>[\/et_pb_text][\/et_pb_column][\/et_pb_row][\/et_pb_section][et_pb_section fb_built=\u00bb1&#8243; _builder_version=\u00bb4.25.1&#8243; _module_preset=\u00bbdefault\u00bb background_color=\u00bb#444444&#8243; custom_margin=\u00bb||||false|false\u00bb custom_padding=\u00bb5px||5px||false|false\u00bb global_colors_info=\u00bb{}\u00bb theme_builder_area=\u00bbpost_content\u00bb][et_pb_row _builder_version=\u00bb4.25.1&#8243; _module_preset=\u00bbdefault\u00bb custom_padding=\u00bb||4px||false|false\u00bb global_colors_info=\u00bb{}\u00bb theme_builder_area=\u00bbpost_content\u00bb][et_pb_column type=\u00bb4_4&#8243; _builder_version=\u00bb4.25.1&#8243; _module_preset=\u00bbdefault\u00bb global_colors_info=\u00bb{}\u00bb theme_builder_area=\u00bbpost_content\u00bb][et_pb_text _builder_version=\u00bb4.25.1&#8243; _module_preset=\u00bbdefault\u00bb text_text_color=\u00bb#cccccc\u00bb text_orientation=\u00bbcenter\u00bb global_colors_info=\u00bb{}\u00bb theme_builder_area=\u00bbpost_content\u00bb]\u00a92024 Prem Rawat. Todos los derechos reservados.<br \/>Al utilizar este sitio web aceptas los cookies y la recopilaci\u00f3n de ciertos datos.<br \/>Por favor, revisa nuestra <a href=\"https:\/\/ks-team.online\/es\/politica-de-privacidad\/\">Pol\u00edtica de privacidad<\/a>.[\/et_pb_text][\/et_pb_column][\/et_pb_row][\/et_pb_section]<\/p>\n","protected":false},"excerpt":{"rendered":"<p>Pol\u00edtica de Privacidad Fecha: 23 de Mayo de 2022 El equipo de Sesiones de Conocimiento, KS Team (en adelante, \u00abnos\u00bb, \u00abnosotros\u00bb, o \u00abnuestro\u00bb) al amparo de Words of Peace Global (\u201cWOPG\u201d) opera la p\u00e1gina www.ks-team.online (\u00abEl Servicio\u00bb). Estamos firmemente comprometidos a proteger tu privacidad online y hemos tomado las medidas necesarias para proteger la informaci\u00f3n [&hellip;]<\/p>\n","protected":false},"author":1,"featured_media":0,"parent":0,"menu_order":0,"comment_status":"closed","ping_status":"open","template":"","meta":{"_et_pb_use_builder":"on","_et_pb_old_content":"","_et_gb_content_width":"","footnotes":""},"class_list":["post-4475","page","type-page","status-publish","hentry"],"_links":{"self":[{"href":"https:\/\/ks-team.online\/es\/wp-json\/wp\/v2\/pages\/4475","targetHints":{"allow":["GET"]}}],"collection":[{"href":"https:\/\/ks-team.online\/es\/wp-json\/wp\/v2\/pages"}],"about":[{"href":"https:\/\/ks-team.online\/es\/wp-json\/wp\/v2\/types\/page"}],"author":[{"embeddable":true,"href":"https:\/\/ks-team.online\/es\/wp-json\/wp\/v2\/users\/1"}],"replies":[{"embeddable":true,"href":"https:\/\/ks-team.online\/es\/wp-json\/wp\/v2\/comments?post=4475"}],"version-history":[{"count":6,"href":"https:\/\/ks-team.online\/es\/wp-json\/wp\/v2\/pages\/4475\/revisions"}],"predecessor-version":[{"id":6272,"href":"https:\/\/ks-team.online\/es\/wp-json\/wp\/v2\/pages\/4475\/revisions\/6272"}],"wp:attachment":[{"href":"https:\/\/ks-team.online\/es\/wp-json\/wp\/v2\/media?parent=4475"}],"curies":[{"name":"wp","href":"https:\/\/api.w.org\/{rel}","templated":true}]}}