{"id":6059,"date":"2022-06-21T09:16:50","date_gmt":"2022-06-21T13:16:50","guid":{"rendered":"https:\/\/ks-team.online\/a-propos-de-lequipe-des-sessions-de-connaissance\/"},"modified":"2024-06-04T19:21:39","modified_gmt":"2024-06-04T23:21:39","slug":"a-propos-de-lequipe-des-sessions-de-connaissance","status":"publish","type":"page","link":"https:\/\/ks-team.online\/fr\/a-propos-de-lequipe-des-sessions-de-connaissance\/","title":{"rendered":"\u00c0 PROPOS DE L\u2019EQUIPE DES SESSIONS DE CONNAISSANCE"},"content":{"rendered":"<p>[et_pb_section fb_built=\u00a0\u00bb1&Prime; fullwidth=\u00a0\u00bbon\u00a0\u00bb _builder_version=\u00a0\u00bb4.17.4&Prime; _module_preset=\u00a0\u00bbdefault\u00a0\u00bb global_colors_info=\u00a0\u00bb{}\u00a0\u00bb][et_pb_fullwidth_slider _builder_version=\u00a0\u00bb4.17.4&Prime; _module_preset=\u00a0\u00bbdefault\u00a0\u00bb animation_style=\u00a0\u00bbfade\u00a0\u00bb auto=\u00a0\u00bbon\u00a0\u00bb global_colors_info=\u00a0\u00bb{}\u00a0\u00bb][et_pb_slide _builder_version=\u00a0\u00bb4.17.4&Prime; _module_preset=\u00a0\u00bbdefault\u00a0\u00bb background_image=\u00a0\u00bbhttps:\/\/ks-team.online\/wp-content\/uploads\/2023\/01\/Indonesia-Team-Inner-Page-Header-6.jpg\u00a0\u00bb background_enable_image=\u00a0\u00bbon\u00a0\u00bb global_colors_info=\u00a0\u00bb{}\u00a0\u00bb sticky_transition=\u00a0\u00bbon\u00a0\u00bb][\/et_pb_slide][et_pb_slide _builder_version=\u00a0\u00bb4.17.4&Prime; _module_preset=\u00a0\u00bbdefault\u00a0\u00bb background_image=\u00a0\u00bbhttps:\/\/ks-team.online\/wp-content\/uploads\/2023\/01\/Miami-Team-Inner-Page-Header-1.jpg\u00a0\u00bb background_enable_image=\u00a0\u00bbon\u00a0\u00bb global_colors_info=\u00a0\u00bb{}\u00a0\u00bb sticky_transition=\u00a0\u00bbon\u00a0\u00bb][\/et_pb_slide][et_pb_slide _builder_version=\u00a0\u00bb4.17.4&Prime; _module_preset=\u00a0\u00bbdefault\u00a0\u00bb background_image=\u00a0\u00bbhttps:\/\/ks-team.online\/wp-content\/uploads\/2023\/01\/Indo-Early-Inner-Page-Header.jpg\u00a0\u00bb background_enable_image=\u00a0\u00bbon\u00a0\u00bb global_colors_info=\u00a0\u00bb{}\u00a0\u00bb sticky_transition=\u00a0\u00bbon\u00a0\u00bb][\/et_pb_slide][\/et_pb_fullwidth_slider][\/et_pb_section][et_pb_section fb_built=\u00a0\u00bb1&Prime; _builder_version=\u00a0\u00bb4.17.4&Prime; _module_preset=\u00a0\u00bbdefault\u00a0\u00bb custom_padding=\u00a0\u00bb34px|||||\u00a0\u00bb global_colors_info=\u00a0\u00bb{}\u00a0\u00bb][et_pb_row _builder_version=\u00a0\u00bb4.17.4&Prime; _module_preset=\u00a0\u00bbdefault\u00a0\u00bb custom_padding=\u00a0\u00bb18px|||||\u00a0\u00bb global_colors_info=\u00a0\u00bb{}\u00a0\u00bb][et_pb_column type=\u00a0\u00bb4_4&Prime; _builder_version=\u00a0\u00bb4.17.4&Prime; _module_preset=\u00a0\u00bbdefault\u00a0\u00bb global_colors_info=\u00a0\u00bb{}\u00a0\u00bb][et_pb_text _builder_version=\u00a0\u00bb4.17.4&Prime; _module_preset=\u00a0\u00bbdefault\u00a0\u00bb text_font=\u00a0\u00bb||||||||\u00a0\u00bb text_font_size=\u00a0\u00bb20px\u00a0\u00bb text_line_height=\u00a0\u00bb1.75em\u00a0\u00bb header_font=\u00a0\u00bbLato|700||on|||||\u00a0\u00bb header_2_font=\u00a0\u00bbLato|700|||||||\u00a0\u00bb header_2_line_height=\u00a0\u00bb1.8em\u00a0\u00bb header_3_font=\u00a0\u00bbLato|700|||||||\u00a0\u00bb header_3_line_height=\u00a0\u00bb1.6em\u00a0\u00bb custom_padding=\u00a0\u00bb||18px|||\u00a0\u00bb inline_fonts=\u00a0\u00bbLato\u00a0\u00bb global_colors_info=\u00a0\u00bb{}\u00a0\u00bb]<\/p>\n<h2>\u00c0 PROPOS DE L\u2019EQUIPE DES SESSIONS DE CONNAISSANCE<\/h2>\n<p style=\"font-weight: 400;\">Cette \u00e9quipe internationale est l\u00e0 pour accompagner les personnes d\u00e9sireuses d\u2019apprendre ou de recevoir une r\u00e9vision des techniques de la Connaissance de Prem Rawat.<\/p>\n<p style=\"font-weight: 400;\">Ses membres travaillent ensemble avec un seul objectif et selon des standards communs.<span>  <\/span>Ses membres travaillent ensemble avec un seul objectif et selon des standards communs. Les \u00e9quipes r\u00e9gionales de coordination organisent des sessions en pr\u00e9sentiel o\u00f9 les personnes peuvent apprendre les techniques de la Connaissance ou participer \u00e0 une r\u00e9vision de Connaissance. Un animateur sur place s\u2019assure au pr\u00e9alable que le lieu soit adapt\u00e9 \u00e0 l\u2019enseignement et \u00e0 la pratique de ces techniques, et il veille au bon d\u00e9roulement de la pr\u00e9sentation multim\u00e9dia d\u00e9velopp\u00e9e \u00e0 cet effet par Prem Rawat. <\/p>\n<p style=\"font-weight: 400;\">Anim\u00e9e par une volont\u00e9 d\u2019excellence, l\u2019\u00e9quipe s\u2019attache \u00e0 offrir un service au plus haut niveau de qualit\u00e9, dans le respect et la dignit\u00e9. Chaque animateur de session de Connaissance a re\u00e7u une formation certifiant son aptitude \u00e0 faciliter ces sessions de Connaissance et de r\u00e9vision de Connaissance \u2013 formation qui fait l\u2019objet d\u2019une validation tous les six mois. Le travail d\u2019\u00e9quipe permet d\u2019am\u00e9liorer la collaboration, la communication et permet d\u2019\u00e9laborer des strat\u00e9gies efficaces.  <\/p>\n<p style=\"font-weight: 400;\">Les membres de l\u2019\u00e9quipe des sessions sont b\u00e9n\u00e9voles et donnent de leur temps <span>en reconnaissance du cadeau qu\u2019ils ont eux-m\u00eames re\u00e7u.<\/span><\/p>\n<p>[\/et_pb_text][\/et_pb_column][\/et_pb_row][\/et_pb_section][et_pb_section fb_built=\u00a0\u00bb1&Prime; _builder_version=\u00a0\u00bb4.25.1&Prime; _module_preset=\u00a0\u00bbdefault\u00a0\u00bb background_color=\u00a0\u00bb#444444&Prime; custom_margin=\u00a0\u00bb||||false|false\u00a0\u00bb custom_padding=\u00a0\u00bb5px||5px||false|false\u00a0\u00bb global_colors_info=\u00a0\u00bb{}\u00a0\u00bb theme_builder_area=\u00a0\u00bbpost_content\u00a0\u00bb][et_pb_row _builder_version=\u00a0\u00bb4.25.1&Prime; _module_preset=\u00a0\u00bbdefault\u00a0\u00bb custom_padding=\u00a0\u00bb||4px||false|false\u00a0\u00bb global_colors_info=\u00a0\u00bb{}\u00a0\u00bb theme_builder_area=\u00a0\u00bbpost_content\u00a0\u00bb][et_pb_column type=\u00a0\u00bb4_4&Prime; _builder_version=\u00a0\u00bb4.25.1&Prime; _module_preset=\u00a0\u00bbdefault\u00a0\u00bb global_colors_info=\u00a0\u00bb{}\u00a0\u00bb theme_builder_area=\u00a0\u00bbpost_content\u00a0\u00bb][et_pb_text _builder_version=\u00a0\u00bb4.25.1&Prime; _module_preset=\u00a0\u00bbdefault\u00a0\u00bb text_text_color=\u00a0\u00bb#cccccc\u00a0\u00bb text_orientation=\u00a0\u00bbcenter\u00a0\u00bb global_colors_info=\u00a0\u00bb{}\u00a0\u00bb theme_builder_area=\u00a0\u00bbpost_content\u00a0\u00bb]\u00a92024 Prem Rawat. Tous droits r\u00e9serv\u00e9s.<br \/>En consultant notre site internet, vous acceptez l\u2019utilisation de cookies et la collecte de vos donn\u00e9es.<br \/>Veuillez consulter notre <a href=\"https:\/\/ks-team.online\/fr\/politique-de-confidentialite\/\">politique de confidentialit\u00e9<\/a>.[\/et_pb_text][\/et_pb_column][\/et_pb_row][\/et_pb_section]<\/p>\n","protected":false},"excerpt":{"rendered":"<p>\u00c0 PROPOS DE L\u2019EQUIPE DES SESSIONS DE CONNAISSANCE Cette \u00e9quipe internationale est l\u00e0 pour accompagner les personnes d\u00e9sireuses d\u2019apprendre ou de recevoir une r\u00e9vision des techniques de la Connaissance de Prem Rawat. Ses membres travaillent ensemble avec un seul objectif et selon des standards communs. Ses membres travaillent ensemble avec un seul objectif et selon [&hellip;]<\/p>\n","protected":false},"author":3,"featured_media":0,"parent":0,"menu_order":0,"comment_status":"closed","ping_status":"closed","template":"","meta":{"_et_pb_use_builder":"on","_et_pb_old_content":"","_et_gb_content_width":"","footnotes":""},"class_list":["post-6059","page","type-page","status-publish","hentry"],"_links":{"self":[{"href":"https:\/\/ks-team.online\/fr\/wp-json\/wp\/v2\/pages\/6059","targetHints":{"allow":["GET"]}}],"collection":[{"href":"https:\/\/ks-team.online\/fr\/wp-json\/wp\/v2\/pages"}],"about":[{"href":"https:\/\/ks-team.online\/fr\/wp-json\/wp\/v2\/types\/page"}],"author":[{"embeddable":true,"href":"https:\/\/ks-team.online\/fr\/wp-json\/wp\/v2\/users\/3"}],"replies":[{"embeddable":true,"href":"https:\/\/ks-team.online\/fr\/wp-json\/wp\/v2\/comments?post=6059"}],"version-history":[{"count":12,"href":"https:\/\/ks-team.online\/fr\/wp-json\/wp\/v2\/pages\/6059\/revisions"}],"predecessor-version":[{"id":6256,"href":"https:\/\/ks-team.online\/fr\/wp-json\/wp\/v2\/pages\/6059\/revisions\/6256"}],"wp:attachment":[{"href":"https:\/\/ks-team.online\/fr\/wp-json\/wp\/v2\/media?parent=6059"}],"curies":[{"name":"wp","href":"https:\/\/api.w.org\/{rel}","templated":true}]}}