{"id":6131,"date":"2022-06-05T17:50:02","date_gmt":"2022-06-05T21:50:02","guid":{"rendered":"https:\/\/ks-team.online\/revision-de-connaissance\/"},"modified":"2024-06-04T19:28:04","modified_gmt":"2024-06-04T23:28:04","slug":"revision-de-connaissance","status":"publish","type":"page","link":"https:\/\/ks-team.online\/fr\/revision-de-connaissance\/","title":{"rendered":"R\u00c9VISION DE CONNAISSANCE"},"content":{"rendered":"<p>[et_pb_section fb_built=\u00a0\u00bb1&Prime; fullwidth=\u00a0\u00bbon\u00a0\u00bb _builder_version=\u00a0\u00bb4.17.4&Prime; _module_preset=\u00a0\u00bbdefault\u00a0\u00bb global_colors_info=\u00a0\u00bb{}\u00a0\u00bb][et_pb_fullwidth_image src=\u00a0\u00bbhttps:\/\/ks-team.online\/wp-content\/uploads\/2023\/01\/KL-Inner-Header.jpg\u00a0\u00bb title_text=\u00a0\u00bbKL Inner Header\u00a0\u00bb _builder_version=\u00a0\u00bb4.17.4&Prime; _module_preset=\u00a0\u00bbdefault\u00a0\u00bb global_colors_info=\u00a0\u00bb{}\u00a0\u00bb][\/et_pb_fullwidth_image][\/et_pb_section][et_pb_section fb_built=\u00a0\u00bb1&Prime; _builder_version=\u00a0\u00bb4.17.4&Prime; _module_preset=\u00a0\u00bbdefault\u00a0\u00bb global_colors_info=\u00a0\u00bb{}\u00a0\u00bb][et_pb_row _builder_version=\u00a0\u00bb4.17.4&Prime; _module_preset=\u00a0\u00bbdefault\u00a0\u00bb custom_padding=\u00a0\u00bb18px|||||\u00a0\u00bb global_colors_info=\u00a0\u00bb{}\u00a0\u00bb][et_pb_column type=\u00a0\u00bb4_4&Prime; _builder_version=\u00a0\u00bb4.17.4&Prime; _module_preset=\u00a0\u00bbdefault\u00a0\u00bb global_colors_info=\u00a0\u00bb{}\u00a0\u00bb][et_pb_text _builder_version=\u00a0\u00bb4.22.1&Prime; _module_preset=\u00a0\u00bbdefault\u00a0\u00bb text_font=\u00a0\u00bb||||||||\u00a0\u00bb text_font_size=\u00a0\u00bb20px\u00a0\u00bb text_line_height=\u00a0\u00bb1.75em\u00a0\u00bb header_font=\u00a0\u00bbLato|700||on|||||\u00a0\u00bb header_2_font=\u00a0\u00bbLato|700|||||||\u00a0\u00bb header_2_line_height=\u00a0\u00bb1.8em\u00a0\u00bb header_3_font=\u00a0\u00bbLato|700|||||||\u00a0\u00bb header_3_line_height=\u00a0\u00bb1.6em\u00a0\u00bb custom_padding=\u00a0\u00bb||18px|||\u00a0\u00bb inline_fonts=\u00a0\u00bbLato\u00a0\u00bb global_colors_info=\u00a0\u00bb{}\u00a0\u00bb]<\/p>\n<h2>R\u00c9VISION DE CONNAISSANCE<\/h2>\n<p>Les r\u00e9visions de Connaissance sont r\u00e9serv\u00e9es aux personnes qui ont appris les techniques de la Connaissance enseign\u00e9es par Prem Rawat. Les sessions de r\u00e9vision ont lieu r\u00e9guli\u00e8rement et sont programm\u00e9es en fonction de la disponibilit\u00e9 des \u00e9quipes r\u00e9gionales. Au cours d\u2019une r\u00e9vision de Connaissance, vous pourrez revoir et pratiquer les techniques pr\u00e9sent\u00e9es par Prem, gr\u00e2ce au support audiovisuel cr\u00e9\u00e9 \u00e0 cet effet.<\/p>\n<h3><strong><span style=\"font-family: Lato;\">Smart Cards<\/span><\/strong><\/h3>\n<p>Pour participer \u00e0 une r\u00e9vision de Connaissance, il est n\u00e9cessaire de s\u2019inscrire avec une Smart Card. Toute personne poss\u00e9dant une Smart Card (SC) valide peut y assister, dans la mesure des places disponibles. Si vous souhaitez assister \u00e0 une r\u00e9vision de Connaissance mais que vous n\u2019avez pas de Smart Card, veuillez remplir \u00e0 l\u2019avance la demande ci-dessous. L\u2019\u00e9quipe SC vous aidera \u00e0 traiter votre demande rapidement. <a href=\"http:\/\/apply.smartcardadmin.org\"><span>http:\/\/apply.smartcardadmin.org<\/span><\/a><\/p>\n<p>&nbsp;<\/p>\n<h3>DEMANDER UNE R\u00c9VISION DE CONNAISSANCE<\/h3>\n<div class=\"forminator-ui forminator-custom-form forminator-custom-form-6134 forminator-design--flat  forminator_ajax\" data-forminator-render=\"0\" data-form=\"forminator-module-6134\" data-uid=\"69e22a1d54855\"><br\/><\/div><form\n\t\t\t\tid=\"forminator-module-6134\"\n\t\t\t\tclass=\"forminator-ui forminator-custom-form forminator-custom-form-6134 forminator-design--flat  forminator_ajax\"\n\t\t\t\tmethod=\"post\"\n\t\t\t\tdata-forminator-render=\"0\"\n\t\t\t\tdata-form-id=\"6134\"\n\t\t\t\t\n\t\t\t\tdata-design=\"flat\"\n\t\t\t\t\n\t\t\t\t\n\t\t\t\t\n\t\t\t\tdata-grid=\"open\"\n\t\t\t\t\n\t\t\t\t\n\t\t\t\tstyle=\"display: none;\"\n\t\t\t\t\n\t\t\t\tdata-uid=\"69e22a1d54855\"\n\t\t\t><div role=\"alert\" aria-live=\"polite\" class=\"forminator-response-message forminator-error\" aria-hidden=\"true\"><\/div><div class=\"forminator-row\"><div id=\"name-1\" class=\"forminator-field-name forminator-col forminator-col-12 \"><div class=\"forminator-row forminator-no-margin\" data-multiple=\"true\"><div class=\"forminator-col forminator-col-md-6\"><div class=\"forminator-field\"><label for=\"forminator-field-first-name-1_69e22a1d54855\" id=\"forminator-field-first-name-1_69e22a1d54855-label\" class=\"forminator-label\">Pr\u00e9nom <span class=\"forminator-required\">*<\/span><\/label><input type=\"text\" name=\"name-1-first-name\" placeholder=\"Par exemple, Fran\u00e7ois\" id=\"forminator-field-first-name-1_69e22a1d54855\" class=\"forminator-input\" aria-required=\"true\" data-multi=\"1\" value=\"\" \/><\/div><\/div><div class=\"forminator-col forminator-col-md-6\"><div class=\"forminator-field\"><label for=\"forminator-field-last-name-1_69e22a1d54855\" id=\"forminator-field-last-name-1_69e22a1d54855-label\" class=\"forminator-label\">Nom de famille <span class=\"forminator-required\">*<\/span><\/label><input type=\"text\" name=\"name-1-last-name\" placeholder=\"Ex : Dupont\" id=\"forminator-field-last-name-1_69e22a1d54855\" class=\"forminator-input\" aria-required=\"true\" data-multi=\"1\" value=\"\" \/><\/div><\/div><\/div><\/div><\/div><div class=\"forminator-row\"><div id=\"email-1\" class=\"forminator-field-email forminator-col forminator-col-12 \"><div class=\"forminator-field\"><label for=\"forminator-field-email-1_69e22a1d54855\" id=\"forminator-field-email-1_69e22a1d54855-label\" class=\"forminator-label\">Adresse email <span class=\"forminator-required\">*<\/span><\/label><input type=\"email\" name=\"email-1\" value=\"\" placeholder=\"Par exemple : francois@dupont.com\" id=\"forminator-field-email-1_69e22a1d54855\" class=\"forminator-input forminator-email--field\" data-required=\"1\" aria-required=\"true\" \/><\/div><\/div><\/div><div class=\"forminator-row\"><div id=\"address-1\" class=\"forminator-field-address forminator-col forminator-col-12 \"><div class=\"forminator-row\" data-multiple=\"true\"><div id=\"address-1-city\" class=\"forminator-col forminator-col-6\"><div class=\"forminator-field\"><label for=\"forminator-field-address-1-city_69e22a1d54855\" id=\"forminator-field-address-1-city_69e22a1d54855-label\" class=\"forminator-label\">Ville <span class=\"forminator-required\">*<\/span><\/label><input type=\"text\" name=\"address-1-city\" placeholder=\"\" id=\"forminator-field-address-1-city_69e22a1d54855\" class=\"forminator-input\" data-required=\"1\" aria-required=\"true\" value=\"\" \/><\/div><\/div><div id=\"address-1-state\" class=\"forminator-col forminator-col-6\"><div class=\"forminator-field\"><label for=\"forminator-field-address-1-state_69e22a1d54855\" id=\"forminator-field-address-1-state_69e22a1d54855-label\" class=\"forminator-label\">R\u00e9gion ou d\u00e9partement <span class=\"forminator-required\">*<\/span><\/label><input type=\"text\" name=\"address-1-state\" placeholder=\"\" id=\"forminator-field-address-1-state_69e22a1d54855\" class=\"forminator-input\" data-required=\"1\" aria-required=\"true\" value=\"\" \/><\/div><\/div><\/div><\/div><\/div><div class=\"forminator-row\"><div id=\"text-5\" class=\"forminator-field-text forminator-col forminator-col-12 \"><div class=\"forminator-field\"><label for=\"forminator-field-text-5_69e22a1d54855\" id=\"forminator-field-text-5_69e22a1d54855-label\" class=\"forminator-label\">Pays <span class=\"forminator-required\">*<\/span><\/label><input type=\"text\" name=\"text-5\" value=\"\" placeholder=\"\" id=\"forminator-field-text-5_69e22a1d54855\" class=\"forminator-input forminator-name--field\" data-required=\"1\" \/><\/div><\/div><\/div><div class=\"forminator-row\"><div id=\"text-4\" class=\"forminator-field-text forminator-col forminator-col-12 \"><div class=\"forminator-field\"><label for=\"forminator-field-text-4_69e22a1d54855\" id=\"forminator-field-text-4_69e22a1d54855-label\" class=\"forminator-label\">N\u00b0 de Smart Card <span class=\"forminator-required\">*<\/span><\/label><input type=\"text\" name=\"text-4\" value=\"\" placeholder=\"\" id=\"forminator-field-text-4_69e22a1d54855\" class=\"forminator-input forminator-name--field\" data-required=\"1\" \/><\/div><\/div><\/div><div class=\"forminator-row\"><div id=\"phone-1\" class=\"forminator-field-phone forminator-col forminator-col-12 \"><div class=\"forminator-field\"><label for=\"forminator-field-phone-1_69e22a1d54855\" id=\"forminator-field-phone-1_69e22a1d54855-label\" class=\"forminator-label\">N\u00b0 de t\u00e9l\u00e9phone <span class=\"forminator-required\">*<\/span><\/label><input type=\"text\" name=\"phone-1\" value=\"\" placeholder=\"\" id=\"forminator-field-phone-1_69e22a1d54855\" class=\"forminator-input forminator-field--phone\" data-required=\"1\" aria-required=\"true\" autocomplete=\"off\" data-national_mode=\"disabled\" data-country=\"US\" data-validation=\"international\" \/><\/div><\/div><\/div><div class=\"forminator-row\"><div id=\"textarea-1\" class=\"forminator-field-textarea forminator-col forminator-col-12 \"><div class=\"forminator-field\"><label for=\"forminator-field-textarea-1_69e22a1d54855\" id=\"forminator-field-textarea-1_69e22a1d54855-label\" class=\"forminator-label\">Message<\/label><textarea name=\"textarea-1\" placeholder=\"\u00c9crivez votre message...\" id=\"forminator-field-textarea-1_69e22a1d54855\" class=\"forminator-textarea\" rows=\"6\" style=\"min-height:140px;\" maxlength=\"300\" ><\/textarea><span id=\"forminator-field-textarea-1_69e22a1d54855-description\" class=\"forminator-description\"><span data-limit=\"300\" data-type=\"characters\" data-editor=\"\">0 \/ 300<\/span><\/span><\/div><\/div><\/div><div class=\"forminator-row\"><div id=\"consent-1\" class=\"forminator-field-consent forminator-col forminator-col-12 \"><div class=\"forminator-field\"><label for=\"forminator-field-consent-1_69e22a1d54855\" id=\"forminator-field-consent-1_69e22a1d54855-label\" class=\"forminator-label\">Consentement <span class=\"forminator-required\">*<\/span><\/label><div class=\"forminator-checkbox__wrapper\"><label for=\"forminator-field-consent-1_69e22a1d54855\" id=\"forminator-field-consent-1_69e22a1d54855__label\" class=\"forminator-checkbox forminator-consent\"><input type=\"checkbox\" name=\"consent-1\" id=\"forminator-field-consent-1_69e22a1d54855\" value=\"checked\" aria-labelledby=\"forminator-field-consent-1_69e22a1d54855-label\" aria-describedby=\"forminator-field-consent-1_69e22a1d54855__description\" data-required=\"true\" aria-required=\"true\" \/><span class=\"forminator-checkbox-box\" aria-hidden=\"true\"><\/span><\/label><div id=\"forminator-field-consent-1_69e22a1d54855__description\" class=\"forminator-checkbox__label forminator-consent__label\"><p style=\"font-weight: 400\">Oui, j\u2019accepte la <a href=\"https:\/\/ks-team.online\/privacy-policy\/\">politique de confidentialit\u00e9<\/a>.<\/p><\/div><\/div><\/div><\/div><\/div><div class=\"forminator-row\"><div id=\"captcha-1\" class=\"forminator-field-captcha forminator-col forminator-col-12 \"><div class=\"forminator-captcha-left forminator-g-recaptcha recaptcha-invisible\" data-theme=\"light\" data-badge=\"bottomright\" data-sitekey=\"6Ld5fbMgAAAAADSAZaJX1zfHY0M1kZ-QxPHvMWri\" data-size=\"invisible\"><\/div> <\/div><\/div><input type=\"hidden\" name=\"referer_url\" value=\"\" \/><div class=\"forminator-row forminator-row-last\"><div class=\"forminator-col\"><div class=\"forminator-field\"><button class=\"forminator-button forminator-button-submit\">Envoyez le message<\/button><\/div><\/div><\/div><input type=\"hidden\" id=\"forminator_nonce\" name=\"forminator_nonce\" value=\"8f81b295d2\" \/><input type=\"hidden\" name=\"_wp_http_referer\" value=\"\/fr\/wp-json\/wp\/v2\/pages\/6131\" \/><input type=\"hidden\" name=\"form_id\" value=\"6134\"><input type=\"hidden\" name=\"page_id\" value=\"6131\"><input type=\"hidden\" name=\"form_type\" value=\"default\"><input type=\"hidden\" name=\"current_url\" value=\"https:\/\/ks-team.online\/fr\/revision-de-connaissance\/\"><input type=\"hidden\" name=\"render_id\" value=\"0\"><input type=\"hidden\" name=\"action\" value=\"forminator_submit_form_custom-forms\"><\/form>\n<p>&nbsp;<\/p>\n<p>[\/et_pb_text][\/et_pb_column][\/et_pb_row][\/et_pb_section][et_pb_section fb_built=\u00a0\u00bb1&Prime; _builder_version=\u00a0\u00bb4.25.1&Prime; _module_preset=\u00a0\u00bbdefault\u00a0\u00bb background_color=\u00a0\u00bb#444444&Prime; custom_margin=\u00a0\u00bb||||false|false\u00a0\u00bb custom_padding=\u00a0\u00bb5px||5px||false|false\u00a0\u00bb global_colors_info=\u00a0\u00bb{}\u00a0\u00bb][et_pb_row _builder_version=\u00a0\u00bb4.25.1&Prime; _module_preset=\u00a0\u00bbdefault\u00a0\u00bb custom_padding=\u00a0\u00bb||4px||false|false\u00a0\u00bb global_colors_info=\u00a0\u00bb{}\u00a0\u00bb][et_pb_column type=\u00a0\u00bb4_4&Prime; _builder_version=\u00a0\u00bb4.25.1&Prime; _module_preset=\u00a0\u00bbdefault\u00a0\u00bb global_colors_info=\u00a0\u00bb{}\u00a0\u00bb][et_pb_text _builder_version=\u00a0\u00bb4.25.1&Prime; _module_preset=\u00a0\u00bbdefault\u00a0\u00bb text_text_color=\u00a0\u00bb#cccccc\u00a0\u00bb text_orientation=\u00a0\u00bbcenter\u00a0\u00bb hover_enabled=\u00a0\u00bb0&Prime; global_colors_info=\u00a0\u00bb{}\u00a0\u00bb sticky_enabled=\u00a0\u00bb0&Prime;]\u00a92024 Prem Rawat. Tous droits r\u00e9serv\u00e9s.<br \/>\nEn consultant notre site internet, vous acceptez l\u2019utilisation de cookies et la collecte de vos donn\u00e9es.<br \/>\nVeuillez consulter notre <a href=\"https:\/\/ks-team.online\/fr\/politique-de-confidentialite\/\">politique de confidentialit\u00e9<\/a>.[\/et_pb_text][\/et_pb_column][\/et_pb_row][\/et_pb_section]<\/p>\n","protected":false},"excerpt":{"rendered":"<p>R\u00c9VISION DE CONNAISSANCE Les r\u00e9visions de Connaissance sont r\u00e9serv\u00e9es aux personnes qui ont appris les techniques de la Connaissance enseign\u00e9es par Prem Rawat. Les sessions de r\u00e9vision ont lieu r\u00e9guli\u00e8rement et sont programm\u00e9es en fonction de la disponibilit\u00e9 des \u00e9quipes r\u00e9gionales. Au cours d\u2019une r\u00e9vision de Connaissance, vous pourrez revoir et pratiquer les techniques pr\u00e9sent\u00e9es [&hellip;]<\/p>\n","protected":false},"author":3,"featured_media":0,"parent":0,"menu_order":0,"comment_status":"closed","ping_status":"closed","template":"","meta":{"_et_pb_use_builder":"on","_et_pb_old_content":"","_et_gb_content_width":"","footnotes":""},"class_list":["post-6131","page","type-page","status-publish","hentry"],"_links":{"self":[{"href":"https:\/\/ks-team.online\/fr\/wp-json\/wp\/v2\/pages\/6131","targetHints":{"allow":["GET"]}}],"collection":[{"href":"https:\/\/ks-team.online\/fr\/wp-json\/wp\/v2\/pages"}],"about":[{"href":"https:\/\/ks-team.online\/fr\/wp-json\/wp\/v2\/types\/page"}],"author":[{"embeddable":true,"href":"https:\/\/ks-team.online\/fr\/wp-json\/wp\/v2\/users\/3"}],"replies":[{"embeddable":true,"href":"https:\/\/ks-team.online\/fr\/wp-json\/wp\/v2\/comments?post=6131"}],"version-history":[{"count":5,"href":"https:\/\/ks-team.online\/fr\/wp-json\/wp\/v2\/pages\/6131\/revisions"}],"predecessor-version":[{"id":6260,"href":"https:\/\/ks-team.online\/fr\/wp-json\/wp\/v2\/pages\/6131\/revisions\/6260"}],"wp:attachment":[{"href":"https:\/\/ks-team.online\/fr\/wp-json\/wp\/v2\/media?parent=6131"}],"curies":[{"name":"wp","href":"https:\/\/api.w.org\/{rel}","templated":true}]}}