{"id":6149,"date":"2022-06-21T19:15:32","date_gmt":"2022-06-21T23:15:32","guid":{"rendered":"https:\/\/ks-team.online\/knowledge-session\/"},"modified":"2025-04-11T17:36:12","modified_gmt":"2025-04-11T21:36:12","slug":"knowledge-session","status":"publish","type":"page","link":"https:\/\/ks-team.online\/fr\/knowledge-session\/","title":{"rendered":"LA SESSION DE CONNAISSANCE"},"content":{"rendered":"<p>[et_pb_section fb_built=\u00a0\u00bb1&Prime; fullwidth=\u00a0\u00bbon\u00a0\u00bb _builder_version=\u00a0\u00bb4.17.4&Prime; _module_preset=\u00a0\u00bbdefault\u00a0\u00bb global_colors_info=\u00a0\u00bb{}\u00a0\u00bb][et_pb_fullwidth_image src=\u00a0\u00bbhttps:\/\/ks-team.online\/wp-content\/uploads\/2023\/01\/Milan-Inner-Header.jpg\u00a0\u00bb title_text=\u00a0\u00bbMilan\u00a0\u00bb _builder_version=\u00a0\u00bb4.17.4&Prime; _module_preset=\u00a0\u00bbdefault\u00a0\u00bb global_colors_info=\u00a0\u00bb{}\u00a0\u00bb][\/et_pb_fullwidth_image][\/et_pb_section][et_pb_section fb_built=\u00a0\u00bb1&Prime; _builder_version=\u00a0\u00bb4.17.4&Prime; _module_preset=\u00a0\u00bbdefault\u00a0\u00bb global_colors_info=\u00a0\u00bb{}\u00a0\u00bb][et_pb_row _builder_version=\u00a0\u00bb4.17.4&Prime; _module_preset=\u00a0\u00bbdefault\u00a0\u00bb custom_padding=\u00a0\u00bb18px|||||\u00a0\u00bb global_colors_info=\u00a0\u00bb{}\u00a0\u00bb][et_pb_column type=\u00a0\u00bb4_4&Prime; _builder_version=\u00a0\u00bb4.17.4&Prime; _module_preset=\u00a0\u00bbdefault\u00a0\u00bb global_colors_info=\u00a0\u00bb{}\u00a0\u00bb][et_pb_text _builder_version=\u00a0\u00bb4.17.4&Prime; _module_preset=\u00a0\u00bbdefault\u00a0\u00bb text_font=\u00a0\u00bb||||||||\u00a0\u00bb text_font_size=\u00a0\u00bb20px\u00a0\u00bb text_line_height=\u00a0\u00bb1.75em\u00a0\u00bb header_font=\u00a0\u00bbLato|700||on|||||\u00a0\u00bb header_2_font=\u00a0\u00bbLato|700|||||||\u00a0\u00bb header_2_line_height=\u00a0\u00bb1.8em\u00a0\u00bb header_3_font=\u00a0\u00bbLato|700|||||||\u00a0\u00bb header_3_line_height=\u00a0\u00bb1.6em\u00a0\u00bb custom_margin=\u00a0\u00bb||12px|||\u00a0\u00bb custom_padding=\u00a0\u00bb||0px|||\u00a0\u00bb inline_fonts=\u00a0\u00bbLato\u00a0\u00bb global_colors_info=\u00a0\u00bb{}\u00a0\u00bb]<\/p>\n<h2>LA SESSION DE CONNAISSANCE<\/h2>\n<p>[\/et_pb_text][et_pb_testimonial _builder_version=\u00a0\u00bb4.22.1&Prime; _module_preset=\u00a0\u00bbdefault\u00a0\u00bb body_font_size=\u00a0\u00bb20px\u00a0\u00bb body_line_height=\u00a0\u00bb1.75em\u00a0\u00bb author_font=\u00a0\u00bb|600|||||||\u00a0\u00bb author_text_align=\u00a0\u00bbleft\u00a0\u00bb author_line_height=\u00a0\u00bb1em\u00a0\u00bb text_orientation=\u00a0\u00bbcenter\u00a0\u00bb custom_margin=\u00a0\u00bb||||false|false\u00a0\u00bb global_colors_info=\u00a0\u00bb{}\u00a0\u00bb]<\/p>\n<p><span>\u00ab\u00a0Ce que j&rsquo;offre est plus que des mots. J&rsquo;offre le savoir-faire<br \/>pour acc\u00e9der \u00e0 l&rsquo;exp\u00e9rience de la paix et de l&rsquo;\u00e9panouissement.<br \/>J&rsquo;appelle cela la Connaissance.\u00a0\u00bb <br \/><em>-Prem Rawat<\/em><\/span><span><\/span><\/p>\n<p>[\/et_pb_testimonial][et_pb_text _builder_version=\u00a0\u00bb4.22.1&Prime; _module_preset=\u00a0\u00bbdefault\u00a0\u00bb text_font_size=\u00a0\u00bb18px\u00a0\u00bb text_line_height=\u00a0\u00bb1.8em\u00a0\u00bb custom_margin=\u00a0\u00bb||24px||false|false\u00a0\u00bb custom_padding=\u00a0\u00bb||||false|false\u00a0\u00bb global_colors_info=\u00a0\u00bb{}\u00a0\u00bb]<\/p>\n<p>Prem Rawat offre un moyen, appel\u00e9 la Connaissance, pour d\u00e9couvrir la paix int\u00e9rieure.<\/p>\n<p>Son cours autodidacte appel\u00e9 \u00ab\u00a0PEAK\u00a0\u00bb (Peace Education and Knowledge) est une pr\u00e9paration \u00e0 l&rsquo;apprentissage de la pratique quotidienne de la connaissance. La participation \u00e0 PEAK et l&rsquo;apprentissage des techniques de connaissance de soi sont gratuits. <\/p>\n<p>Prem fournit \u00e9galement des conseils, de l&rsquo;inspiration et des informations par le biais d&rsquo;\u00e9v\u00e9nements en direct, de contenus vid\u00e9o, de livres et de podcasts. Comme il le dit lui-m\u00eame : <\/p>\n<p style=\"text-align: center;\"><em>Si vous souhaitez en savoir plus sur le PEAK, cliquez ci-dessous.<\/em><\/p>\n<p>[\/et_pb_text][et_pb_toggle title=\u00a0\u00bbD\u00e9couvrir le PEAK\u00a0\u00bb disabled_on=\u00a0\u00bbon|on|on\u00a0\u00bb _builder_version=\u00a0\u00bb4.17.4&Prime; _module_preset=\u00a0\u00bbdefault\u00a0\u00bb title_font=\u00a0\u00bb|600|||||||\u00a0\u00bb body_font_size=\u00a0\u00bb16px\u00a0\u00bb custom_margin=\u00a0\u00bb||||false|false\u00a0\u00bb custom_padding=\u00a0\u00bb||||false|false\u00a0\u00bb disabled=\u00a0\u00bbon\u00a0\u00bb global_colors_info=\u00a0\u00bb{}\u00a0\u00bb]<span>Le PEAK est un programme \u00e9ducatif qui vous am\u00e8ne \u00e0 explorer votre potentiel, \u00e0 reconna\u00eetre votre \u00eatre profond, \u00e0 d\u00e9couvrir vos ressources personnelles et prendre conscience de la paix qui r\u00e9side dans le c\u0153ur.<\/span><\/p>\n<p><span>PEAK se compose de neuf chapitres qui abordent des sujets sous un angle nouveau pour repenser, reconsid\u00e9rer et red\u00e9couvrir ce que vous avez toujours su. Le bonheur, l&rsquo;espoir et la paix sont toujours \u00e0 la port\u00e9e de chaque \u00eatre humain. Ils sont en nous, o\u00f9 que nous allions. Quoi que nous fassions, nous les portons en nous.   <\/span><\/p>\n<p><span>Une fois que vous avez termin\u00e9 la s\u00e9rie, vous trouverez un chapitre suppl\u00e9mentaire, La s\u00e9ance de connaissance, dans lequel vous pouvez apprendre des techniques pratiques pour commencer \u00e0 vous connecter \u00e0 la paix qui r\u00e9side dans votre c\u0153ur. Les techniques de la Connaissance vous permettent de ne plus vous concentrer sur l&rsquo;ext\u00e9rieur, mais sur l&rsquo;int\u00e9rieur, l\u00e0 o\u00f9, dans votre c\u0153ur, vous pouvez sentir et comprendre qui vous \u00eates vraiment. <\/span><\/p>\n<p><span><i>Disponible en fran\u00e7ais, anglais, espagnol et italien.<\/i><\/span><\/p>\n<p><span>Acc\u00e9dez au PEAK via l\u2019application TimelessToday pour \u00eatre guid\u00e9 dans ce voyage vers vous-m\u00eame.<\/span><\/p>\n<p><span><a href=\"https:\/\/play.google.com\/store\/apps\/details?id=com.app.timelesstoday\" target=\"blank\" rel=\"noopener\">Pour Android<\/a><\/span><\/p>\n<p><span><a href=\"https:\/\/itunes.apple.com\/us\/app\/timelesstoday\/id1296216379?mt=8\" target=\"blank\" rel=\"noopener\">Pour Iphone et Ipad<\/a><\/span>[\/et_pb_toggle][et_pb_button button_url=\u00a0\u00bbhttps:\/\/www.intelligentexistence.com\/peak-french\/\u00a0\u00bb url_new_window=\u00a0\u00bbon\u00a0\u00bb button_text=\u00a0\u00bbD\u00e9couvrir le PEAK\u00a0\u00bb button_alignment=\u00a0\u00bbcenter\u00a0\u00bb disabled_on=\u00a0\u00bboff|off|off\u00a0\u00bb _builder_version=\u00a0\u00bb4.27.4&Prime; _module_preset=\u00a0\u00bbdefault\u00a0\u00bb custom_button=\u00a0\u00bbon\u00a0\u00bb button_text_size=\u00a0\u00bb13px\u00a0\u00bb button_text_color=\u00a0\u00bb#FFFFFF\u00a0\u00bb button_bg_color=\u00a0\u00bbrgba(64,92,115,0.92)\u00a0\u00bb button_border_width=\u00a0\u00bb0px\u00a0\u00bb button_border_radius=\u00a0\u00bb6px\u00a0\u00bb button_letter_spacing=\u00a0\u00bb1px\u00a0\u00bb button_font=\u00a0\u00bbLato|700||on|||||\u00a0\u00bb button_use_icon=\u00a0\u00bboff\u00a0\u00bb custom_margin=\u00a0\u00bb32px||||false|false\u00a0\u00bb custom_padding=\u00a0\u00bb10px|30px|10px|30px\u00a0\u00bb hover_enabled=\u00a0\u00bb0&Prime; button_letter_spacing_hover=\u00a0\u00bb1px\u00a0\u00bb button_bg_color_hover=\u00a0\u00bbrgba(60,57,230,0.2)\u00a0\u00bb locked=\u00a0\u00bboff\u00a0\u00bb global_colors_info=\u00a0\u00bb{}\u00a0\u00bb button_text_size__hover_enabled=\u00a0\u00bboff\u00a0\u00bb button_one_text_size__hover_enabled=\u00a0\u00bboff\u00a0\u00bb button_two_text_size__hover_enabled=\u00a0\u00bboff\u00a0\u00bb button_text_color__hover_enabled=\u00a0\u00bboff\u00a0\u00bb button_one_text_color__hover_enabled=\u00a0\u00bboff\u00a0\u00bb button_two_text_color__hover_enabled=\u00a0\u00bboff\u00a0\u00bb button_border_width__hover_enabled=\u00a0\u00bboff\u00a0\u00bb button_one_border_width__hover_enabled=\u00a0\u00bboff\u00a0\u00bb button_two_border_width__hover_enabled=\u00a0\u00bboff\u00a0\u00bb button_border_color__hover_enabled=\u00a0\u00bboff\u00a0\u00bb button_one_border_color__hover_enabled=\u00a0\u00bboff\u00a0\u00bb button_two_border_color__hover_enabled=\u00a0\u00bboff\u00a0\u00bb button_border_radius__hover_enabled=\u00a0\u00bboff\u00a0\u00bb button_one_border_radius__hover_enabled=\u00a0\u00bboff\u00a0\u00bb button_two_border_radius__hover_enabled=\u00a0\u00bboff\u00a0\u00bb button_letter_spacing__hover_enabled=\u00a0\u00bbon\u00a0\u00bb button_letter_spacing__hover=\u00a0\u00bb1px\u00a0\u00bb button_one_letter_spacing__hover_enabled=\u00a0\u00bboff\u00a0\u00bb button_two_letter_spacing__hover_enabled=\u00a0\u00bboff\u00a0\u00bb button_bg_color__hover_enabled=\u00a0\u00bbon|hover\u00a0\u00bb button_bg_color__hover=\u00a0\u00bbrgba(44,99,165,0.92)\u00a0\u00bb button_one_bg_color__hover_enabled=\u00a0\u00bboff\u00a0\u00bb button_two_bg_color__hover_enabled=\u00a0\u00bboff\u00a0\u00bb button_bg_enable_color__hover=\u00a0\u00bbon\u00a0\u00bb sticky_enabled=\u00a0\u00bb0&Prime;][\/et_pb_button][et_pb_button button_url=\u00a0\u00bb@ET-DC@eyJkeW5hbWljIjp0cnVlLCJjb250ZW50IjoicG9zdF9saW5rX3VybF9wYWdlIiwic2V0dGluZ3MiOnsicG9zdF9pZCI6IjExMTUiLCJlbmFibGVfaHRtbCI6Im9mZiJ9fQ==@\u00a0\u00bb button_text=\u00a0\u00bbRequest a Knowledge Session\u00a0\u00bb button_alignment=\u00a0\u00bbleft\u00a0\u00bb disabled_on=\u00a0\u00bbon|on|on\u00a0\u00bb _builder_version=\u00a0\u00bb4.17.4&Prime; _dynamic_attributes=\u00a0\u00bbbutton_url\u00a0\u00bb _module_preset=\u00a0\u00bbdefault\u00a0\u00bb custom_button=\u00a0\u00bbon\u00a0\u00bb button_text_size=\u00a0\u00bb13px\u00a0\u00bb button_text_color=\u00a0\u00bb#FFFFFF\u00a0\u00bb button_bg_color=\u00a0\u00bbrgba(64,92,115,0.92)\u00a0\u00bb button_border_width=\u00a0\u00bb0px\u00a0\u00bb button_border_radius=\u00a0\u00bb6px\u00a0\u00bb button_letter_spacing=\u00a0\u00bb1px\u00a0\u00bb button_font=\u00a0\u00bbLato|700||on|||||\u00a0\u00bb button_use_icon=\u00a0\u00bboff\u00a0\u00bb custom_margin=\u00a0\u00bb32px||||false|false\u00a0\u00bb custom_padding=\u00a0\u00bb10px|30px|10px|30px\u00a0\u00bb button_letter_spacing_hover=\u00a0\u00bb1px\u00a0\u00bb button_bg_color_hover=\u00a0\u00bbrgba(60,57,230,0.2)\u00a0\u00bb disabled=\u00a0\u00bbon\u00a0\u00bb locked=\u00a0\u00bboff\u00a0\u00bb global_colors_info=\u00a0\u00bb{}\u00a0\u00bb button_text_size__hover_enabled=\u00a0\u00bboff\u00a0\u00bb button_one_text_size__hover_enabled=\u00a0\u00bboff\u00a0\u00bb button_two_text_size__hover_enabled=\u00a0\u00bboff\u00a0\u00bb button_text_color__hover_enabled=\u00a0\u00bboff\u00a0\u00bb button_one_text_color__hover_enabled=\u00a0\u00bboff\u00a0\u00bb button_two_text_color__hover_enabled=\u00a0\u00bboff\u00a0\u00bb button_border_width__hover_enabled=\u00a0\u00bboff\u00a0\u00bb button_one_border_width__hover_enabled=\u00a0\u00bboff\u00a0\u00bb button_two_border_width__hover_enabled=\u00a0\u00bboff\u00a0\u00bb button_border_color__hover_enabled=\u00a0\u00bboff\u00a0\u00bb button_one_border_color__hover_enabled=\u00a0\u00bboff\u00a0\u00bb button_two_border_color__hover_enabled=\u00a0\u00bboff\u00a0\u00bb button_border_radius__hover_enabled=\u00a0\u00bboff\u00a0\u00bb button_one_border_radius__hover_enabled=\u00a0\u00bboff\u00a0\u00bb button_two_border_radius__hover_enabled=\u00a0\u00bboff\u00a0\u00bb button_letter_spacing__hover_enabled=\u00a0\u00bbon\u00a0\u00bb button_letter_spacing__hover=\u00a0\u00bb1px\u00a0\u00bb button_one_letter_spacing__hover_enabled=\u00a0\u00bboff\u00a0\u00bb button_two_letter_spacing__hover_enabled=\u00a0\u00bboff\u00a0\u00bb button_bg_color__hover_enabled=\u00a0\u00bbon|hover\u00a0\u00bb button_bg_color__hover=\u00a0\u00bbrgba(44,99,165,0.92)\u00a0\u00bb button_one_bg_color__hover_enabled=\u00a0\u00bboff\u00a0\u00bb button_two_bg_color__hover_enabled=\u00a0\u00bboff\u00a0\u00bb button_bg_enable_color__hover=\u00a0\u00bbon\u00a0\u00bb][\/et_pb_button][\/et_pb_column][\/et_pb_row][\/et_pb_section][et_pb_section fb_built=\u00a0\u00bb1&Prime; _builder_version=\u00a0\u00bb4.25.1&Prime; _module_preset=\u00a0\u00bbdefault\u00a0\u00bb background_color=\u00a0\u00bb#444444&Prime; custom_margin=\u00a0\u00bb||||false|false\u00a0\u00bb custom_padding=\u00a0\u00bb10px||10px||false|false\u00a0\u00bb global_colors_info=\u00a0\u00bb{}\u00a0\u00bb][et_pb_row _builder_version=\u00a0\u00bb4.25.1&Prime; _module_preset=\u00a0\u00bbdefault\u00a0\u00bb custom_padding=\u00a0\u00bb||4px||false|false\u00a0\u00bb global_colors_info=\u00a0\u00bb{}\u00a0\u00bb][et_pb_column type=\u00a0\u00bb4_4&Prime; _builder_version=\u00a0\u00bb4.25.1&Prime; _module_preset=\u00a0\u00bbdefault\u00a0\u00bb global_colors_info=\u00a0\u00bb{}\u00a0\u00bb][et_pb_text _builder_version=\u00a0\u00bb4.25.1&Prime; _module_preset=\u00a0\u00bbdefault\u00a0\u00bb text_text_color=\u00a0\u00bb#cccccc\u00a0\u00bb text_orientation=\u00a0\u00bbcenter\u00a0\u00bb global_colors_info=\u00a0\u00bb{}\u00a0\u00bb]\u00a92024 Prem Rawat. Tous droits r\u00e9serv\u00e9s.<br \/>En utilisant notre site web, vous acceptez l&rsquo;utilisation de cookies et la collecte de certaines donn\u00e9es.<br \/>Veuillez consulter notre <a href=\"https:\/\/ks-team.online\/fr\/politique-de-confidentialite\/\">politique de confidentialit\u00e9<\/a>.[\/et_pb_text][\/et_pb_column][\/et_pb_row][\/et_pb_section]<\/p>\n","protected":false},"excerpt":{"rendered":"<p>LA SESSION DE CONNAISSANCE\u00a0\u00bbCe que j&rsquo;offre est plus que des mots. J&rsquo;offre le savoir-fairepour acc\u00e9der \u00e0 l&rsquo;exp\u00e9rience de la paix et de l&rsquo;\u00e9panouissement.J&rsquo;appelle cela la Connaissance.\u00a0\u00bb -Prem RawatPrem Rawat offre un moyen, appel\u00e9 la Connaissance, pour d\u00e9couvrir la paix int\u00e9rieure. Son cours autodidacte appel\u00e9 \u00ab\u00a0PEAK\u00a0\u00bb (Peace Education and Knowledge) est une pr\u00e9paration \u00e0 l&rsquo;apprentissage de [&hellip;]<\/p>\n","protected":false},"author":3,"featured_media":0,"parent":0,"menu_order":0,"comment_status":"closed","ping_status":"closed","template":"","meta":{"_et_pb_use_builder":"on","_et_pb_old_content":"","_et_gb_content_width":"","footnotes":""},"class_list":["post-6149","page","type-page","status-publish","hentry"],"_links":{"self":[{"href":"https:\/\/ks-team.online\/fr\/wp-json\/wp\/v2\/pages\/6149","targetHints":{"allow":["GET"]}}],"collection":[{"href":"https:\/\/ks-team.online\/fr\/wp-json\/wp\/v2\/pages"}],"about":[{"href":"https:\/\/ks-team.online\/fr\/wp-json\/wp\/v2\/types\/page"}],"author":[{"embeddable":true,"href":"https:\/\/ks-team.online\/fr\/wp-json\/wp\/v2\/users\/3"}],"replies":[{"embeddable":true,"href":"https:\/\/ks-team.online\/fr\/wp-json\/wp\/v2\/comments?post=6149"}],"version-history":[{"count":14,"href":"https:\/\/ks-team.online\/fr\/wp-json\/wp\/v2\/pages\/6149\/revisions"}],"predecessor-version":[{"id":6348,"href":"https:\/\/ks-team.online\/fr\/wp-json\/wp\/v2\/pages\/6149\/revisions\/6348"}],"wp:attachment":[{"href":"https:\/\/ks-team.online\/fr\/wp-json\/wp\/v2\/media?parent=6149"}],"curies":[{"name":"wp","href":"https:\/\/api.w.org\/{rel}","templated":true}]}}