{"id":6187,"date":"2022-05-20T18:19:53","date_gmt":"2022-05-20T22:19:53","guid":{"rendered":"https:\/\/ks-team.online\/politique-de-confidentialite\/"},"modified":"2024-06-04T19:25:34","modified_gmt":"2024-06-04T23:25:34","slug":"politique-de-confidentialite","status":"publish","type":"page","link":"https:\/\/ks-team.online\/fr\/politique-de-confidentialite\/","title":{"rendered":"POLITIQUE DE CONFIDENTIALIT\u00c9"},"content":{"rendered":"<p>[et_pb_section fb_built=\u00a0\u00bb1&Prime; _builder_version=\u00a0\u00bb4.16&Prime; global_colors_info=\u00a0\u00bb{}\u00a0\u00bb][et_pb_row _builder_version=\u00a0\u00bb4.16&Prime; background_size=\u00a0\u00bbinitial\u00a0\u00bb background_position=\u00a0\u00bbtop_left\u00a0\u00bb background_repeat=\u00a0\u00bbrepeat\u00a0\u00bb global_colors_info=\u00a0\u00bb{}\u00a0\u00bb][et_pb_column type=\u00a0\u00bb4_4&Prime; _builder_version=\u00a0\u00bb4.16&Prime; custom_padding=\u00a0\u00bb|||\u00a0\u00bb global_colors_info=\u00a0\u00bb{}\u00a0\u00bb custom_padding__hover=\u00a0\u00bb|||\u00a0\u00bb][et_pb_text _builder_version=\u00a0\u00bb4.22.1&Prime; background_size=\u00a0\u00bbinitial\u00a0\u00bb background_position=\u00a0\u00bbtop_left\u00a0\u00bb background_repeat=\u00a0\u00bbrepeat\u00a0\u00bb global_colors_info=\u00a0\u00bb{}\u00a0\u00bb]<\/p>\n<h2 style=\"font-weight: 400;\"><strong>POLITIQUE DE CONFIDENTIALIT\u00c9<\/strong><\/h2>\n<p style=\"font-weight: 400;\">Date d\u2019entr\u00e9e en vigueur : 23 mai 2022<\/p>\n<p style=\"font-weight: 400;\">KS Team (\u00ab nous \u00bb, \u00ab notre \u00bb ou \u00ab nos \u00bb), sous la direction de Word of Peace Global (\u201cWOPG\u201d), g\u00e8re le site <a href=\"https:\/\/www.ks-team.online\/\">www.ks-team.online<\/a> (le \u00ab Service \u00bb). Nous mettons tout en \u0153uvre pour prot\u00e9ger vos donn\u00e9es personnelles en ligne et nous avons pris les mesures n\u00e9cessaires pour prot\u00e9ger les informations que vous partagez avec nous. Nous recueillons certaines informations personnelles pour vous fournir des services et des contenus personnalis\u00e9s.<\/p>\n<p style=\"font-weight: 400;\">Cette page vous informe sur nos pratiques en mati\u00e8re de collecte, d\u2019utilisation et de transmission des donn\u00e9es personnelles lorsque vous utilisez notre Service et les choix que vous avez associ\u00e9s \u00e0 ces donn\u00e9es.<\/p>\n<p style=\"font-weight: 400;\">Nous utilisons vos donn\u00e9es pour d\u00e9livrer et am\u00e9liorer le Service. En utilisant le Service, vous acceptez la collecte et l\u2019utilisation des informations, conform\u00e9ment \u00e0 cette Politique de confidentialit\u00e9. <\/p>\n<h4 style=\"font-weight: 400;\"><span style=\"text-decoration: underline;\"><strong>D\u00e9finitions<\/strong><\/span><\/h4>\n<p style=\"font-weight: 400;\"><strong>Donn\u00e9es personnelles<\/strong><br \/>Les donn\u00e9es personnelles d\u00e9signent les donn\u00e9es concernant une personne vivante, permettant de l\u2019identifier (donn\u00e9es compl\u00e9t\u00e9es \u00e9ventuellement par d\u2019autres informations en notre possession ou susceptibles de venir en notre possession).<\/p>\n<p style=\"font-weight: 400;\"><strong>Donn\u00e9es d\u2019utilisation<\/strong><br \/>Les donn\u00e9es d\u2019utilisation sont des donn\u00e9es g\u00e9n\u00e9r\u00e9es automatiquement lors de l\u2019utilisation du Service ou par l\u2019infrastructure du Service lui-m\u00eame (par exemple, la dur\u00e9e de visite d\u2019une page).<\/p>\n<p style=\"font-weight: 400;\"><strong>Cookies<\/strong><br \/>Les cookies sont des paquets de donn\u00e9es stock\u00e9s sur l\u2019appareil d\u2019un utilisateur (pour faciliter sa navigation).<\/p>\n<p style=\"font-weight: 400;\"><strong>Contr\u00f4leur de donn\u00e9es<\/strong><br \/>Un contr\u00f4leur de donn\u00e9es d\u00e9signe une personne qui (seule, conjointement ou en commun avec d\u2019autres personnes) d\u00e9termine les objectifs et la mani\u00e8re dont les donn\u00e9es personnelles sont ou doivent \u00eatre trait\u00e9es.<\/p>\n<p style=\"font-weight: 400;\">Dans le cadre de cette Politique de confidentialit\u00e9, nous sommes le contr\u00f4leur de vos donn\u00e9es personnelles.<\/p>\n<p style=\"font-weight: 400;\"><strong>Agent de traitement de donn\u00e9es (ou fournisseur de services tiers)<\/strong><br \/>Un agent de traitement de donn\u00e9es (ou fournisseur de services tiers) d\u00e9signe toute personne (autre qu\u2019un employ\u00e9 du contr\u00f4leur de donn\u00e9es) qui traite les donn\u00e9es au nom du contr\u00f4leur de donn\u00e9es.<\/p>\n<p style=\"font-weight: 400;\">Il peut nous arriver d\u2019utiliser les services de diff\u00e9rents fournisseurs de services tiers afin de traiter vos donn\u00e9es plus efficacement. Ces services sont d\u00e9crits plus en d\u00e9tail ci-dessous.<\/p>\n<p style=\"font-weight: 400;\"><strong>Personne concern\u00e9e<\/strong><br \/>Une personne concern\u00e9e est toute personne vivante qui fait l\u2019objet de la collecte de donn\u00e9es personnelles.<\/p>\n<p style=\"font-weight: 400;\"><strong>Utilisateur<\/strong><br \/>Un utilisateur d\u00e9signe une personne qui utilise notre Service. L\u2019utilisateur correspond \u00e0 la personne concern\u00e9e dont les donn\u00e9es personnelles sont collect\u00e9es.<\/p>\n<p style=\"font-weight: 400;\"><strong><br \/><\/strong>Nous collectons diff\u00e9rents types d\u2019informations \u00e0 des fins diverses pour vous fournir le meilleur Service.<\/p>\n<h4 style=\"font-weight: 400;\"><strong><br \/><span style=\"text-decoration: underline;\">Types de donn\u00e9es collect\u00e9es<\/span><\/strong><\/h4>\n<p style=\"font-weight: 400;\"><strong>Donn\u00e9es personnelles<\/strong><br \/>Au cours de l\u2019utilisation de notre Service, nous pouvons vous demander de nous fournir certaines informations personnelles permettant de vous identifier ou de vous contacter (\u201cdonn\u00e9es personnelles\u201d). Les informations personnelles d\u2019identification peuvent inclure, mais sans se limiter \u00e0 cela :<\/p>\n<ul>\n<li style=\"font-weight: 400;\">\u2022 adresse email<\/li>\n<li style=\"font-weight: 400;\">\u2022 pr\u00e9nom et nom<\/li>\n<li style=\"font-weight: 400;\">\u2022 cookies et donn\u00e9es d\u2019utilisation<\/li>\n<\/ul>\n<p style=\"font-weight: 400;\">Nous pouvons utiliser vos donn\u00e9es personnelles pour vous envoyer des lettres d\u2019information et toute autre communication susceptible de vous int\u00e9resser. Vous pouvez choisir de recevoir ou non ces communications en suivant le lien de d\u00e9sinscription ou les indications fournies dans nos emails, ou encore en nous contactant \u00e0 <u>privacy@ks-team.online<\/u>.<\/p>\n<p style=\"font-weight: 400;\"><strong>Donn\u00e9es d\u2019utilisation<\/strong><br \/>Nous pouvons \u00e9galement collecter des informations concernant la mani\u00e8re dont le Service est consult\u00e9 et utilis\u00e9 (\u201cdonn\u00e9es d\u2019utilisation\u201d). Ces donn\u00e9es d\u2019utilisation peuvent inclure des informations telles que l\u2019adresse de protocole internet de votre ordinateur (adresse IP), le type de navigateur, la version du navigateur, les pages de notre Service que vous avez visit\u00e9es, l\u2019heure et la date de votre visite, le temps pass\u00e9 sur ces pages, les identifiants d\u2019appareil uniques et d\u2019autres donn\u00e9es de diagnostic. <\/p>\n<p style=\"font-weight: 400;\"><strong>Suivi des donn\u00e9es de cookies<\/strong><br \/>Les cookies sont des paquets de donn\u00e9es, pouvant inclure un identifiant anonyme unique. Les cookies sont envoy\u00e9s \u00e0 votre navigateur par un site internet et stock\u00e9s sur votre appareil. <\/p>\n<p style=\"font-weight: 400;\">Nous utilisons des balises web, sous forme de GIF invisibles inclus dans nos emails. Lorsque nous envoyons des messages \u00e0 nos abonn\u00e9s, nous pouvons suivre leur comportement, comme par exemple : qui a ouvert les emails et cliqu\u00e9 sur les liens. Cela nous permet de mesurer les performances de nos campagnes par email et d\u2019am\u00e9liorer nos fonctionnalit\u00e9s pour des cat\u00e9gories sp\u00e9cifiques d\u2019utilisateurs.  <\/p>\n<p style=\"font-weight: 400;\"><strong>Utilisation des donn\u00e9es<\/strong><\/p>\n<p style=\"font-weight: 400;\">La KS Team utilise les donn\u00e9es pour diff\u00e9rentes raisons :<br \/>\u2022 d\u00e9livrer et garantir notre Service,<br \/>\u2022 vous informer des changements de notre Service,<br \/>\u2022 vous permettre d\u2019utiliser les fonctionnalit\u00e9s interactives de notre Service lorsque vous optez pour ce choix,<br \/>\u2022 fournir une assistance utilisateur,<br \/>\u2022 recueillir des analyses ou des informations appropri\u00e9es \u00e0 l\u2019am\u00e9lioration de notre Service,<br \/>\u2022 surveiller l\u2019utilisation de notre Service,<br \/>\u2022 d\u00e9tecter, pr\u00e9venir et corriger des probl\u00e8mes techniques,<br \/>\u2022 vous transmettre des nouvelles et informations g\u00e9n\u00e9rales concernant d\u2019autres services et \u00e9v\u00e9nements que nous proposons et comparables \u00e0 ceux que vous avez d\u00e9j\u00e0 demand\u00e9s, sachant que vous avez toujours l\u2019option de choisir de ne pas recevoir ces informations.<\/p>\n<p style=\"font-weight: 400;\"><strong>Conservation des donn\u00e9es<\/strong><\/p>\n<p style=\"font-weight: 400;\">La KS Team conservera vos donn\u00e9es personnelles uniquement pendant la dur\u00e9e n\u00e9cessaire aux objectifs \u00e9nonc\u00e9s dans la pr\u00e9sente Politique de confidentialit\u00e9. Nous conserverons et utiliserons vos donn\u00e9es personnelles durant la p\u00e9riode n\u00e9cessaire pour nous conformer \u00e0 nos obligations l\u00e9gales (par exemple, si nous sommes tenus de conserver vos donn\u00e9es pour nous conformer aux lois en vigueur), pour nous permettre de r\u00e9soudre des litiges et d\u2019appliquer nos accords juridiques et politiques. <\/p>\n<p style=\"font-weight: 400;\">La KS Team conservera \u00e9galement les donn\u00e9es d\u2019utilisation \u00e0 des fins d\u2019analyse interne. Dans ce cas, les donn\u00e9es d\u2019utilisation sont g\u00e9n\u00e9ralement conserv\u00e9es sur une p\u00e9riode plus courte, sauf lorsqu\u2019elles sont utilis\u00e9es pour renforcer la s\u00e9curit\u00e9 ou am\u00e9liorer les fonctionnalit\u00e9s de notre Service, ou encore si nous sommes l\u00e9galement oblig\u00e9s de les conserver pendant une p\u00e9riode plus longue. <\/p>\n<p style=\"font-weight: 400;\"><strong><span style=\"text-decoration: underline;\">Transfert des donn\u00e9es<\/span><\/strong><\/p>\n<p style=\"font-weight: 400;\">Vos informations, y compris vos donn\u00e9es personnelles, peuvent \u00eatre transf\u00e9r\u00e9es vers \u2013 et conserv\u00e9es sur \u2013 des ordinateurs situ\u00e9s en dehors de votre \u00c9tat, province, pays ou autre juridiction gouvernementale, o\u00f9 les lois sur la protection des donn\u00e9es peuvent diff\u00e9rer de celles de votre juridiction.<\/p>\n<p style=\"font-weight: 400;\">Si vous r\u00e9sidez en dehors des \u00c9tats-Unis et que vous choisissez de nous fournir des informations, veuillez noter que nous transf\u00e9rons les donn\u00e9es, y compris les donn\u00e9es personnelles, aux \u00c9tats-Unis o\u00f9 elles sont trait\u00e9es.<\/p>\n<p style=\"font-weight: 400;\">Votre consentement \u00e0 cette Politique de confidentialit\u00e9, accompagn\u00e9 de la fourniture de telles informations \u00e9quivaut \u00e0 votre accord implicite pour ce transfert.<\/p>\n<p style=\"font-weight: 400;\">La KS Team prendra toutes les mesures raisonnablement n\u00e9cessaires pour s\u2019assurer que vos donn\u00e9es seront trait\u00e9es en toute s\u00e9curit\u00e9 et conform\u00e9ment \u00e0 cette Politique de confidentialit\u00e9, et aucun transfert de vos donn\u00e9es personnelles n\u2019aura lieu vers une autre organisation ou un autre pays, sans des contr\u00f4les suffisants en place, y compris pour assurer la s\u00e9curit\u00e9 de vos donn\u00e9es et informations personnelles.<\/p>\n<h4 style=\"font-weight: 400;\"><span style=\"text-decoration: underline;\"><strong>Transmission de donn\u00e9es<\/strong><\/span><\/h4>\n<p><span style=\"text-decoration: underline;\"><strong><\/strong><\/span><\/p>\n<p style=\"font-weight: 400;\"><strong>Transmission dans le cadre de l\u2019application de la loi<\/strong><\/p>\n<p style=\"font-weight: 400;\">Dans certaines circonstances, la KS Team peut \u00eatre amen\u00e9e \u00e0 communiquer vos donn\u00e9es personnelles si cela est pr\u00e9vu par la loi ou en r\u00e9ponse \u00e0 des demandes l\u00e9gales des autorit\u00e9s publiques (par exemple, un tribunal ou un organisme d\u2019\u00c9tat).<\/p>\n<p style=\"font-weight: 400;\"><strong>Obligations l\u00e9gales<\/strong><\/p>\n<p style=\"font-weight: 400;\">La KS Team peut communiquer vos donn\u00e9es personnelles en toute bonne foi lorsqu\u2019une telle action est n\u00e9cessaire :<br \/>\u2022 pour se conformer \u00e0 une obligation l\u00e9gale,<br \/>\u2022 pour prot\u00e9ger et d\u00e9fendre les droits et la propri\u00e9t\u00e9 de la KS Team,<br \/>\u2022 pour pr\u00e9venir ou enqu\u00eater sur d\u2019\u00e9ventuels actes r\u00e9pr\u00e9hensibles au sein du Service,<br \/>\u2022 pour assurer la s\u00e9curit\u00e9 des utilisateurs du Service ou du public,<br \/>\u2022 pour se prot\u00e9ger contre la responsabilit\u00e9 civile.<\/p>\n<p style=\"font-weight: 400;\"><strong>S\u00e9curit\u00e9 des donn\u00e9es<\/strong><\/p>\n<p style=\"font-weight: 400;\">La s\u00e9curit\u00e9 de vos donn\u00e9es est un enjeu important pour nous, mais rappelez-vous qu\u2019aucune technique de transfert de donn\u00e9es sur internet ou de stockage \u00e9lectronique n\u2019est s\u00e9curis\u00e9e \u00e0 100 %. Bien que nous nous efforcions d\u2019utiliser des moyens commercialement adapt\u00e9s pour prot\u00e9ger vos donn\u00e9es personnelles, nous ne pouvons vous garantir une s\u00e9curit\u00e9 absolue. <\/p>\n<p style=\"font-weight: 400;\"><strong>Requ\u00eate \u201cDo Not Track\u201d (interdire le suivi)<\/strong><\/p>\n<p style=\"font-weight: 400;\">Nous ne reconnaissons pas les requ\u00eates \u201cDo Not Track\u201d (DNT). \u201cNe pas suivre\u201d est une pr\u00e9f\u00e9rence que vous pouvez d\u00e9finir dans votre navigateur internet pour signifier aux sites Web que vous ne souhaitez pas \u00eatre suivi. <\/p>\n<p style=\"font-weight: 400;\">Vous pouvez activer ou d\u00e9sactiver la fonction \u201cNe pas suivre\u201d dans le menu Pr\u00e9f\u00e9rences ou Param\u00e8tres de votre navigateur internet.<\/p>\n<p style=\"font-weight: 400;\"><strong>Vos droits<\/strong><\/p>\n<p style=\"font-weight: 400;\">La KS Team essaie de prendre des mesures raisonnables pour vous permettre de corriger, modifier, supprimer ou limiter l\u2019utilisation de vos donn\u00e9es personnelles.<\/p>\n<p style=\"font-weight: 400;\">Si vous souhaitez conna\u00eetre les donn\u00e9es personnelles que nous d\u00e9tenons \u00e0 votre sujet et si vous souhaitez qu\u2019elles soient supprim\u00e9es de nos syst\u00e8mes ou modifi\u00e9es, veuillez nous contacter \u00e0 <a href=\"mailto:privacy@ks-team.online\">privacy@ks-team.online<\/a>.<\/p>\n<p style=\"font-weight: 400;\">Sous certaines conditions, vous avez le droit :<br \/>\u2022 d\u2019acc\u00e9der et de recevoir une copie des donn\u00e9es personnelles que nous d\u00e9tenons \u00e0 votre sujet,<br \/>\u2022 de faire rectifier des donn\u00e9es personnelles inexactes que nous d\u00e9tenons \u00e0 votre sujet,<br \/>\u2022 de demander la suppression des donn\u00e9es personnelles que nous d\u00e9tenons \u00e0 votre sujet,<br \/>\u2022 de limiter l\u2019utilisation de vos donn\u00e9es personnelles.<\/p>\n<p style=\"font-weight: 400;\">Vous avez le droit \u00e0 la portabilit\u00e9 des donn\u00e9es concernant les informations que vous fournissez en utilisant ce site. Vous pouvez demander une copie de vos donn\u00e9es personnelles dans un format \u00e9lectronique standard afin que vous puissiez les g\u00e9rer et les transmettre. Veuillez noter que nous pouvons vous demander de justifier de votre identit\u00e9 avant de r\u00e9pondre \u00e0 de telles demandes.  <\/p>\n<p style=\"font-weight: 400;\"><strong><span style=\"text-decoration: underline;\">Fournisseurs de services tiers<\/span><br \/><\/strong><\/p>\n<p style=\"font-weight: 400;\">Nous employons certaines soci\u00e9t\u00e9s et personnes tierces pour concourir \u00e0 la bonne marche de notre Service (\u201cFournisseurs de services tiers\u201d), qui d\u00e9livrent le Service en notre nom, effectuent certaines t\u00e2ches li\u00e9es \u00e0 son ex\u00e9cution ou nous aident \u00e0 analyser la fa\u00e7on dont notre Service est utilis\u00e9.<\/p>\n<p style=\"font-weight: 400;\">Ces tiers ont acc\u00e8s \u00e0 vos donn\u00e9es personnelles uniquement pour effectuer ces t\u00e2ches que nous leur sous-traitons et n\u2019ont pas le droit de les transmettre ou de les utiliser \u00e0 d\u2019autres fins. Vous pouvez supprimer vos donn\u00e9es personnelles chez ces fournisseurs de services tiers en envoyant un email \u00e0 <a href=\"\">privacy@ks-team.online<\/a>. <\/p>\n<p style=\"font-weight: 400;\">Pour surveiller et analyser l\u2019utilisation de notre Service, nous utilisons les fournisseurs de services tiers suivants.<\/p>\n<p style=\"font-weight: 400;\"><strong>GOOGLE ANALYTICS<br \/><\/strong><\/p>\n<p style=\"font-weight: 400;\">Nous utilisons Google Analytics (GA) pour des statistiques de sites Web, par le biais de cookies utilisant ce qu\u2019on appelle l\u2019anonymisation IP. GA peut nous fournir des informations telles que le comportement d\u2019un utilisateur sur le site, s\u2019il s\u2019agit d\u2019un utilisateur nouveau ou r\u00e9current, sa localisation g\u00e9ographique, la langue qu\u2019il utilise, le type d\u2019appareil, le syst\u00e8me d\u2019exploitation et le fournisseur d\u2019acc\u00e8s. <\/p>\n<p style=\"font-weight: 400;\"><strong>MAILCHIMP<\/strong><\/p>\n<p style=\"font-weight: 400;\">MailChimp est une plate-forme de marketing automatis\u00e9 qui nous permet d\u2019organiser des campagnes et des mailings pour les personnes int\u00e9ress\u00e9es. MailChimp utilise des balises web, sous forme de GIF invisibles dans nos emails. Lorsque nous envoyons des emails \u00e0 nos abonn\u00e9s, nous pouvons suivre leur comportement, par exemple, savoir qui les a ouverts, qui a cliqu\u00e9 sur les liens. Cela nous permet de mesurer les performances de nos campagnes par email et d\u2019am\u00e9liorer nos fonctionnalit\u00e9s pour des cat\u00e9gories sp\u00e9cifiques d\u2019utilisateurs.   <\/p>\n<p style=\"font-weight: 400;\"><strong>SUPPORTBEE<\/strong><\/p>\n<p style=\"font-weight: 400;\">SupportBee est un progiciel utilis\u00e9 par la KS Team pour cr\u00e9er des fonctionnalit\u00e9s de service client (fonctions \u201cAssistance\u201d). Il peut collecter votre adresse IP, votre adresse email et toute autre information que vous fournissez volontairement pour r\u00e9soudre des probl\u00e8mes techniques ou autres. SupportBee assure \u00e9galement l\u2019archivage des \u00e9changes par email lors d\u2019une demande d\u2019assistance. <\/p>\n<p style=\"font-weight: 400;\"><strong>Liens vers d\u2019autres sites<br \/><\/strong><\/p>\n<p style=\"font-weight: 400;\">Notre Service peut contenir des liens vers d\u2019autres sites qui ne sont pas exploit\u00e9s par nous. Si vous cliquez sur le lien d\u2019un tiers, vous serez redirig\u00e9 vers le site de ce tiers. Nous vous conseillons fortement de consulter la Politique de confidentialit\u00e9 de chaque site que vous visitez.  <\/p>\n<p style=\"font-weight: 400;\">Nous n\u2019exer\u00e7ons aucun contr\u00f4le ni n\u2019assumons aucune responsabilit\u00e9 sur le contenu, les Politiques de confidentialit\u00e9 ou les pratiques des sites ou services tiers.<\/p>\n<p style=\"font-weight: 400;\"><span style=\"text-decoration: underline;\"><strong>Confidentialit\u00e9 concernant les enfants<\/strong><\/span><\/p>\n<p style=\"font-weight: 400;\">Notre Service n\u2019est pas destin\u00e9 aux personnes de moins de 13 ans (\u201cenfants\u201d).<\/p>\n<p style=\"font-weight: 400;\">Nous ne collectons pas sciemment de donn\u00e9es d\u2019identification personnelles aupr\u00e8s de personnes de moins de 13 ans. Si vous \u00eates parent ou tuteur et que vous savez que votre enfant nous a fourni des donn\u00e9es personnelles, veuillez nous contacter. S\u2019il vient \u00e0 notre connaissance que nous avons recueilli des donn\u00e9es personnelles aupr\u00e8s d\u2019enfants, sans consentement pr\u00e9alable des parents, nous prendrons les mesures n\u00e9cessaires pour retirer ces informations de nos serveurs.  <\/p>\n<p style=\"font-weight: 400;\"><strong>Modifications de cette Politique de confidentialit\u00e9<br \/><\/strong><\/p>\n<p style=\"font-weight: 400;\">Nous pouvons, de temps \u00e0 autre, mettre \u00e0 jour notre Politique de confidentialit\u00e9. Nous porterons \u00e0 votre connaissance tout changement en publiant, sur cette page, la nouvelle Politique de confidentialit\u00e9. <\/p>\n<p style=\"font-weight: 400;\">Vous en serez aussi inform\u00e9 par email et\/ou par un avis sur notre Service, avant m\u00eame que la modification n\u2019entre en vigueur et cette \u201cdate d\u2019entr\u00e9e en vigueur\u201d sera indiqu\u00e9e en haut de la Politique de confidentialit\u00e9.<\/p>\n<p style=\"font-weight: 400;\">Nous vous conseillons de consulter p\u00e9riodiquement cette Politique de confidentialit\u00e9 pour prendre connaissance d\u2019\u00e9ventuels changements. Les modifications apport\u00e9es \u00e0 notre Politique de confidentialit\u00e9 sont effectives lorsqu\u2019elles sont publi\u00e9es sur cette page. <\/p>\n<p style=\"font-weight: 400;\"><span style=\"text-decoration: underline;\"><strong>Nous contacter<\/strong><\/span><\/p>\n<p style=\"font-weight: 400;\">Si vous avez des questions concernant cette Politique de confidentialit\u00e9, veuillez nous contacter :<br \/>par email : <a href=\"privacy@ks-team.online\">privacy@ks-team.online <\/a><\/p>\n<p>[\/et_pb_text][\/et_pb_column][\/et_pb_row][\/et_pb_section][et_pb_section fb_built=\u00a0\u00bb1&Prime; _builder_version=\u00a0\u00bb4.25.1&Prime; _module_preset=\u00a0\u00bbdefault\u00a0\u00bb background_color=\u00a0\u00bb#444444&Prime; custom_margin=\u00a0\u00bb||||false|false\u00a0\u00bb custom_padding=\u00a0\u00bb5px||5px||false|false\u00a0\u00bb global_colors_info=\u00a0\u00bb{}\u00a0\u00bb theme_builder_area=\u00a0\u00bbpost_content\u00a0\u00bb][et_pb_row _builder_version=\u00a0\u00bb4.25.1&Prime; _module_preset=\u00a0\u00bbdefault\u00a0\u00bb custom_padding=\u00a0\u00bb||4px||false|false\u00a0\u00bb global_colors_info=\u00a0\u00bb{}\u00a0\u00bb theme_builder_area=\u00a0\u00bbpost_content\u00a0\u00bb][et_pb_column type=\u00a0\u00bb4_4&Prime; _builder_version=\u00a0\u00bb4.25.1&Prime; _module_preset=\u00a0\u00bbdefault\u00a0\u00bb global_colors_info=\u00a0\u00bb{}\u00a0\u00bb theme_builder_area=\u00a0\u00bbpost_content\u00a0\u00bb][et_pb_text _builder_version=\u00a0\u00bb4.25.1&Prime; _module_preset=\u00a0\u00bbdefault\u00a0\u00bb text_text_color=\u00a0\u00bb#cccccc\u00a0\u00bb text_orientation=\u00a0\u00bbcenter\u00a0\u00bb global_colors_info=\u00a0\u00bb{}\u00a0\u00bb theme_builder_area=\u00a0\u00bbpost_content\u00a0\u00bb]\u00a92024 Prem Rawat. Tous droits r\u00e9serv\u00e9s.<br \/>En consultant notre site internet, vous acceptez l\u2019utilisation de cookies et la collecte de vos donn\u00e9es.<br \/>Veuillez consulter notre <a href=\"https:\/\/ks-team.online\/fr\/politique-de-confidentialite\/\">politique de confidentialit\u00e9<\/a>.[\/et_pb_text][\/et_pb_column][\/et_pb_row][\/et_pb_section]<\/p>\n","protected":false},"excerpt":{"rendered":"<p>POLITIQUE DE CONFIDENTIALIT\u00c9 Date d\u2019entr\u00e9e en vigueur : 23 mai 2022 KS Team (\u00ab nous \u00bb, \u00ab notre \u00bb ou \u00ab nos \u00bb), sous la direction de Word of Peace Global (\u201cWOPG\u201d), g\u00e8re le site www.ks-team.online (le \u00ab Service \u00bb). Nous mettons tout en \u0153uvre pour prot\u00e9ger vos donn\u00e9es personnelles en ligne et nous avons [&hellip;]<\/p>\n","protected":false},"author":1,"featured_media":0,"parent":0,"menu_order":0,"comment_status":"closed","ping_status":"open","template":"","meta":{"_et_pb_use_builder":"on","_et_pb_old_content":"","_et_gb_content_width":"","footnotes":""},"class_list":["post-6187","page","type-page","status-publish","hentry"],"_links":{"self":[{"href":"https:\/\/ks-team.online\/fr\/wp-json\/wp\/v2\/pages\/6187","targetHints":{"allow":["GET"]}}],"collection":[{"href":"https:\/\/ks-team.online\/fr\/wp-json\/wp\/v2\/pages"}],"about":[{"href":"https:\/\/ks-team.online\/fr\/wp-json\/wp\/v2\/types\/page"}],"author":[{"embeddable":true,"href":"https:\/\/ks-team.online\/fr\/wp-json\/wp\/v2\/users\/1"}],"replies":[{"embeddable":true,"href":"https:\/\/ks-team.online\/fr\/wp-json\/wp\/v2\/comments?post=6187"}],"version-history":[{"count":3,"href":"https:\/\/ks-team.online\/fr\/wp-json\/wp\/v2\/pages\/6187\/revisions"}],"predecessor-version":[{"id":6259,"href":"https:\/\/ks-team.online\/fr\/wp-json\/wp\/v2\/pages\/6187\/revisions\/6259"}],"wp:attachment":[{"href":"https:\/\/ks-team.online\/fr\/wp-json\/wp\/v2\/media?parent=6187"}],"curies":[{"name":"wp","href":"https:\/\/api.w.org\/{rel}","templated":true}]}}