{"id":5313,"date":"2022-06-21T09:14:54","date_gmt":"2022-06-21T13:14:54","guid":{"rendered":"https:\/\/ks-team.online\/chi-e-prem-rawat\/"},"modified":"2024-06-04T19:35:06","modified_gmt":"2024-06-04T23:35:06","slug":"chi-e-prem-rawat","status":"publish","type":"page","link":"https:\/\/ks-team.online\/it\/chi-e-prem-rawat\/","title":{"rendered":"CHI \u00c8 PREM RAWAT"},"content":{"rendered":"<p>[et_pb_section fb_built=&#8221;1&#8243; fullwidth=&#8221;on&#8221; _builder_version=&#8221;4.17.4&#8243; _module_preset=&#8221;default&#8221; global_colors_info=&#8221;{}&#8221;][et_pb_fullwidth_image src=&#8221;https:\/\/ks-team.online\/wp-content\/uploads\/2023\/01\/Auditorium-Inner-Header.jpg&#8221; title_text=&#8221;Auditorium Inner Header&#8221; _builder_version=&#8221;4.17.4&#8243; _module_preset=&#8221;default&#8221; global_colors_info=&#8221;{}&#8221;][\/et_pb_fullwidth_image][\/et_pb_section][et_pb_section fb_built=&#8221;1&#8243; _builder_version=&#8221;4.17.4&#8243; _module_preset=&#8221;default&#8221; global_colors_info=&#8221;{}&#8221;][et_pb_row _builder_version=&#8221;4.17.4&#8243; _module_preset=&#8221;default&#8221; custom_padding=&#8221;18px|||||&#8221; global_colors_info=&#8221;{}&#8221;][et_pb_column type=&#8221;4_4&#8243; _builder_version=&#8221;4.17.4&#8243; _module_preset=&#8221;default&#8221; global_colors_info=&#8221;{}&#8221;][et_pb_text _builder_version=&#8221;4.17.4&#8243; _module_preset=&#8221;default&#8221; text_font=&#8221;||||||||&#8221; text_font_size=&#8221;20px&#8221; text_line_height=&#8221;1.75em&#8221; header_font=&#8221;Lato|700||on|||||&#8221; header_2_font=&#8221;Lato|700|||||||&#8221; header_2_line_height=&#8221;1.8em&#8221; header_3_font=&#8221;Lato|700|||||||&#8221; header_3_line_height=&#8221;1.6em&#8221; custom_padding=&#8221;||3px|||&#8221; inline_fonts=&#8221;Lato&#8221; global_colors_info=&#8221;{}&#8221;]<\/p>\n<h2>CHI \u00c8 PREM RAWAT<\/h2>\n<p><span>Da pi\u00f9 di cinquantacinque anni, Prem Rawat diffonde in tutto il mondo il suo messaggio di pace, rivolgendosi a tutti indistintamente, a prescindere da nazionalit\u00e0, religione o stile di vita, affermando che la pace interiore non solo \u00e8 possibile, ma \u00e8 un diritto umano fondamentale. Grazie al suo impegno, lungimiranza e dedizione, il suo messaggio ha raggiunto centinaia di milioni di persone in pi\u00f9 di cento paesi. <\/span><\/p>\n<p>[\/et_pb_text][et_pb_button button_url=&#8221;https:\/\/www.premrawat.com\/explore\/about-prem-rawat&#8221; url_new_window=&#8221;on&#8221; button_text=&#8221;APPROFONDIMENTO&#8221; button_alignment=&#8221;left&#8221; _builder_version=&#8221;4.17.4&#8243; _module_preset=&#8221;default&#8221; custom_button=&#8221;on&#8221; button_text_size=&#8221;13px&#8221; button_text_color=&#8221;#FFFFFF&#8221; button_bg_color=&#8221;rgba(64,92,115,0.92)&#8221; button_border_width=&#8221;0px&#8221; button_border_radius=&#8221;6px&#8221; button_letter_spacing=&#8221;1px&#8221; button_font=&#8221;Lato|700||on|||||&#8221; button_use_icon=&#8221;off&#8221; custom_margin=&#8221;18px||||false|false&#8221; custom_padding=&#8221;10px|30px|10px|30px&#8221; button_letter_spacing_hover=&#8221;1px&#8221; button_bg_color_hover=&#8221;rgba(60,57,230,0.2)&#8221; locked=&#8221;off&#8221; global_colors_info=&#8221;{}&#8221; button_text_size__hover_enabled=&#8221;off&#8221; button_one_text_size__hover_enabled=&#8221;off&#8221; button_two_text_size__hover_enabled=&#8221;off&#8221; button_text_color__hover_enabled=&#8221;off&#8221; button_one_text_color__hover_enabled=&#8221;off&#8221; button_two_text_color__hover_enabled=&#8221;off&#8221; button_border_width__hover_enabled=&#8221;off&#8221; button_one_border_width__hover_enabled=&#8221;off&#8221; button_two_border_width__hover_enabled=&#8221;off&#8221; button_border_color__hover_enabled=&#8221;off&#8221; button_one_border_color__hover_enabled=&#8221;off&#8221; button_two_border_color__hover_enabled=&#8221;off&#8221; button_border_radius__hover_enabled=&#8221;off&#8221; button_one_border_radius__hover_enabled=&#8221;off&#8221; button_two_border_radius__hover_enabled=&#8221;off&#8221; button_letter_spacing__hover_enabled=&#8221;on&#8221; button_letter_spacing__hover=&#8221;1px&#8221; button_one_letter_spacing__hover_enabled=&#8221;off&#8221; button_two_letter_spacing__hover_enabled=&#8221;off&#8221; button_bg_color__hover_enabled=&#8221;on|hover&#8221; button_bg_color__hover=&#8221;rgba(44,99,165,0.92)&#8221; button_one_bg_color__hover_enabled=&#8221;off&#8221; button_two_bg_color__hover_enabled=&#8221;off&#8221; button_bg_enable_color__hover=&#8221;on&#8221;][\/et_pb_button][\/et_pb_column][\/et_pb_row][\/et_pb_section][et_pb_section fb_built=&#8221;1&#8243; _builder_version=&#8221;4.25.1&#8243; _module_preset=&#8221;default&#8221; background_color=&#8221;#444444&#8243; custom_margin=&#8221;||||false|false&#8221; custom_padding=&#8221;5px||5px||false|false&#8221; global_colors_info=&#8221;{}&#8221; theme_builder_area=&#8221;post_content&#8221;][et_pb_row _builder_version=&#8221;4.25.1&#8243; _module_preset=&#8221;default&#8221; custom_padding=&#8221;||4px||false|false&#8221; global_colors_info=&#8221;{}&#8221; theme_builder_area=&#8221;post_content&#8221;][et_pb_column type=&#8221;4_4&#8243; _builder_version=&#8221;4.25.1&#8243; _module_preset=&#8221;default&#8221; global_colors_info=&#8221;{}&#8221; theme_builder_area=&#8221;post_content&#8221;][et_pb_text _builder_version=&#8221;4.25.1&#8243; _module_preset=&#8221;default&#8221; text_text_color=&#8221;#cccccc&#8221; text_orientation=&#8221;center&#8221; global_colors_info=&#8221;{}&#8221; theme_builder_area=&#8221;post_content&#8221;]\u00a92024 Prem Rawat. Tutti i diritti riservati.<br \/>L\u2019utilizzo di questo sito web presuppone il consenso all\u2019utilizzo dei cookies e alla raccolta di alcuni dati.<br \/>Pregasi rivedere <a href=\"https:\/\/ks-team.online\/it\/informativa-sulla-privacy\/\">l\u2019Informativa sulla Privacy<\/a>[\/et_pb_text][\/et_pb_column][\/et_pb_row][\/et_pb_section]<\/p>\n","protected":false},"excerpt":{"rendered":"<p>CHI \u00c8 PREM RAWAT Da pi\u00f9 di cinquantacinque anni, Prem Rawat diffonde in tutto il mondo il suo messaggio di pace, rivolgendosi a tutti indistintamente, a prescindere da nazionalit\u00e0, religione o stile di vita, affermando che la pace interiore non solo \u00e8 possibile, ma \u00e8 un diritto umano fondamentale. Grazie al suo impegno, lungimiranza e [&hellip;]<\/p>\n","protected":false},"author":3,"featured_media":0,"parent":0,"menu_order":0,"comment_status":"closed","ping_status":"closed","template":"","meta":{"_et_pb_use_builder":"on","_et_pb_old_content":"","_et_gb_content_width":"","footnotes":""},"class_list":["post-5313","page","type-page","status-publish","hentry"],"_links":{"self":[{"href":"https:\/\/ks-team.online\/it\/wp-json\/wp\/v2\/pages\/5313","targetHints":{"allow":["GET"]}}],"collection":[{"href":"https:\/\/ks-team.online\/it\/wp-json\/wp\/v2\/pages"}],"about":[{"href":"https:\/\/ks-team.online\/it\/wp-json\/wp\/v2\/types\/page"}],"author":[{"embeddable":true,"href":"https:\/\/ks-team.online\/it\/wp-json\/wp\/v2\/users\/3"}],"replies":[{"embeddable":true,"href":"https:\/\/ks-team.online\/it\/wp-json\/wp\/v2\/comments?post=5313"}],"version-history":[{"count":3,"href":"https:\/\/ks-team.online\/it\/wp-json\/wp\/v2\/pages\/5313\/revisions"}],"predecessor-version":[{"id":6266,"href":"https:\/\/ks-team.online\/it\/wp-json\/wp\/v2\/pages\/5313\/revisions\/6266"}],"wp:attachment":[{"href":"https:\/\/ks-team.online\/it\/wp-json\/wp\/v2\/media?parent=5313"}],"curies":[{"name":"wp","href":"https:\/\/api.w.org\/{rel}","templated":true}]}}