{"id":5488,"date":"2022-05-20T18:19:53","date_gmt":"2022-05-20T22:19:53","guid":{"rendered":"https:\/\/ks-team.online\/informativa-sulla-privacy\/"},"modified":"2024-06-04T19:38:08","modified_gmt":"2024-06-04T23:38:08","slug":"informativa-sulla-privacy","status":"publish","type":"page","link":"https:\/\/ks-team.online\/it\/informativa-sulla-privacy\/","title":{"rendered":"Informativa sulla privacy"},"content":{"rendered":"<p>[et_pb_section fb_built=&#8221;1&#8243; _builder_version=&#8221;4.16&#8243; global_colors_info=&#8221;{}&#8221;][et_pb_row _builder_version=&#8221;4.16&#8243; background_size=&#8221;initial&#8221; background_position=&#8221;top_left&#8221; background_repeat=&#8221;repeat&#8221; global_colors_info=&#8221;{}&#8221;][et_pb_column type=&#8221;4_4&#8243; _builder_version=&#8221;4.16&#8243; custom_padding=&#8221;|||&#8221; global_colors_info=&#8221;{}&#8221; custom_padding__hover=&#8221;|||&#8221;][et_pb_text _builder_version=&#8221;4.17.4&#8243; background_size=&#8221;initial&#8221; background_position=&#8221;top_left&#8221; background_repeat=&#8221;repeat&#8221; global_colors_info=&#8221;{}&#8221;]<\/p>\n<h2 style=\"font-weight: 400;\"><strong>Informativa sulla privacy<\/strong><\/h2>\n<p style=\"font-weight: 400;\">Data di entrata in vigore: 23 maggio 2022<\/p>\n<p style=\"font-weight: 400;\">KS Team, (&#8220;noi&#8221;, &#8220;ci&#8221; o &#8220;nostro&#8221;) con il patrocinio di Word of Peace Global (&#8220;WOPG&#8221;) gestisce il sito web <a href=\"https:\/\/www.ks-team.online\/\">www.ks-team.online<\/a> (il &#8220;Servizio&#8221;). Ci impegniamo fortemente a proteggere la vostra privacy online e abbiamo preso provvedimenti per tutelare le informazioni che condividete con noi. Raccogliamo alcune informazioni personali per fornirvi servizi e contenuti personalizzati.<\/p>\n<p style=\"font-weight: 400;\">Questa pagina vi informa sulle nostre politiche relative alla raccolta, all&#8217;uso e alla divulgazione dei dati personali quando utilizzate il nostro Servizio e sulle scelte che avete associato a tali dati.<\/p>\n<p style=\"font-weight: 400;\">Utilizziamo i vostri dati per fornire e migliorare il Servizio. Utilizzando il Servizio, l&#8217;utente accetta la raccolta e l&#8217;utilizzo delle informazioni in conformit\u00e0 con la presente politica. <\/p>\n<p style=\"font-weight: 400;\">\n<h4 style=\"font-weight: 400;\"><span style=\"text-decoration: underline;\"><strong>Definizioni<\/strong><\/span><\/h4>\n<p style=\"font-weight: 400;\"><strong>Dati personali<\/strong><br \/>Per dati personali si intendono i dati relativi a una persona fisica vivente che pu\u00f2 essere identificata da tali dati (o da questi e da altre informazioni in nostro possesso o che potrebbero entrare in nostro possesso).<\/p>\n<p style=\"font-weight: 400;\"><strong>Dati di utilizzo<\/strong><br \/>I dati di utilizzo sono dati raccolti automaticamente, generati dall&#8217;uso del Servizio o dall&#8217;infrastruttura del Servizio stesso (ad esempio, la durata della visita a una pagina).<\/p>\n<p style=\"font-weight: 400;\"><strong>Cookie<\/strong><br \/>I cookie sono piccoli dati memorizzati sul dispositivo dell&#8217;Utente.<\/p>\n<p style=\"font-weight: 400;\"><strong>Titolare del trattamento dei dati<\/strong><br \/>Per Titolare del trattamento si intende una persona che (da sola o congiuntamente o in comune con altre persone) determina le finalit\u00e0 e le modalit\u00e0 di trattamento dei dati personali.<\/p>\n<p style=\"font-weight: 400;\">Ai fini della presente Informativa sulla privacy, noi siamo un Titolare del trattamento dei vostri dati.<\/p>\n<p style=\"font-weight: 400;\"><strong>Responsabile del trattamento dei dati (o fornitore di servizi di terze parti)<\/strong><br \/>Per responsabile del trattamento dei dati (o fornitore di servizi di terze parti) si intende qualsiasi persona (diversa da un dipendente del titolare del trattamento) che tratta i dati per conto del titolare del trattamento.<\/p>\n<p style=\"font-weight: 400;\">Utilizziamo i servizi di vari fornitori di terze parti per elaborare i vostri dati in modo pi\u00f9 efficace. Tali servizi sono descritti in dettaglio di seguito.<\/p>\n<p style=\"font-weight: 400;\"><strong>Soggetto dei dati<\/strong><br \/>Per soggetto dei dati si intende qualsiasi persona vivente che sia oggetto di dati personali.<\/p>\n<p style=\"font-weight: 400;\"><strong>Utente<\/strong><br \/>L&#8217;utente \u00e8 la persona che utilizza il nostro Servizio. L&#8217;utente corrisponde all&#8217;interessato, che \u00e8 il soggetto dei dati personali.<\/p>\n<p style=\"font-weight: 400;\"><strong>Raccolta e utilizzo delle informazioni<br \/><\/strong> Raccogliamo diversi tipi di informazioni per vari scopi, al fine di fornire e migliorare il nostro Servizio all&#8217;utente.<\/p>\n<p style=\"font-weight: 400;\">\n<h4 style=\"font-weight: 400;\"><strong><br \/><span style=\"text-decoration: underline;\">Tipi di dati raccolti<\/span><\/strong><\/h4>\n<p style=\"font-weight: 400;\"><strong>Dati personali<\/strong><br \/>Durante l&#8217;utilizzo del nostro Servizio, potremmo chiedervi di fornirci alcune informazioni di identificazione personale che possono essere utilizzate per contattarvi o identificarvi (&#8220;dati personali&#8221;). Le informazioni di identificazione personale possono includere, a titolo esemplificativo ma non esaustivo:<\/p>\n<ul>\n<li style=\"font-weight: 400;\">Indirizzo e-mail<\/li>\n<li style=\"font-weight: 400;\">Nome e cognome<\/li>\n<li style=\"font-weight: 400;\">Cookie e dati di utilizzo<\/li>\n<\/ul>\n<p style=\"font-weight: 400;\">Possiamo utilizzare i vostri dati personali per inviarvi newsletter e altre informazioni che potrebbero interessarvi. L&#8217;utente pu\u00f2 rinunciare a ricevere una o tutte queste comunicazioni da parte nostra seguendo il link di cancellazione o le istruzioni fornite in qualsiasi e-mail inviata, oppure contattandoci all&#8217;indirizzo: <u>privacy@ks-team.online.<\/u><\/p>\n<p style=\"font-weight: 400;\"><strong>Dati di utilizzo<\/strong><br \/>Possiamo anche raccogliere informazioni sulle modalit\u00e0 di accesso e utilizzo del Servizio (&#8220;dati di utilizzo&#8221;). Questi dati di utilizzo possono includere informazioni quali l&#8217;indirizzo del protocollo Internet del computer (ad es. indirizzo IP), il tipo di browser, la versione del browser, le pagine del nostro Servizio visitate, l&#8217;ora e la data della visita, il tempo trascorso su tali pagine, gli identificatori unici del dispositivo e altri dati diagnostici. <\/p>\n<p style=\"font-weight: 400;\"><strong>Tracciamento dei dati dei cookie<\/strong><br \/>I cookie sono file contenenti una piccola quantit\u00e0 di dati, che possono includere un identificatore unico anonimo. I cookie vengono inviati al vostro browser da un sito web e memorizzati sul vostro dispositivo. <\/p>\n<p style=\"font-weight: 400;\">Nelle nostre e-mail utilizziamo web beacon, ovvero gif a pixel singolo. Quando inviamo le e-mail agli abbonati, possiamo tracciarne il comportamento, ad esempio chi ha aperto le e-mail e chi ha cliccato sui link. Questo ci permette di misurare le prestazioni delle nostre campagne di informazione tramite posta elettronica e di migliorare le nostre funzionalit\u00e0 per specifici segmenti di utenti.  <\/p>\n<p style=\"font-weight: 400;\"><strong>Utilizzo dei dati<br \/><\/strong> KS Team utilizza i dati per vari scopi:<br \/>fornire e mantenere il nostro Servizio<br \/>notificare all&#8217;utente le modifiche apportate al nostro Servizio<br \/>consentire all&#8217;utente di partecipare alle funzioni interattive del nostro Servizio, quando sceglie di farlo.<br \/>fornire assistenza ai clienti<br \/>raccogliere analisi o informazioni utili per migliorare il nostro Servizio<br \/>monitorare l&#8217;utilizzo del nostro Servizio<br \/>individuare, prevenire e risolvere problemi tecnici<br \/>fornire notizie e informazioni generali su altri servizi ed eventi che offriamo e che sono simili a quelli per i quali sono gi\u00e0 state richieste informazioni, a meno che non si sia scelto di non ricevere tali informazioni.<\/p>\n<p style=\"font-weight: 400;\"><strong>Conservazione dei dati<br \/><\/strong> KS Team conserver\u00e0 i vostri dati personali solo per il tempo necessario agli scopi indicati nella presente Informativa sulla privacy. Conserveremo e utilizzeremo i vostri dati personali nella misura necessaria per adempiere ai nostri obblighi legali (ad esempio, se siamo tenuti a conservare i vostri dati per conformarci alle leggi applicabili), risolvere le controversie e applicare i nostri accordi legali e le nostre politiche. <\/p>\n<p style=\"font-weight: 400;\">KS Team conserver\u00e0 inoltre i dati di utilizzo per analisi interne. I dati di utilizzo vengono generalmente conservati per un periodo di tempo pi\u00f9 breve, eccetto nei casi in cui tali dati vengano utilizzati per rafforzare la sicurezza o migliorare la funzionalit\u00e0 del nostro Servizio, o quando siamo legalmente obbligati a conservare tali dati per periodi di tempo pi\u00f9 lunghi. <\/p>\n<p style=\"font-weight: 400;\"><strong><span style=\"text-decoration: underline;\">Trasferimento dei dati<\/span><br \/><\/strong> Le vostre informazioni, compresi i dati personali, possono essere trasferite a &#8211; e mantenute su &#8211; computer situati al di fuori del vostro stato, provincia, paese o altra giurisdizione governativa in cui le leggi sulla protezione dei dati possono differire da quelle della vostra giurisdizione.<\/p>\n<p style=\"font-weight: 400;\">Se vi trovate al di fuori degli Stati Uniti e scegliete di fornirci informazioni, tenete presente che trasferiamo i dati, compresi i dati personali, negli Stati Uniti, dove vengono trattati.<\/p>\n<p style=\"font-weight: 400;\">Il vostro consenso alla presente Informativa sulla privacy seguito dall&#8217;invio di tali informazioni rappresenta il vostro consenso a tale trasferimento.<\/p>\n<p style=\"font-weight: 400;\">KS Team adotter\u00e0 tutte le misure necessarie per garantire che i vostri dati siano trattati in modo sicuro e in conformit\u00e0 con la presente Informativa sulla privacy e non effettuer\u00e0 alcun trasferimento dei vostri dati personali a un&#8217;organizzazione o a un Paese a meno che non vi siano controlli adeguati in atto per garantire la sicurezza dei vostri dati e di altre informazioni personali.<\/p>\n<p style=\"font-weight: 400;\">\n<h4 style=\"font-weight: 400;\"><span style=\"text-decoration: underline;\"><strong>Divulgazione dei dati<\/strong><\/span><\/h4>\n<p style=\"font-weight: 400;\"><strong>Divulgazione per motivi legali<\/strong><br \/>In determinate circostanze, KS Team potrebbe essere tenuto a divulgare i vostri dati personali se richiesto dalla legge o in risposta a richieste legittime da parte di autorit\u00e0 pubbliche (ad esempio un tribunale o un&#8217;agenzia governativa).<\/p>\n<p style=\"font-weight: 400;\"><strong>Requisiti legali<\/strong><br \/>KS Team pu\u00f2 divulgare i vostri dati personali qualora ritenesse in buona fede che tale azione sia necessaria per:<br \/>adempiere a un obbligo legale<br \/>proteggere e difendere i diritti o la propriet\u00e0 di KS Team<br \/>prevenire o indagare su possibili illeciti in relazione al Servizio<br \/>proteggere la sicurezza personale degli utenti del Servizio o del pubblico<br \/>proteggere da responsabilit\u00e0 legali<\/p>\n<p style=\"font-weight: 400;\"><strong>Sicurezza dei dati<\/strong><br \/>La sicurezza dei vostri dati \u00e8 importante per noi, ma tenete conto del fatto che nessun metodo di trasmissione su Internet o di archiviazione elettronica \u00e8 sicuro al 100%. Sebbene ci sforziamo di utilizzare mezzi commercialmente accettabili per proteggere i vostri dati personali, non possiamo garantirne l&#8217;assoluta sicurezza. <\/p>\n<p style=\"font-weight: 400;\"><strong>Segnali &#8220;Do Not Track&#8221;<\/strong><br \/>Non supportiamo il Do Not Track (&#8220;DNT&#8221;). Il Do Not Track \u00e8 una preferenza che potete impostare nel vostro browser web per informare i siti web che non volete essere tracciati. <\/p>\n<p style=\"font-weight: 400;\">\u00c8 possibile attivare o disattivare la funzione Do Not Track visitando la pagina delle Preferenze o delle Impostazioni del proprio browser web.<\/p>\n<p style=\"font-weight: 400;\"><strong>I vostri diritti<\/strong><br \/>KS Team si propone di adottare misure ragionevoli per consentirvi di correggere, modificare, cancellare o limitare l&#8217;uso dei vostri dati personali.<\/p>\n<p style=\"font-weight: 400;\">Se desiderate essere informati su quali vostri dati personali deteniamo e se volete che siano rimossi dai nostri sistemi o modificati, contattateci all&#8217;indirizzo <a href=\"mailto:privacy@ks-team.online\">privacy@ks-team.online<\/a>.<\/p>\n<p style=\"font-weight: 400;\">In determinate circostanze, l&#8217;utente ha il diritto di:<br \/>accedere ai dati personali in nostro possesso e riceverne una copia<br \/>rettificare i dati personali in nostro possesso che non sono accurati<br \/>richiedere la cancellazione dei dati personali in nostro possesso<br \/>limitare l&#8217;uso dei dati personali<\/p>\n<p style=\"font-weight: 400;\">L&#8217;utente ha diritto alla portabilit\u00e0 dei dati per le informazioni fornite attraverso l&#8217;uso di questo sito web. Potete richiedere una copia dei vostri dati personali in un formato elettronico comunemente utilizzato, in modo da poterli gestire e spostare. Si prega di notare che potremmo chiedervi di verificare la vostra identit\u00e0 prima di rispondere a tali richieste.  <\/p>\n<p style=\"font-weight: 400;\"><strong><span style=\"text-decoration: underline;\">Fornitori di servizi di terze parti<\/span><br \/><\/strong> Impieghiamo alcune societ\u00e0 e persone di terze parti per facilitare il nostro Servizio (&#8220;fornitori di servizi terzi&#8221;) e fornirlo per nostro conto, per eseguire prestazioni correlati al Servizio o per assisterci nell&#8217;analisi dell&#8217;utilizzo del Servizio.<\/p>\n<p style=\"font-weight: 400;\">Queste terze parti hanno accesso ai vostri dati personali solo per svolgere questi compiti per nostro conto e non possono divulgarli o utilizzarli per altri scopi. \u00c8 possibile far rimuovere i propri dati personali da questi fornitori di servizi di terze parti inviando un&#8217;e-mail a <a href=\"mailto:privacy@ks-team.online\">privacy@ks-team.online.<\/a> <\/p>\n<p style=\"font-weight: 400;\">Utilizziamo i seguenti fornitori di servizi di terze parti per monitorare e analizzare l&#8217;uso del nostro Servizio.<\/p>\n<p style=\"font-weight: 400;\"><strong>GOOGLE ANALYTICS<br \/><\/strong> Utilizziamo Google Analytics per le statistiche del sito web attraverso l&#8217;uso di cookie con la cosiddetta anonimizzazione dell&#8217;IP. GA pu\u00f2 fornirci informazioni quali il comportamento dell&#8217;utente sul sito, se si tratta di un utente nuovo o ripresentato, la sua posizione, la lingua, il dispositivo, il sistema operativo e il fornitore di servizi. <\/p>\n<p style=\"font-weight: 400;\"><strong>MAILCHIMP<\/strong><br \/>MailChimp \u00e8 una piattaforma di automazione del marketing che ci aiuta a condividere le nostre campagne di informazione tramite e-mail con le parti interessate. MailChimp utilizza web beacon, gif a pixel singolo, nelle nostre e-mail. Quando inviamo le e-mail agli abbonati, possiamo tracciare il comportamento di chi ha aperto le e-mail e di chi ha cliccato sui link. Questo ci permette di misurare le prestazioni delle nostre campagne di informazione via e-mail e di migliorare le nostre funzionalit\u00e0 per specifici segmenti di utenti.   <\/p>\n<p style=\"font-weight: 400;\"><strong>SUPPORTBEE<\/strong><br \/>SupportBee \u00e8 un pacchetto software utilizzato da KS Team per creare funzionalit\u00e0 di assistenza clienti (funzioni di &#8220;Help Desk&#8221;) e pu\u00f2 raccogliere l&#8217;indirizzo IP, l&#8217;indirizzo e-mail e qualsiasi altra informazione fornita volontariamente dall&#8217;utente per assisterlo in caso di problemi tecnici o di altro tipo. SupportBee archivia anche i messaggi di richiesta di aiuto e le relative risposte. <\/p>\n<p style=\"font-weight: 400;\"><strong>Collegamenti ad altri siti<br \/><\/strong> Il nostro Servizio pu\u00f2 contenere link ad altri siti che non sono gestiti da noi. Se si clicca su un link di terzi, si verr\u00e0 indirizzati al sito di tali terzi. Vi consigliamo vivamente di prendere visione dell&#8217;Informativa sulla privacy di ogni sito che visitate.  <\/p>\n<p style=\"font-weight: 400;\">Non abbiamo alcun controllo e non ci assumiamo alcuna responsabilit\u00e0 per il contenuto, le politiche sulla privacy o le pratiche di siti o servizi di terzi.<\/p>\n<p style=\"font-weight: 400;\"><span style=\"text-decoration: underline;\"><strong>Privacy dei bambini<\/strong><\/span><br \/>Il nostro Servizio non \u00e8 rivolto a persone di et\u00e0 inferiore ai 13 anni (&#8220;bambini&#8221;).<\/p>\n<p style=\"font-weight: 400;\">Non raccogliamo consapevolmente informazioni di identificazione personale da persone di et\u00e0 inferiore ai 13 anni. Se siete un genitore o un tutore e siete a conoscenza del fatto che vostro figlio ci ha fornito dati personali, vi preghiamo di contattarci. Se veniamo a conoscenza di aver raccolto dati personali da bambini senza aver verificato il consenso dei genitori, ci attiviamo per rimuovere tali informazioni dai nostri server.  <\/p>\n<p style=\"font-weight: 400;\"><strong>Modifiche alla presente Informativa sulla privacy<br \/><\/strong> Di tanto in tanto potremmo aggiornare la nostra Informativa sulla privacy. Vi informeremo di eventuali modifiche pubblicando la nuova Informativa sulla privacy su questa pagina. <\/p>\n<p style=\"font-weight: 400;\">Vi informeremo anche via e-mail e\/o con un avviso ben visibile sul nostro Servizio, prima che la modifica diventi effettiva e aggiorneremo la &#8220;data di entrata in vigore&#8221; all&#8217;inizio della presente Informativa sulla privacy.<\/p>\n<p style=\"font-weight: 400;\">Si consiglia all&#8217;utente di rivedere periodicamente la presente Informativa sulla privacy per verificare eventuali modifiche. Le modifiche alla presente Informativa sulla privacy entrano in vigore nel momento in cui vengono pubblicate su questa pagina. <\/p>\n<p style=\"font-weight: 400;\"><span style=\"text-decoration: underline;\"><strong>Contatti<\/strong><\/span><br \/>In caso di domande sulla presente Informativa sulla privacy, potete contattarci<br \/>via e-mail all&#8217;indirizzo: <a href=\"privacy@ks-team.online\">privacy@ks-team.online<\/a><\/p>\n<p style=\"font-weight: 400;\">\n<p>[\/et_pb_text][\/et_pb_column][\/et_pb_row][\/et_pb_section][et_pb_section fb_built=&#8221;1&#8243; _builder_version=&#8221;4.25.1&#8243; _module_preset=&#8221;default&#8221; background_color=&#8221;#444444&#8243; custom_margin=&#8221;||||false|false&#8221; custom_padding=&#8221;5px||5px||false|false&#8221; global_colors_info=&#8221;{}&#8221; theme_builder_area=&#8221;post_content&#8221;][et_pb_row _builder_version=&#8221;4.25.1&#8243; _module_preset=&#8221;default&#8221; custom_padding=&#8221;||4px||false|false&#8221; global_colors_info=&#8221;{}&#8221; theme_builder_area=&#8221;post_content&#8221;][et_pb_column type=&#8221;4_4&#8243; _builder_version=&#8221;4.25.1&#8243; _module_preset=&#8221;default&#8221; global_colors_info=&#8221;{}&#8221; theme_builder_area=&#8221;post_content&#8221;][et_pb_text _builder_version=&#8221;4.25.1&#8243; _module_preset=&#8221;default&#8221; text_text_color=&#8221;#cccccc&#8221; text_orientation=&#8221;center&#8221; global_colors_info=&#8221;{}&#8221; theme_builder_area=&#8221;post_content&#8221;]\u00a92024 Prem Rawat. Tutti i diritti riservati.<br \/>L\u2019utilizzo di questo sito web presuppone il consenso all\u2019utilizzo dei cookies e alla raccolta di alcuni dati.<br \/>Pregasi rivedere <a href=\"https:\/\/ks-team.online\/it\/informativa-sulla-privacy\/\">l\u2019Informativa sulla Privacy<\/a>[\/et_pb_text][\/et_pb_column][\/et_pb_row][\/et_pb_section]<\/p>\n","protected":false},"excerpt":{"rendered":"<p>Informativa sulla privacy Data di entrata in vigore: 23 maggio 2022 KS Team, (&#8220;noi&#8221;, &#8220;ci&#8221; o &#8220;nostro&#8221;) con il patrocinio di Word of Peace Global (&#8220;WOPG&#8221;) gestisce il sito web www.ks-team.online (il &#8220;Servizio&#8221;). Ci impegniamo fortemente a proteggere la vostra privacy online e abbiamo preso provvedimenti per tutelare le informazioni che condividete con noi. Raccogliamo [&hellip;]<\/p>\n","protected":false},"author":1,"featured_media":0,"parent":0,"menu_order":0,"comment_status":"closed","ping_status":"open","template":"","meta":{"_et_pb_use_builder":"on","_et_pb_old_content":"","_et_gb_content_width":"","footnotes":""},"class_list":["post-5488","page","type-page","status-publish","hentry"],"_links":{"self":[{"href":"https:\/\/ks-team.online\/it\/wp-json\/wp\/v2\/pages\/5488","targetHints":{"allow":["GET"]}}],"collection":[{"href":"https:\/\/ks-team.online\/it\/wp-json\/wp\/v2\/pages"}],"about":[{"href":"https:\/\/ks-team.online\/it\/wp-json\/wp\/v2\/types\/page"}],"author":[{"embeddable":true,"href":"https:\/\/ks-team.online\/it\/wp-json\/wp\/v2\/users\/1"}],"replies":[{"embeddable":true,"href":"https:\/\/ks-team.online\/it\/wp-json\/wp\/v2\/comments?post=5488"}],"version-history":[{"count":3,"href":"https:\/\/ks-team.online\/it\/wp-json\/wp\/v2\/pages\/5488\/revisions"}],"predecessor-version":[{"id":6271,"href":"https:\/\/ks-team.online\/it\/wp-json\/wp\/v2\/pages\/5488\/revisions\/6271"}],"wp:attachment":[{"href":"https:\/\/ks-team.online\/it\/wp-json\/wp\/v2\/media?parent=5488"}],"curies":[{"name":"wp","href":"https:\/\/api.w.org\/{rel}","templated":true}]}}