{"id":5941,"date":"2022-06-05T17:50:02","date_gmt":"2022-06-05T21:50:02","guid":{"rendered":"https:\/\/ks-team.online\/revisao-de-conhecimento\/"},"modified":"2024-06-07T12:36:05","modified_gmt":"2024-06-07T16:36:05","slug":"revisao-de-conhecimento","status":"publish","type":"page","link":"https:\/\/ks-team.online\/pt-pt\/revisao-de-conhecimento\/","title":{"rendered":"REVIS\u00c3O DE CONHECIMENTO"},"content":{"rendered":"<p>[et_pb_section fb_built=&#8221;1&#8243; fullwidth=&#8221;on&#8221; _builder_version=&#8221;4.17.4&#8243; _module_preset=&#8221;default&#8221; global_colors_info=&#8221;{}&#8221;][et_pb_fullwidth_image src=&#8221;https:\/\/ks-team.online\/wp-content\/uploads\/2023\/01\/KL-Inner-Header.jpg&#8221; title_text=&#8221;KR Header&#8221; _builder_version=&#8221;4.17.4&#8243; _module_preset=&#8221;default&#8221; global_colors_info=&#8221;{}&#8221;][\/et_pb_fullwidth_image][\/et_pb_section][et_pb_section fb_built=&#8221;1&#8243; _builder_version=&#8221;4.17.4&#8243; _module_preset=&#8221;default&#8221; global_colors_info=&#8221;{}&#8221;][et_pb_row _builder_version=&#8221;4.17.4&#8243; _module_preset=&#8221;default&#8221; custom_padding=&#8221;18px|||||&#8221; global_colors_info=&#8221;{}&#8221;][et_pb_column type=&#8221;4_4&#8243; _builder_version=&#8221;4.17.4&#8243; _module_preset=&#8221;default&#8221; global_colors_info=&#8221;{}&#8221;][et_pb_text _builder_version=&#8221;4.17.4&#8243; _module_preset=&#8221;default&#8221; text_font=&#8221;||||||||&#8221; text_font_size=&#8221;20px&#8221; text_line_height=&#8221;1.75em&#8221; header_font=&#8221;Lato|700||on|||||&#8221; header_2_font=&#8221;Lato|700|||||||&#8221; header_2_line_height=&#8221;1.8em&#8221; header_3_font=&#8221;Lato|700|||||||&#8221; header_3_line_height=&#8221;1.6em&#8221; custom_padding=&#8221;||18px|||&#8221; inline_fonts=&#8221;Lato&#8221; global_colors_info=&#8221;{}&#8221;]<\/p>\n<h2>REVIS\u00c3O DE CONHECIMENTO<\/h2>\n<p>As Revis\u00f5es de Conhecimento est\u00e3o dispon\u00edveis para as pessoas que aprenderam as t\u00e9cnicas de Conhecimento ensinadas por Prem Rawat. As RCs est\u00e3o dispon\u00edveis de forma cont\u00ednua e agendadas de acordo com a disponibilidade das Equipas das SC e o planeamento regional das Sess\u00f5es de Conhecimento. Numa Revis\u00e3o de Conhecimento, h\u00e1 a oportunidade de rever e praticar as t\u00e9cnicas mostradas por Prem atrav\u00e9s dum v\u00eddeo do Conhecimento especificamente criado para esse fim.<\/p>\n<p>Um facilitador treinado estar\u00e1 presente para ajudar, se necess\u00e1rio.<\/p>\n<h3><strong><span style=\"font-family: Lato;\">Smart Cards<\/span><\/strong><\/h3>\n<p>A participa\u00e7\u00e3o nas Revis\u00f5es de Conhecimento requer inscri\u00e7\u00e3o com um Smart Card e \u00e9 limitada apenas pela disponibilidade de espa\u00e7o. Qualquer pessoa com um Smart Card pode participar.<\/p>\n<p>Se deseja participar numa Revis\u00e3o de Conhecimento, mas n\u00e3o possui um Smart Card, preencha um Formul\u00e1rio Smart Card antes da data duma RC. A equipa do Smart Card ajud\u00e1-lo-\u00e1 a agilizar a sua inscri\u00e7\u00e3o. http:\/\/apply.smartcardadmin.org <a href=\"http:\/\/apply.smartcardadmin.org\">http:\/\/apply.smartcardadmin.org<\/a><\/p>\n<p>&nbsp;<\/p>\n<h3>Pedir uma Revis\u00e3o de Conhecimento<\/h3>\n<div class=\"forminator-ui forminator-custom-form forminator-custom-form-5944 forminator-design--flat  forminator_ajax\" data-forminator-render=\"0\" data-form=\"forminator-module-5944\" data-uid=\"69e22f1412abe\"><br\/><\/div><form\n\t\t\t\tid=\"forminator-module-5944\"\n\t\t\t\tclass=\"forminator-ui forminator-custom-form forminator-custom-form-5944 forminator-design--flat  forminator_ajax\"\n\t\t\t\tmethod=\"post\"\n\t\t\t\tdata-forminator-render=\"0\"\n\t\t\t\tdata-form-id=\"5944\"\n\t\t\t\t\n\t\t\t\tdata-design=\"flat\"\n\t\t\t\t\n\t\t\t\t\n\t\t\t\t\n\t\t\t\tdata-grid=\"open\"\n\t\t\t\t\n\t\t\t\t\n\t\t\t\tstyle=\"display: none;\"\n\t\t\t\t\n\t\t\t\tdata-uid=\"69e22f1412abe\"\n\t\t\t><div role=\"alert\" aria-live=\"polite\" class=\"forminator-response-message forminator-error\" aria-hidden=\"true\"><\/div><div class=\"forminator-row\"><div id=\"name-1\" class=\"forminator-field-name forminator-col forminator-col-12 \"><div class=\"forminator-row forminator-no-margin\" data-multiple=\"true\"><div class=\"forminator-col forminator-col-md-6\"><div class=\"forminator-field\"><label for=\"forminator-field-first-name-1_69e22f1412abe\" id=\"forminator-field-first-name-1_69e22f1412abe-label\" class=\"forminator-label\">Nome <span class=\"forminator-required\">*<\/span><\/label><input type=\"text\" name=\"name-1-first-name\" placeholder=\"P. ex. Jo\u00e3o\" id=\"forminator-field-first-name-1_69e22f1412abe\" class=\"forminator-input\" aria-required=\"true\" data-multi=\"1\" value=\"\" \/><\/div><\/div><div class=\"forminator-col forminator-col-md-6\"><div class=\"forminator-field\"><label for=\"forminator-field-last-name-1_69e22f1412abe\" id=\"forminator-field-last-name-1_69e22f1412abe-label\" class=\"forminator-label\">Apelido <span class=\"forminator-required\">*<\/span><\/label><input type=\"text\" name=\"name-1-last-name\" placeholder=\"P. ex. Silva\" id=\"forminator-field-last-name-1_69e22f1412abe\" class=\"forminator-input\" aria-required=\"true\" data-multi=\"1\" value=\"\" \/><\/div><\/div><\/div><\/div><\/div><div class=\"forminator-row\"><div id=\"email-1\" class=\"forminator-field-email forminator-col forminator-col-12 \"><div class=\"forminator-field\"><label for=\"forminator-field-email-1_69e22f1412abe\" id=\"forminator-field-email-1_69e22f1412abe-label\" class=\"forminator-label\">Email <span class=\"forminator-required\">*<\/span><\/label><input type=\"email\" name=\"email-1\" value=\"\" placeholder=\"P. ex. joao.silva@correio.com\" id=\"forminator-field-email-1_69e22f1412abe\" class=\"forminator-input forminator-email--field\" data-required=\"1\" aria-required=\"true\" \/><\/div><\/div><\/div><div class=\"forminator-row\"><div id=\"address-1\" class=\"forminator-field-address forminator-col forminator-col-12 \"><div class=\"forminator-row\" data-multiple=\"true\"><div id=\"address-1-city\" class=\"forminator-col forminator-col-6\"><div class=\"forminator-field\"><label for=\"forminator-field-address-1-city_69e22f1412abe\" id=\"forminator-field-address-1-city_69e22f1412abe-label\" class=\"forminator-label\">Cidade <span class=\"forminator-required\">*<\/span><\/label><input type=\"text\" name=\"address-1-city\" placeholder=\"P. ex. Lisboa\" id=\"forminator-field-address-1-city_69e22f1412abe\" class=\"forminator-input\" data-required=\"1\" aria-required=\"true\" value=\"\" \/><\/div><\/div><div id=\"address-1-state\" class=\"forminator-col forminator-col-6\"><div class=\"forminator-field\"><label for=\"forminator-field-address-1-state_69e22f1412abe\" id=\"forminator-field-address-1-state_69e22f1412abe-label\" class=\"forminator-label\">Distrito\/Prov\u00edncia <span class=\"forminator-required\">*<\/span><\/label><input type=\"text\" name=\"address-1-state\" placeholder=\"P. ex. Lisboa\" id=\"forminator-field-address-1-state_69e22f1412abe\" class=\"forminator-input\" data-required=\"1\" aria-required=\"true\" value=\"\" \/><\/div><\/div><\/div><\/div><\/div><div class=\"forminator-row\"><div id=\"text-5\" class=\"forminator-field-text forminator-col forminator-col-12 \"><div class=\"forminator-field\"><label for=\"forminator-field-text-5_69e22f1412abe\" id=\"forminator-field-text-5_69e22f1412abe-label\" class=\"forminator-label\">Pa\u00eds <span class=\"forminator-required\">*<\/span><\/label><input type=\"text\" name=\"text-5\" value=\"\" placeholder=\"P. ex. Portugal\" id=\"forminator-field-text-5_69e22f1412abe\" class=\"forminator-input forminator-name--field\" data-required=\"1\" \/><\/div><\/div><\/div><div class=\"forminator-row\"><div id=\"text-4\" class=\"forminator-field-text forminator-col forminator-col-12 \"><div class=\"forminator-field\"><label for=\"forminator-field-text-4_69e22f1412abe\" id=\"forminator-field-text-4_69e22f1412abe-label\" class=\"forminator-label\">N\u00famero do Smart Card <span class=\"forminator-required\">*<\/span><\/label><input type=\"text\" name=\"text-4\" value=\"\" placeholder=\"\" id=\"forminator-field-text-4_69e22f1412abe\" class=\"forminator-input forminator-name--field\" data-required=\"1\" \/><\/div><\/div><\/div><div class=\"forminator-row\"><div id=\"phone-1\" class=\"forminator-field-phone forminator-col forminator-col-12 \"><div class=\"forminator-field\"><label for=\"forminator-field-phone-1_69e22f1412abe\" id=\"forminator-field-phone-1_69e22f1412abe-label\" class=\"forminator-label\">N\u00famero de telefone <span class=\"forminator-required\">*<\/span><\/label><input type=\"text\" name=\"phone-1\" value=\"\" placeholder=\"P. ex. +351 200300400\" id=\"forminator-field-phone-1_69e22f1412abe\" class=\"forminator-input forminator-field--phone\" data-required=\"1\" aria-required=\"true\" autocomplete=\"off\" data-national_mode=\"disabled\" data-country=\"pt\" data-validation=\"international\" \/><\/div><\/div><\/div><div class=\"forminator-row\"><div id=\"textarea-1\" class=\"forminator-field-textarea forminator-col forminator-col-12 \"><div class=\"forminator-field\"><label for=\"forminator-field-textarea-1_69e22f1412abe\" id=\"forminator-field-textarea-1_69e22f1412abe-label\" class=\"forminator-label\">Mensagem<\/label><textarea name=\"textarea-1\" placeholder=\"Escreva a sua mensagem...\" id=\"forminator-field-textarea-1_69e22f1412abe\" class=\"forminator-textarea\" rows=\"6\" style=\"min-height:140px;\" maxlength=\"300\" ><\/textarea><span id=\"forminator-field-textarea-1_69e22f1412abe-description\" class=\"forminator-description\"><span data-limit=\"300\" data-type=\"characters\" data-editor=\"\">0 \/ 300<\/span><\/span><\/div><\/div><\/div><div class=\"forminator-row\"><div id=\"consent-1\" class=\"forminator-field-consent forminator-col forminator-col-12 \"><div class=\"forminator-field\"><label for=\"forminator-field-consent-1_69e22f1412abe\" id=\"forminator-field-consent-1_69e22f1412abe-label\" class=\"forminator-label\">Consentimento <span class=\"forminator-required\">*<\/span><\/label><div class=\"forminator-checkbox__wrapper\"><label for=\"forminator-field-consent-1_69e22f1412abe\" id=\"forminator-field-consent-1_69e22f1412abe__label\" class=\"forminator-checkbox forminator-consent\"><input type=\"checkbox\" name=\"consent-1\" id=\"forminator-field-consent-1_69e22f1412abe\" value=\"checked\" aria-labelledby=\"forminator-field-consent-1_69e22f1412abe-label\" aria-describedby=\"forminator-field-consent-1_69e22f1412abe__description\" data-required=\"true\" aria-required=\"true\" \/><span class=\"forminator-checkbox-box\" aria-hidden=\"true\"><\/span><\/label><div id=\"forminator-field-consent-1_69e22f1412abe__description\" class=\"forminator-checkbox__label forminator-consent__label\"><div><span lang=\"PT\">Sim, concordo com a <a href=\"https:\/\/ks-team.online\/privacy-policy\/\">pol\u00edtica de privacidade<\/a>.<\/span><\/div><\/div><\/div><\/div><\/div><\/div><div class=\"forminator-row\"><div id=\"captcha-1\" class=\"forminator-field-captcha forminator-col forminator-col-12 \"><div class=\"forminator-captcha-left forminator-g-recaptcha recaptcha-invisible\" data-theme=\"light\" data-badge=\"bottomright\" data-sitekey=\"6Ld5fbMgAAAAADSAZaJX1zfHY0M1kZ-QxPHvMWri\" data-size=\"invisible\"><\/div> <\/div><\/div><input type=\"hidden\" name=\"referer_url\" value=\"\" \/><div class=\"forminator-row forminator-row-last\"><div class=\"forminator-col\"><div class=\"forminator-field\"><button class=\"forminator-button forminator-button-submit\">Enviar mensagem<\/button><\/div><\/div><\/div><input type=\"hidden\" id=\"forminator_nonce\" name=\"forminator_nonce\" value=\"e0d00eec91\" \/><input type=\"hidden\" name=\"_wp_http_referer\" value=\"\/pt-pt\/wp-json\/wp\/v2\/pages\/5941\" \/><input type=\"hidden\" name=\"form_id\" value=\"5944\"><input type=\"hidden\" name=\"page_id\" value=\"5941\"><input type=\"hidden\" name=\"form_type\" value=\"default\"><input type=\"hidden\" name=\"current_url\" value=\"https:\/\/ks-team.online\/pt-pt\/revisao-de-conhecimento\/\"><input type=\"hidden\" name=\"render_id\" value=\"0\"><input type=\"hidden\" name=\"action\" value=\"forminator_submit_form_custom-forms\"><\/form>\n<p>&nbsp;<\/p>\n<p>[\/et_pb_text][\/et_pb_column][\/et_pb_row][\/et_pb_section][et_pb_section fb_built=&#8221;1&#8243; _builder_version=&#8221;4.25.1&#8243; _module_preset=&#8221;default&#8221; background_color=&#8221;#444444&#8243; custom_margin=&#8221;||||false|false&#8221; custom_padding=&#8221;5px||5px||false|false&#8221; global_colors_info=&#8221;{}&#8221;][et_pb_row _builder_version=&#8221;4.25.1&#8243; _module_preset=&#8221;default&#8221; custom_padding=&#8221;||4px||false|false&#8221; global_colors_info=&#8221;{}&#8221;][et_pb_column type=&#8221;4_4&#8243; _builder_version=&#8221;4.25.1&#8243; _module_preset=&#8221;default&#8221; global_colors_info=&#8221;{}&#8221;][et_pb_text _builder_version=&#8221;4.25.1&#8243; _module_preset=&#8221;default&#8221; text_text_color=&#8221;#cccccc&#8221; text_orientation=&#8221;center&#8221; hover_enabled=&#8221;0&#8243; global_colors_info=&#8221;{}&#8221; sticky_enabled=&#8221;0&#8243;]\u00a92024 Prem Rawat. Todos os direitos reservados.<br \/>\nAo usar o nosso site, concorda com o uso de cookies e recolha de determinados dados.<br \/>\nPor favor, reveja a nossa <a href=\"https:\/\/ks-team.online\/privacy-policy-portugese\/\">pol\u00edtica de privacidade<\/a>.[\/et_pb_text][\/et_pb_column][\/et_pb_row][\/et_pb_section]<\/p>\n","protected":false},"excerpt":{"rendered":"<p>REVIS\u00c3O DE CONHECIMENTO As Revis\u00f5es de Conhecimento est\u00e3o dispon\u00edveis para as pessoas que aprenderam as t\u00e9cnicas de Conhecimento ensinadas por Prem Rawat. As RCs est\u00e3o dispon\u00edveis de forma cont\u00ednua e agendadas de acordo com a disponibilidade das Equipas das SC e o planeamento regional das Sess\u00f5es de Conhecimento. Numa Revis\u00e3o de Conhecimento, h\u00e1 a oportunidade [&hellip;]<\/p>\n","protected":false},"author":3,"featured_media":0,"parent":0,"menu_order":0,"comment_status":"closed","ping_status":"closed","template":"","meta":{"_et_pb_use_builder":"on","_et_pb_old_content":"","_et_gb_content_width":"","footnotes":""},"class_list":["post-5941","page","type-page","status-publish","hentry"],"_links":{"self":[{"href":"https:\/\/ks-team.online\/pt-pt\/wp-json\/wp\/v2\/pages\/5941","targetHints":{"allow":["GET"]}}],"collection":[{"href":"https:\/\/ks-team.online\/pt-pt\/wp-json\/wp\/v2\/pages"}],"about":[{"href":"https:\/\/ks-team.online\/pt-pt\/wp-json\/wp\/v2\/types\/page"}],"author":[{"embeddable":true,"href":"https:\/\/ks-team.online\/pt-pt\/wp-json\/wp\/v2\/users\/3"}],"replies":[{"embeddable":true,"href":"https:\/\/ks-team.online\/pt-pt\/wp-json\/wp\/v2\/comments?post=5941"}],"version-history":[{"count":5,"href":"https:\/\/ks-team.online\/pt-pt\/wp-json\/wp\/v2\/pages\/5941\/revisions"}],"predecessor-version":[{"id":6300,"href":"https:\/\/ks-team.online\/pt-pt\/wp-json\/wp\/v2\/pages\/5941\/revisions\/6300"}],"wp:attachment":[{"href":"https:\/\/ks-team.online\/pt-pt\/wp-json\/wp\/v2\/media?parent=5941"}],"curies":[{"name":"wp","href":"https:\/\/api.w.org\/{rel}","templated":true}]}}