{"id":5946,"date":"2022-06-21T19:15:32","date_gmt":"2022-06-21T23:15:32","guid":{"rendered":"https:\/\/ks-team.online\/sessao-de-conhecimento\/"},"modified":"2025-04-11T17:34:15","modified_gmt":"2025-04-11T21:34:15","slug":"sessao-de-conhecimento","status":"publish","type":"page","link":"https:\/\/ks-team.online\/pt-pt\/sessao-de-conhecimento\/","title":{"rendered":"SESS\u00c3O DE CONHECIMENTO"},"content":{"rendered":"<p>[et_pb_section fb_built=&#8221;1&#8243; fullwidth=&#8221;on&#8221; _builder_version=&#8221;4.17.4&#8243; _module_preset=&#8221;default&#8221; global_colors_info=&#8221;{}&#8221;][et_pb_fullwidth_image src=&#8221;https:\/\/ks-team.online\/wp-content\/uploads\/2023\/01\/Milan-Inner-Header.jpg&#8221; title_text=&#8221;Milan Inner Header&#8221; _builder_version=&#8221;4.17.4&#8243; _module_preset=&#8221;default&#8221; global_colors_info=&#8221;{}&#8221;][\/et_pb_fullwidth_image][\/et_pb_section][et_pb_section fb_built=&#8221;1&#8243; _builder_version=&#8221;4.17.4&#8243; _module_preset=&#8221;default&#8221; global_colors_info=&#8221;{}&#8221;][et_pb_row _builder_version=&#8221;4.17.4&#8243; _module_preset=&#8221;default&#8221; custom_padding=&#8221;18px|||||&#8221; global_colors_info=&#8221;{}&#8221;][et_pb_column type=&#8221;4_4&#8243; _builder_version=&#8221;4.17.4&#8243; _module_preset=&#8221;default&#8221; global_colors_info=&#8221;{}&#8221;][et_pb_text _builder_version=&#8221;4.17.4&#8243; _module_preset=&#8221;default&#8221; text_font=&#8221;||||||||&#8221; text_font_size=&#8221;20px&#8221; text_line_height=&#8221;1.75em&#8221; header_font=&#8221;Lato|700||on|||||&#8221; header_2_font=&#8221;Lato|700|||||||&#8221; header_2_line_height=&#8221;1.8em&#8221; header_3_font=&#8221;Lato|700|||||||&#8221; header_3_line_height=&#8221;1.6em&#8221; custom_margin=&#8221;||12px|||&#8221; custom_padding=&#8221;||0px|||&#8221; inline_fonts=&#8221;Lato&#8221; global_colors_info=&#8221;{}&#8221;]<\/p>\n<h2>SESS\u00c3O DE CONHECIMENTO<\/h2>\n<p>[\/et_pb_text][et_pb_testimonial _builder_version=&#8221;4.17.4&#8243; _module_preset=&#8221;default&#8221; body_font_size=&#8221;20px&#8221; body_line_height=&#8221;1.75em&#8221; author_font=&#8221;|600|||||||&#8221; author_text_align=&#8221;left&#8221; author_line_height=&#8221;1em&#8221; custom_margin=&#8221;||||false|false&#8221; global_colors_info=&#8221;{}&#8221;]<\/p>\n<p><span>\u201cO que eu ofere\u00e7o \u00e9 mais do que palavras. Eu ofere\u00e7o o m\u00e9todo para aceder \u00e0 experi\u00eancia de paz e preenchimento. Eu chamo-lhe Conhecimento.\u201d<br \/><em>-Prem Rawat<\/em><\/span><span><\/span><\/p>\n<p>[\/et_pb_testimonial][et_pb_text _builder_version=&#8221;4.17.4&#8243; _module_preset=&#8221;default&#8221; text_font_size=&#8221;18px&#8221; text_line_height=&#8221;1.8em&#8221; custom_margin=&#8221;||24px||false|false&#8221; custom_padding=&#8221;||||false|false&#8221; global_colors_info=&#8221;{}&#8221;]<\/p>\n<p><span>Prem Rawat oferece uma maneira de descobrir paz dentro de si chamada Conhecimento.<\/span><\/p>\n<p><span>Quatro t\u00e9cnicas pr\u00e1ticas que permitem a uma pessoa voltar a sua aten\u00e7\u00e3o para dentro e experimentar a paz que l\u00e1 existe. A essas t\u00e9cnicas d\u00e1-se o nome de Conhecimento. <\/span><\/p>\n<p>Se viu todos os v\u00eddeos do PEAK, pode pedir para participar numa Sess\u00e3o de Conhecimento. Se quiser saber mais sobre o PEAK, clique abaixo. <\/p>\n<p>[\/et_pb_text][et_pb_toggle title=&#8221;Saiba mais sobre o PEAK&#8221; disabled_on=&#8221;on|on|on&#8221; _builder_version=&#8221;4.17.4&#8243; _module_preset=&#8221;default&#8221; title_font=&#8221;|600|||||||&#8221; body_font_size=&#8221;16px&#8221; custom_margin=&#8221;||||false|false&#8221; custom_padding=&#8221;||||false|false&#8221; disabled=&#8221;on&#8221; global_colors_info=&#8221;{}&#8221;]<span>PEAK \u00e9 um programa educacional para o ajudar a explorar o seu pr\u00f3prio potencial, a descobrir-se a si mesmo, a descobrir os seus pr\u00f3prios recursos e a descobrir a paz que est\u00e1 no seu cora\u00e7\u00e3o.<\/span><\/p>\n<p><span>O PEAK consiste em nove cap\u00edtulos que cobrem temas sob um novo \u00e2ngulo, para repensar, reconsiderar e redescobrir o que sempre soube. Felicidade, esperan\u00e7a e paz est\u00e3o sempre \u00e0 disposi\u00e7\u00e3o de cada ser humano. Est\u00e3o dentro de n\u00f3s onde quer que vamos. O que quer que fa\u00e7amos, levamos isso connosco.   <\/span><\/p>\n<p><span>Depois de concluir a s\u00e9rie, h\u00e1 um cap\u00edtulo adicional, a Sess\u00e3o de Conhecimento, na qual pode aprender t\u00e9cnicas pr\u00e1ticas para come\u00e7ar a conectar-se com a paz que reside no seu cora\u00e7\u00e3o. As t\u00e9cnicas do Conhecimento permitem que pegue na sua aten\u00e7\u00e3o virada para fora e a leve para dentro. A\u00ed, no seu cora\u00e7\u00e3o, pode sentir e entender quem realmente \u00e9. <\/span><\/p>\n<p><span><i>Dispon\u00edvel em ingl\u00eas, espanhol, franc\u00eas e italiano.<\/i><\/span><\/p>\n<p><span>Obtenha o PEAK atrav\u00e9s da aplica\u00e7\u00e3o TimelessToday para o apoiar no seu caminho para o autoconhecimento<\/span><\/p>\n<p><span><a href=\"https:\/\/play.google.com\/store\/apps\/details?id=com.app.timelesstoday\" target=\"blank\" rel=\"noopener\">Para Android<\/a><\/span><\/p>\n<p><span><a href=\"https:\/\/itunes.apple.com\/us\/app\/timelesstoday\/id1296216379?mt=8\" target=\"blank\" rel=\"noopener\">Para iPhone e iPad<\/a><\/span>[\/et_pb_toggle][et_pb_button button_url=&#8221;https:\/\/www.intelligentexistence.com\/peak-portuguese-br\/&#8221; button_text=&#8221;Saiba mais sobre o PEAK&#8221; button_alignment=&#8221;center&#8221; disabled_on=&#8221;off|off|off&#8221; _builder_version=&#8221;4.27.4&#8243; _module_preset=&#8221;default&#8221; custom_button=&#8221;on&#8221; button_text_size=&#8221;13px&#8221; button_text_color=&#8221;#FFFFFF&#8221; button_bg_color=&#8221;rgba(64,92,115,0.92)&#8221; button_border_width=&#8221;0px&#8221; button_border_radius=&#8221;6px&#8221; button_letter_spacing=&#8221;1px&#8221; button_font=&#8221;Lato|700||on|||||&#8221; button_use_icon=&#8221;off&#8221; custom_margin=&#8221;32px||||false|false&#8221; custom_padding=&#8221;10px|30px|10px|30px&#8221; hover_enabled=&#8221;0&#8243; button_letter_spacing_hover=&#8221;1px&#8221; button_bg_color_hover=&#8221;rgba(60,57,230,0.2)&#8221; locked=&#8221;off&#8221; global_colors_info=&#8221;{}&#8221; button_text_size__hover_enabled=&#8221;off&#8221; button_one_text_size__hover_enabled=&#8221;off&#8221; button_two_text_size__hover_enabled=&#8221;off&#8221; button_text_color__hover_enabled=&#8221;off&#8221; button_one_text_color__hover_enabled=&#8221;off&#8221; button_two_text_color__hover_enabled=&#8221;off&#8221; button_border_width__hover_enabled=&#8221;off&#8221; button_one_border_width__hover_enabled=&#8221;off&#8221; button_two_border_width__hover_enabled=&#8221;off&#8221; button_border_color__hover_enabled=&#8221;off&#8221; button_one_border_color__hover_enabled=&#8221;off&#8221; button_two_border_color__hover_enabled=&#8221;off&#8221; button_border_radius__hover_enabled=&#8221;off&#8221; button_one_border_radius__hover_enabled=&#8221;off&#8221; button_two_border_radius__hover_enabled=&#8221;off&#8221; button_letter_spacing__hover_enabled=&#8221;on&#8221; button_letter_spacing__hover=&#8221;1px&#8221; button_one_letter_spacing__hover_enabled=&#8221;off&#8221; button_two_letter_spacing__hover_enabled=&#8221;off&#8221; button_bg_color__hover_enabled=&#8221;on|hover&#8221; button_bg_color__hover=&#8221;rgba(44,99,165,0.92)&#8221; button_one_bg_color__hover_enabled=&#8221;off&#8221; button_two_bg_color__hover_enabled=&#8221;off&#8221; button_bg_enable_color__hover=&#8221;on&#8221; url_new_window=&#8221;on&#8221; sticky_enabled=&#8221;0&#8243;][\/et_pb_button][et_pb_button button_url=&#8221;@ET-DC@eyJkeW5hbWljIjp0cnVlLCJjb250ZW50IjoicG9zdF9saW5rX3VybF9wYWdlIiwic2V0dGluZ3MiOnsicG9zdF9pZCI6IjExMTUifX0=@&#8221; button_text=&#8221;PEDIR UMA SESS\u00c3O DE CONHECIMENTO&#8221; button_alignment=&#8221;left&#8221; disabled_on=&#8221;on|on|on&#8221; _builder_version=&#8221;4.17.4&#8243; _dynamic_attributes=&#8221;button_url&#8221; _module_preset=&#8221;default&#8221; custom_button=&#8221;on&#8221; button_text_size=&#8221;13px&#8221; button_text_color=&#8221;#FFFFFF&#8221; button_bg_color=&#8221;rgba(64,92,115,0.92)&#8221; button_border_width=&#8221;0px&#8221; button_border_radius=&#8221;6px&#8221; button_letter_spacing=&#8221;1px&#8221; button_font=&#8221;Lato|700||on|||||&#8221; button_use_icon=&#8221;off&#8221; custom_margin=&#8221;32px||||false|false&#8221; custom_padding=&#8221;10px|30px|10px|30px&#8221; button_letter_spacing_hover=&#8221;1px&#8221; button_bg_color_hover=&#8221;rgba(60,57,230,0.2)&#8221; disabled=&#8221;on&#8221; locked=&#8221;off&#8221; global_colors_info=&#8221;{}&#8221; button_text_size__hover_enabled=&#8221;off&#8221; button_one_text_size__hover_enabled=&#8221;off&#8221; button_two_text_size__hover_enabled=&#8221;off&#8221; button_text_color__hover_enabled=&#8221;off&#8221; button_one_text_color__hover_enabled=&#8221;off&#8221; button_two_text_color__hover_enabled=&#8221;off&#8221; button_border_width__hover_enabled=&#8221;off&#8221; button_one_border_width__hover_enabled=&#8221;off&#8221; button_two_border_width__hover_enabled=&#8221;off&#8221; button_border_color__hover_enabled=&#8221;off&#8221; button_one_border_color__hover_enabled=&#8221;off&#8221; button_two_border_color__hover_enabled=&#8221;off&#8221; button_border_radius__hover_enabled=&#8221;off&#8221; button_one_border_radius__hover_enabled=&#8221;off&#8221; button_two_border_radius__hover_enabled=&#8221;off&#8221; button_letter_spacing__hover_enabled=&#8221;on&#8221; button_letter_spacing__hover=&#8221;1px&#8221; button_one_letter_spacing__hover_enabled=&#8221;off&#8221; button_two_letter_spacing__hover_enabled=&#8221;off&#8221; button_bg_color__hover_enabled=&#8221;on|hover&#8221; button_bg_color__hover=&#8221;rgba(44,99,165,0.92)&#8221; button_one_bg_color__hover_enabled=&#8221;off&#8221; button_two_bg_color__hover_enabled=&#8221;off&#8221; button_bg_enable_color__hover=&#8221;on&#8221;][\/et_pb_button][\/et_pb_column][\/et_pb_row][\/et_pb_section][et_pb_section fb_built=&#8221;1&#8243; _builder_version=&#8221;4.25.1&#8243; _module_preset=&#8221;default&#8221; background_color=&#8221;#444444&#8243; custom_margin=&#8221;||||false|false&#8221; custom_padding=&#8221;5px||5px||false|false&#8221; global_colors_info=&#8221;{}&#8221;][et_pb_row _builder_version=&#8221;4.25.1&#8243; _module_preset=&#8221;default&#8221; custom_padding=&#8221;||4px||false|false&#8221; global_colors_info=&#8221;{}&#8221;][et_pb_column type=&#8221;4_4&#8243; _builder_version=&#8221;4.25.1&#8243; _module_preset=&#8221;default&#8221; global_colors_info=&#8221;{}&#8221;][et_pb_text _builder_version=&#8221;4.25.1&#8243; _module_preset=&#8221;default&#8221; text_text_color=&#8221;#cccccc&#8221; text_orientation=&#8221;center&#8221; global_colors_info=&#8221;{}&#8221;]\u00a92024 Prem Rawat. Todos os direitos reservados.<br \/>\nAo usar o nosso site, concorda com o uso de cookies e recolha de determinados dados.<br \/>\nPor favor, reveja a nossa <a href=\"https:\/\/ks-team.online\/privacy-policy-portugese\/\">pol\u00edtica de privacidade<\/a>.[\/et_pb_text][\/et_pb_column][\/et_pb_row][\/et_pb_section]<\/p>\n","protected":false},"excerpt":{"rendered":"<p>SESS\u00c3O DE CONHECIMENTO\u201cO que eu ofere\u00e7o \u00e9 mais do que palavras. Eu ofere\u00e7o o m\u00e9todo para aceder \u00e0 experi\u00eancia de paz e preenchimento. Eu chamo-lhe Conhecimento.\u201d-Prem RawatPrem Rawat oferece uma maneira de descobrir paz dentro de si chamada Conhecimento. Quatro t\u00e9cnicas pr\u00e1ticas que permitem a uma pessoa voltar a sua aten\u00e7\u00e3o para dentro e experimentar [&hellip;]<\/p>\n","protected":false},"author":3,"featured_media":0,"parent":0,"menu_order":0,"comment_status":"closed","ping_status":"closed","template":"","meta":{"_et_pb_use_builder":"on","_et_pb_old_content":"","_et_gb_content_width":"","footnotes":""},"class_list":["post-5946","page","type-page","status-publish","hentry"],"_links":{"self":[{"href":"https:\/\/ks-team.online\/pt-pt\/wp-json\/wp\/v2\/pages\/5946","targetHints":{"allow":["GET"]}}],"collection":[{"href":"https:\/\/ks-team.online\/pt-pt\/wp-json\/wp\/v2\/pages"}],"about":[{"href":"https:\/\/ks-team.online\/pt-pt\/wp-json\/wp\/v2\/types\/page"}],"author":[{"embeddable":true,"href":"https:\/\/ks-team.online\/pt-pt\/wp-json\/wp\/v2\/users\/3"}],"replies":[{"embeddable":true,"href":"https:\/\/ks-team.online\/pt-pt\/wp-json\/wp\/v2\/comments?post=5946"}],"version-history":[{"count":6,"href":"https:\/\/ks-team.online\/pt-pt\/wp-json\/wp\/v2\/pages\/5946\/revisions"}],"predecessor-version":[{"id":6346,"href":"https:\/\/ks-team.online\/pt-pt\/wp-json\/wp\/v2\/pages\/5946\/revisions\/6346"}],"wp:attachment":[{"href":"https:\/\/ks-team.online\/pt-pt\/wp-json\/wp\/v2\/media?parent=5946"}],"curies":[{"name":"wp","href":"https:\/\/api.w.org\/{rel}","templated":true}]}}