{"id":5949,"date":"2022-06-21T09:14:54","date_gmt":"2022-06-21T13:14:54","guid":{"rendered":"https:\/\/ks-team.online\/sobre-prem-rawat\/"},"modified":"2024-06-07T12:33:48","modified_gmt":"2024-06-07T16:33:48","slug":"sobre-prem-rawat","status":"publish","type":"page","link":"https:\/\/ks-team.online\/pt-pt\/sobre-prem-rawat\/","title":{"rendered":"SOBRE PREM RAWAT"},"content":{"rendered":"<p>[et_pb_section fb_built=&#8221;1&#8243; fullwidth=&#8221;on&#8221; _builder_version=&#8221;4.17.4&#8243; _module_preset=&#8221;default&#8221; global_colors_info=&#8221;{}&#8221;][et_pb_fullwidth_image src=&#8221;https:\/\/ks-team.online\/wp-content\/uploads\/2023\/01\/Auditorium-Inner-Header.jpg&#8221; title_text=&#8221;Auditorium Inner Header&#8221; _builder_version=&#8221;4.17.4&#8243; _module_preset=&#8221;default&#8221; global_colors_info=&#8221;{}&#8221;][\/et_pb_fullwidth_image][\/et_pb_section][et_pb_section fb_built=&#8221;1&#8243; _builder_version=&#8221;4.17.4&#8243; _module_preset=&#8221;default&#8221; global_colors_info=&#8221;{}&#8221;][et_pb_row _builder_version=&#8221;4.17.4&#8243; _module_preset=&#8221;default&#8221; custom_padding=&#8221;18px|||||&#8221; global_colors_info=&#8221;{}&#8221;][et_pb_column type=&#8221;4_4&#8243; _builder_version=&#8221;4.17.4&#8243; _module_preset=&#8221;default&#8221; global_colors_info=&#8221;{}&#8221;][et_pb_text _builder_version=&#8221;4.17.4&#8243; _module_preset=&#8221;default&#8221; text_font=&#8221;||||||||&#8221; text_font_size=&#8221;20px&#8221; text_line_height=&#8221;1.75em&#8221; header_font=&#8221;Lato|700||on|||||&#8221; header_2_font=&#8221;Lato|700|||||||&#8221; header_2_line_height=&#8221;1.8em&#8221; header_3_font=&#8221;Lato|700|||||||&#8221; header_3_line_height=&#8221;1.6em&#8221; custom_padding=&#8221;||3px|||&#8221; inline_fonts=&#8221;Lato&#8221; global_colors_info=&#8221;{}&#8221;]<\/p>\n<h2>Sobre Prem Rawat<\/h2>\n<p><span>H\u00e1 mais de cinquenta e cinco anos que Prem Rawat partilha a sua s\u00f3lida mensagem de paz com pessoas de todo o mundo \u2013 independentemente de nacionalidade, religi\u00e3o ou estilo de vida \u2013 uma mensagem de que a paz interior n\u00e3o \u00e9 apenas poss\u00edvel, mas um direito inato do ser humano. Com grande compromisso, sabedoria e intelig\u00eancia, j\u00e1 alcan\u00e7ou centenas de milh\u00f5es de pessoas em mais de 100 pa\u00edses. <\/span><\/p>\n<p>[\/et_pb_text][et_pb_button button_url=&#8221;https:\/\/www.premrawat.com\/explore\/about-prem-rawat&#8221; url_new_window=&#8221;on&#8221; button_text=&#8221;Saber mais&#8221; button_alignment=&#8221;left&#8221; _builder_version=&#8221;4.17.4&#8243; _module_preset=&#8221;default&#8221; custom_button=&#8221;on&#8221; button_text_size=&#8221;13px&#8221; button_text_color=&#8221;#FFFFFF&#8221; button_bg_color=&#8221;rgba(64,92,115,0.92)&#8221; button_border_width=&#8221;0px&#8221; button_border_radius=&#8221;6px&#8221; button_letter_spacing=&#8221;1px&#8221; button_font=&#8221;Lato|700||on|||||&#8221; button_use_icon=&#8221;off&#8221; custom_margin=&#8221;18px||||false|false&#8221; custom_padding=&#8221;10px|30px|10px|30px&#8221; button_letter_spacing_hover=&#8221;1px&#8221; button_bg_color_hover=&#8221;rgba(60,57,230,0.2)&#8221; locked=&#8221;off&#8221; global_colors_info=&#8221;{}&#8221; button_text_size__hover_enabled=&#8221;off&#8221; button_one_text_size__hover_enabled=&#8221;off&#8221; button_two_text_size__hover_enabled=&#8221;off&#8221; button_text_color__hover_enabled=&#8221;off&#8221; button_one_text_color__hover_enabled=&#8221;off&#8221; button_two_text_color__hover_enabled=&#8221;off&#8221; button_border_width__hover_enabled=&#8221;off&#8221; button_one_border_width__hover_enabled=&#8221;off&#8221; button_two_border_width__hover_enabled=&#8221;off&#8221; button_border_color__hover_enabled=&#8221;off&#8221; button_one_border_color__hover_enabled=&#8221;off&#8221; button_two_border_color__hover_enabled=&#8221;off&#8221; button_border_radius__hover_enabled=&#8221;off&#8221; button_one_border_radius__hover_enabled=&#8221;off&#8221; button_two_border_radius__hover_enabled=&#8221;off&#8221; button_letter_spacing__hover_enabled=&#8221;on&#8221; button_letter_spacing__hover=&#8221;1px&#8221; button_one_letter_spacing__hover_enabled=&#8221;off&#8221; button_two_letter_spacing__hover_enabled=&#8221;off&#8221; button_bg_color__hover_enabled=&#8221;on|hover&#8221; button_bg_color__hover=&#8221;rgba(44,99,165,0.92)&#8221; button_one_bg_color__hover_enabled=&#8221;off&#8221; button_two_bg_color__hover_enabled=&#8221;off&#8221; button_bg_enable_color__hover=&#8221;on&#8221;][\/et_pb_button][\/et_pb_column][\/et_pb_row][\/et_pb_section][et_pb_section fb_built=&#8221;1&#8243; _builder_version=&#8221;4.25.1&#8243; _module_preset=&#8221;default&#8221; background_color=&#8221;#444444&#8243; custom_margin=&#8221;||||false|false&#8221; custom_padding=&#8221;5px||5px||false|false&#8221; global_colors_info=&#8221;{}&#8221;][et_pb_row _builder_version=&#8221;4.25.1&#8243; _module_preset=&#8221;default&#8221; custom_padding=&#8221;||4px||false|false&#8221; global_colors_info=&#8221;{}&#8221;][et_pb_column type=&#8221;4_4&#8243; _builder_version=&#8221;4.25.1&#8243; _module_preset=&#8221;default&#8221; global_colors_info=&#8221;{}&#8221;][et_pb_text _builder_version=&#8221;4.25.1&#8243; _module_preset=&#8221;default&#8221; text_text_color=&#8221;#cccccc&#8221; text_orientation=&#8221;center&#8221; hover_enabled=&#8221;0&#8243; global_colors_info=&#8221;{}&#8221; sticky_enabled=&#8221;0&#8243;]\u00a92024 Prem Rawat. Todos os direitos reservados.<br \/>\nAo usar o nosso site, concorda com o uso de cookies e recolha de determinados dados.<br \/>\nPor favor, reveja a nossa <a href=\"https:\/\/ks-team.online\/privacy-policy-portugese\/\">pol\u00edtica de privacidade<\/a>.[\/et_pb_text][\/et_pb_column][\/et_pb_row][\/et_pb_section]<\/p>\n","protected":false},"excerpt":{"rendered":"<p>Sobre Prem Rawat H\u00e1 mais de cinquenta e cinco anos que Prem Rawat partilha a sua s\u00f3lida mensagem de paz com pessoas de todo o mundo \u2013 independentemente de nacionalidade, religi\u00e3o ou estilo de vida \u2013 uma mensagem de que a paz interior n\u00e3o \u00e9 apenas poss\u00edvel, mas um direito inato do ser humano. Com [&hellip;]<\/p>\n","protected":false},"author":3,"featured_media":0,"parent":0,"menu_order":0,"comment_status":"closed","ping_status":"closed","template":"","meta":{"_et_pb_use_builder":"on","_et_pb_old_content":"","_et_gb_content_width":"","footnotes":""},"class_list":["post-5949","page","type-page","status-publish","hentry"],"_links":{"self":[{"href":"https:\/\/ks-team.online\/pt-pt\/wp-json\/wp\/v2\/pages\/5949","targetHints":{"allow":["GET"]}}],"collection":[{"href":"https:\/\/ks-team.online\/pt-pt\/wp-json\/wp\/v2\/pages"}],"about":[{"href":"https:\/\/ks-team.online\/pt-pt\/wp-json\/wp\/v2\/types\/page"}],"author":[{"embeddable":true,"href":"https:\/\/ks-team.online\/pt-pt\/wp-json\/wp\/v2\/users\/3"}],"replies":[{"embeddable":true,"href":"https:\/\/ks-team.online\/pt-pt\/wp-json\/wp\/v2\/comments?post=5949"}],"version-history":[{"count":4,"href":"https:\/\/ks-team.online\/pt-pt\/wp-json\/wp\/v2\/pages\/5949\/revisions"}],"predecessor-version":[{"id":6297,"href":"https:\/\/ks-team.online\/pt-pt\/wp-json\/wp\/v2\/pages\/5949\/revisions\/6297"}],"wp:attachment":[{"href":"https:\/\/ks-team.online\/pt-pt\/wp-json\/wp\/v2\/media?parent=5949"}],"curies":[{"name":"wp","href":"https:\/\/api.w.org\/{rel}","templated":true}]}}