{"id":5952,"date":"2022-06-21T09:16:50","date_gmt":"2022-06-21T13:16:50","guid":{"rendered":"https:\/\/ks-team.online\/sobre-a-equipa-das-sc\/"},"modified":"2024-06-07T12:34:25","modified_gmt":"2024-06-07T16:34:25","slug":"sobre-a-equipa-das-sc","status":"publish","type":"page","link":"https:\/\/ks-team.online\/pt-pt\/sobre-a-equipa-das-sc\/","title":{"rendered":"SOBRE A EQUIPA das SC"},"content":{"rendered":"<p>[et_pb_section fb_built=&#8221;1&#8243; fullwidth=&#8221;on&#8221; _builder_version=&#8221;4.17.4&#8243; _module_preset=&#8221;default&#8221; global_colors_info=&#8221;{}&#8221;][et_pb_fullwidth_slider _builder_version=&#8221;4.17.4&#8243; _module_preset=&#8221;default&#8221; animation_style=&#8221;fade&#8221; auto=&#8221;on&#8221; global_colors_info=&#8221;{}&#8221;][et_pb_slide _builder_version=&#8221;4.17.4&#8243; _module_preset=&#8221;default&#8221; background_image=&#8221;https:\/\/ks-team.online\/wp-content\/uploads\/2023\/01\/Indonesia-Team-Inner-Page-Header-6.jpg&#8221; background_enable_image=&#8221;on&#8221; global_colors_info=&#8221;{}&#8221; sticky_transition=&#8221;on&#8221;][\/et_pb_slide][et_pb_slide _builder_version=&#8221;4.17.4&#8243; _module_preset=&#8221;default&#8221; background_image=&#8221;https:\/\/ks-team.online\/wp-content\/uploads\/2023\/01\/Miami-Team-Inner-Page-Header-1.jpg&#8221; background_enable_image=&#8221;on&#8221; global_colors_info=&#8221;{}&#8221; sticky_transition=&#8221;on&#8221;][\/et_pb_slide][et_pb_slide _builder_version=&#8221;4.17.4&#8243; _module_preset=&#8221;default&#8221; background_image=&#8221;https:\/\/ks-team.online\/wp-content\/uploads\/2023\/01\/Indo-Early-Inner-Page-Header.jpg&#8221; background_enable_image=&#8221;on&#8221; global_colors_info=&#8221;{}&#8221; sticky_transition=&#8221;on&#8221;][\/et_pb_slide][\/et_pb_fullwidth_slider][\/et_pb_section][et_pb_section fb_built=&#8221;1&#8243; _builder_version=&#8221;4.17.4&#8243; _module_preset=&#8221;default&#8221; custom_padding=&#8221;34px|||||&#8221; global_colors_info=&#8221;{}&#8221;][et_pb_row _builder_version=&#8221;4.17.4&#8243; _module_preset=&#8221;default&#8221; custom_padding=&#8221;18px|||||&#8221; global_colors_info=&#8221;{}&#8221;][et_pb_column type=&#8221;4_4&#8243; _builder_version=&#8221;4.17.4&#8243; _module_preset=&#8221;default&#8221; global_colors_info=&#8221;{}&#8221;][et_pb_text _builder_version=&#8221;4.17.4&#8243; _module_preset=&#8221;default&#8221; text_font=&#8221;||||||||&#8221; text_font_size=&#8221;20px&#8221; text_line_height=&#8221;1.75em&#8221; header_font=&#8221;Lato|700||on|||||&#8221; header_2_font=&#8221;Lato|700|||||||&#8221; header_2_line_height=&#8221;1.8em&#8221; header_3_font=&#8221;Lato|700|||||||&#8221; header_3_line_height=&#8221;1.6em&#8221; custom_padding=&#8221;||18px|||&#8221; inline_fonts=&#8221;Lato&#8221; global_colors_info=&#8221;{}&#8221;]<\/p>\n<h2>SOBRE A EQUIPA das SC<\/h2>\n<p style=\"font-weight: 400;\">A Equipa das SC \u00e9 uma equipa global que oferece apoio a pessoas interessadas em aprender ou rever as t\u00e9cnicas do Conhecimento de Prem Rawat.<\/p>\n<p style=\"font-weight: 400;\">Os membros da equipa, atualmente distribu\u00eddos por 45 pa\u00edses no mundo inteiro, trabalham juntos com um \u00fanico foco e padr\u00f5es e objetivos partilhados.<span>  <\/span>As equipas coordenadoras regionais organizam eventos presenciais onde uma pessoa pode aprender as t\u00e9cnicas do Conhecimento ou participar numa Revis\u00e3o de Conhecimento. Um Facilitador de Sess\u00e3o de Conhecimento no local garante a apresenta\u00e7\u00e3o suave do programa multim\u00e9dia desenvolvido por Prem Rawat e um ambiente prop\u00edcio para aprender e praticar as t\u00e9cnicas do Conhecimento de Prem. <\/p>\n<p style=\"font-weight: 400;\">Motivada por uma vis\u00e3o de excel\u00eancia, a equipa cultiva o respeito e a dignidade e o compromisso com um servi\u00e7o excepcional. Cada Facilitador de Sess\u00e3o de Conhecimento foi treinado e certificado para auxiliar em Sess\u00f5es de Conhecimento e Revis\u00f5es de Conhecimento e participa em treinos de recertifica\u00e7\u00e3o realizados a cada seis meses. O treino em trabalho de equipa melhora a capacidade da equipa colaborar, comunicar e criar estrat\u00e9gias de forma eficaz.  <\/p>\n<p style=\"font-weight: 400;\">Cada membro da equipa das SC disponibiliza voluntariamente o seu tempo para apoiar outras pessoas que desejam aprender e praticar o Conhecimento, motivado <span>pela gratid\u00e3o de ter recebido ele pr\u00f3prio o presente.<\/span><\/p>\n<p>[\/et_pb_text][\/et_pb_column][\/et_pb_row][\/et_pb_section][et_pb_section fb_built=&#8221;1&#8243; _builder_version=&#8221;4.25.1&#8243; _module_preset=&#8221;default&#8221; background_color=&#8221;#444444&#8243; custom_margin=&#8221;||||false|false&#8221; custom_padding=&#8221;5px||5px||false|false&#8221; global_colors_info=&#8221;{}&#8221;][et_pb_row _builder_version=&#8221;4.25.1&#8243; _module_preset=&#8221;default&#8221; custom_padding=&#8221;||4px||false|false&#8221; global_colors_info=&#8221;{}&#8221;][et_pb_column type=&#8221;4_4&#8243; _builder_version=&#8221;4.25.1&#8243; _module_preset=&#8221;default&#8221; global_colors_info=&#8221;{}&#8221;][et_pb_text _builder_version=&#8221;4.25.1&#8243; _module_preset=&#8221;default&#8221; text_text_color=&#8221;#cccccc&#8221; text_orientation=&#8221;center&#8221; hover_enabled=&#8221;0&#8243; global_colors_info=&#8221;{}&#8221; sticky_enabled=&#8221;0&#8243;]\u00a92024 Prem Rawat. Todos os direitos reservados.<br \/>\nAo usar o nosso site, concorda com o uso de cookies e recolha de determinados dados.<br \/>\nPor favor, reveja a nossa <a href=\"https:\/\/ks-team.online\/privacy-policy-portugese\/\">pol\u00edtica de privacidade<\/a>.[\/et_pb_text][\/et_pb_column][\/et_pb_row][\/et_pb_section]<\/p>\n","protected":false},"excerpt":{"rendered":"<p>SOBRE A EQUIPA das SC A Equipa das SC \u00e9 uma equipa global que oferece apoio a pessoas interessadas em aprender ou rever as t\u00e9cnicas do Conhecimento de Prem Rawat. Os membros da equipa, atualmente distribu\u00eddos por 45 pa\u00edses no mundo inteiro, trabalham juntos com um \u00fanico foco e padr\u00f5es e objetivos partilhados. As equipas [&hellip;]<\/p>\n","protected":false},"author":3,"featured_media":0,"parent":0,"menu_order":0,"comment_status":"closed","ping_status":"closed","template":"","meta":{"_et_pb_use_builder":"on","_et_pb_old_content":"","_et_gb_content_width":"","footnotes":""},"class_list":["post-5952","page","type-page","status-publish","hentry"],"_links":{"self":[{"href":"https:\/\/ks-team.online\/pt-pt\/wp-json\/wp\/v2\/pages\/5952","targetHints":{"allow":["GET"]}}],"collection":[{"href":"https:\/\/ks-team.online\/pt-pt\/wp-json\/wp\/v2\/pages"}],"about":[{"href":"https:\/\/ks-team.online\/pt-pt\/wp-json\/wp\/v2\/types\/page"}],"author":[{"embeddable":true,"href":"https:\/\/ks-team.online\/pt-pt\/wp-json\/wp\/v2\/users\/3"}],"replies":[{"embeddable":true,"href":"https:\/\/ks-team.online\/pt-pt\/wp-json\/wp\/v2\/comments?post=5952"}],"version-history":[{"count":4,"href":"https:\/\/ks-team.online\/pt-pt\/wp-json\/wp\/v2\/pages\/5952\/revisions"}],"predecessor-version":[{"id":6298,"href":"https:\/\/ks-team.online\/pt-pt\/wp-json\/wp\/v2\/pages\/5952\/revisions\/6298"}],"wp:attachment":[{"href":"https:\/\/ks-team.online\/pt-pt\/wp-json\/wp\/v2\/media?parent=5952"}],"curies":[{"name":"wp","href":"https:\/\/api.w.org\/{rel}","templated":true}]}}